{"id":2009,"date":"2019-06-02T18:59:08","date_gmt":"2019-06-02T18:59:08","guid":{"rendered":"https:\/\/zesauro.weeboodesign.com\/politica-de-privacidade\/"},"modified":"2019-06-18T19:19:35","modified_gmt":"2019-06-18T19:19:35","slug":"politica-de-privacidade","status":"publish","type":"page","link":"https:\/\/zesauro.com\/pt-pt\/politica-de-privacidade\/","title":{"rendered":"Pol\u00edtica de privacidade"},"content":{"rendered":"\t\t<div data-elementor-type=\"wp-post\" data-elementor-id=\"2009\" class=\"elementor elementor-2009 elementor-482\" data-elementor-post-type=\"page\">\n\t\t\t\t\t\t<section class=\"elementor-section elementor-top-section elementor-element elementor-element-17c43a66 elementor-section-boxed elementor-section-height-default elementor-section-height-default\" data-id=\"17c43a66\" data-element_type=\"section\" data-e-type=\"section\" id=\"home\" data-settings=\"{&quot;background_background&quot;:&quot;classic&quot;}\">\n\t\t\t\t\t\t\t<div class=\"elementor-background-overlay\"><\/div>\n\t\t\t\t\t\t\t<div class=\"elementor-container elementor-column-gap-default\">\n\t\t\t\t\t<div class=\"elementor-column elementor-col-100 elementor-top-column elementor-element elementor-element-a244143\" data-id=\"a244143\" data-element_type=\"column\" data-e-type=\"column\" data-settings=\"{&quot;background_background&quot;:&quot;classic&quot;}\">\n\t\t\t<div class=\"elementor-widget-wrap elementor-element-populated\">\n\t\t\t\t\t\t<div class=\"elementor-element elementor-element-6abdfae8 elementor-widget elementor-widget-image\" data-id=\"6abdfae8\" data-element_type=\"widget\" data-e-type=\"widget\" data-widget_type=\"image.default\">\n\t\t\t\t<div class=\"elementor-widget-container\">\n\t\t\t\t\t\t\t\t\t\t\t\t\t\t\t<img decoding=\"async\" width=\"150\" height=\"150\" src=\"https:\/\/zesauro.com\/wp-content\/uploads\/2018\/11\/Zesauro_icono_200x200-150x150.png\" class=\"attachment-thumbnail size-thumbnail wp-image-1079\" alt=\"\" srcset=\"https:\/\/zesauro.com\/wp-content\/uploads\/2018\/11\/Zesauro_icono_200x200-150x150.png 150w, https:\/\/zesauro.com\/wp-content\/uploads\/2018\/11\/Zesauro_icono_200x200.png 200w\" sizes=\"(max-width: 150px) 100vw, 150px\" \/>\t\t\t\t\t\t\t\t\t\t\t\t\t\t\t<\/div>\n\t\t\t\t<\/div>\n\t\t\t\t<div class=\"elementor-element elementor-element-19b54c89 elementor-widget elementor-widget-heading\" data-id=\"19b54c89\" data-element_type=\"widget\" data-e-type=\"widget\" data-widget_type=\"heading.default\">\n\t\t\t\t<div class=\"elementor-widget-container\">\n\t\t\t\t\t<h1 class=\"elementor-heading-title elementor-size-default\">Pol\u00edtica de privacidade<\/h1>\t\t\t\t<\/div>\n\t\t\t\t<\/div>\n\t\t\t\t<section class=\"elementor-section elementor-inner-section elementor-element elementor-element-94fe9e2 elementor-section-boxed elementor-section-height-default elementor-section-height-default\" data-id=\"94fe9e2\" data-element_type=\"section\" data-e-type=\"section\">\n\t\t\t\t\t\t<div class=\"elementor-container elementor-column-gap-default\">\n\t\t\t\t\t<div class=\"elementor-column elementor-col-33 elementor-inner-column elementor-element elementor-element-3ee700f3\" data-id=\"3ee700f3\" data-element_type=\"column\" data-e-type=\"column\">\n\t\t\t<div class=\"elementor-widget-wrap\">\n\t\t\t\t\t\t\t<\/div>\n\t\t<\/div>\n\t\t\t\t<div class=\"elementor-column elementor-col-33 elementor-inner-column elementor-element elementor-element-45b11a46\" data-id=\"45b11a46\" data-element_type=\"column\" data-e-type=\"column\">\n\t\t\t<div class=\"elementor-widget-wrap elementor-element-populated\">\n\t\t\t\t\t\t<div class=\"elementor-element elementor-element-200c0bd0 elementor-widget elementor-widget-text-editor\" data-id=\"200c0bd0\" data-element_type=\"widget\" data-e-type=\"widget\" data-widget_type=\"text-editor.default\">\n\t\t\t\t<div class=\"elementor-widget-container\">\n\t\t\t\t\t\t\t\t\t<p>A privacidade \u00e9 a pedra angular do nosso trabalho e, por isso, queremos que voc\u00ea saiba exatamente como recolhemos e usamos os dados pessoais que nos proporciona.<\/p>\n<p>Lembre-se de que, ao contratar os nossos servi\u00e7os ou enviar o seu CV, est\u00e1 a aceitar esta Pol\u00edtica de Privacidade, que, portanto, deve ler atentamente para se manter informado.<\/p>\n<p>&nbsp;<\/p>\n<p><strong>Quem est\u00e1 por detr\u00e1s deste <em>site<\/em> e \u00e9 respons\u00e1vel pelos dados recolhidos no mesmo?<\/strong><\/p>\n<p>A Zesauro Traducciones, S.L. \u00e9 uma empresa de servi\u00e7os lingu\u00edsticos centrada na atividade de tradu\u00e7\u00e3o e interpreta\u00e7\u00e3o, titular do n\u00famero de pessoa coletiva espanhol (CIF) B-83230870 e sediada para este efeito na rua Orense, 25 &#8211; 7.\u00ba A 28020 de Madrid, Espanha.<\/p>\n<p>A Zesauro Traducciones \u00e9 a titular do <em>site<\/em> www.zesauro.com (doravante, o \u201c<em>site<\/em>\u201d), intervindo tamb\u00e9m como respons\u00e1vel pelo tratamento dos dados recolhidos atrav\u00e9s do mesmo. A empresa levou a cabo as a\u00e7\u00f5es necess\u00e1rias para cumprir as diretrizes da legisla\u00e7\u00e3o em vigor em mat\u00e9ria de prote\u00e7\u00e3o de dados pessoais, o Regulamento (UE) 2016\/679 de 27 de abril de 2016 (RGPD), relativo \u00e0 prote\u00e7\u00e3o das pessoas singulares no que diz respeito ao tratamento de dados pessoais e \u00e0 livre circula\u00e7\u00e3o desses dados.<\/p>\n<p>&nbsp;<\/p>\n<p><strong>Para que utilizamos os seus dados pessoais?<\/strong><\/p>\n<p>Na Zesauro Traducciones n\u00e3o comunicamos os dados a terceiros nem fazemos transfer\u00eancias internacionais de dados com fins comerciais, mas incorporarmos os dados pessoais que nos proporcionar nos nossos sistemas de informa\u00e7\u00e3o com as seguintes finalidades:<\/p>\n<ol>\n<li>Em <strong>processos de sele\u00e7\u00e3o de pessoal:<\/strong> gerimos o seu CV para analisar o perfil com vista a iniciar ou manter uma rela\u00e7\u00e3o comercial, com base no consentimento dado atrav\u00e9s do envio do mesmo. Contudo, voc\u00ea tem o direito de se opor a este tratamento em qualquer momento e atrav\u00e9s de qualquer dos meios descritos nesta Pol\u00edtica. Os seus dados permanecer\u00e3o na nossa base de forma indeterminada ou at\u00e9 que eventualmente nos manifeste a sua vontade de que os eliminemos.<\/li>\n<li>Nas <strong>rela\u00e7\u00f5es comerciais com clientes:<\/strong> utilizaremos estes dados para responder ao seu pedido de informa\u00e7\u00e3o ou de or\u00e7amento, bem como para lhe oferecermos os nossos servi\u00e7os de um modo mais personalizado, com base no consentimento dado atrav\u00e9s do seu pedido de informa\u00e7\u00e3o ou de or\u00e7amento. Os seus dados permanecer\u00e3o na nossa base de forma indeterminada ou at\u00e9 que eventualmente nos manifeste a sua vontade de que os eliminemos.<\/li>\n<li>Em caso de <strong>coment\u00e1rios no blogue<\/strong>: usaremos os seus dados para a publica\u00e7\u00e3o dos coment\u00e1rios nesta sec\u00e7\u00e3o.<\/li>\n<\/ol>\n<p>Ainda assim, determinados prestadores externos podem ter acesso aos seus dados pessoais, estritamente no necess\u00e1rio para obter os servi\u00e7os que nos permitem manter o <em>site<\/em> e os nossos procedimentos de trabalho internos. Todos os prestadores que intervenham em qualquer fase do tratamento estar\u00e3o tamb\u00e9m obrigados a manter o sigilo profissional e a adotar os n\u00edveis de prote\u00e7\u00e3o necess\u00e1rios para garantir a seguran\u00e7a dos dados pessoais.<\/p>\n<p><strong>Pol\u00edtica de <em>Cookies<\/em>:<\/strong> deve ler a nossa Pol\u00edtica de <em>Cookies<\/em> para obter mais informa\u00e7\u00e3o sobre os <em>cookies<\/em> usados no <em>site<\/em>. Lembre-se de que as pol\u00edticas de privacidade das empresas que prestam a intera\u00e7\u00e3o com outras aplica\u00e7\u00f5es e redes sociais no <em>site <\/em>regulam este servi\u00e7o.<\/p>\n<p>&nbsp;<\/p>\n<p><strong>Que direitos tem relativamente aos seus dados pessoais?<\/strong><\/p>\n<p>A Zesauro Traducciones garante o exerc\u00edcio pleno dos direitos de acesso, retifica\u00e7\u00e3o, apagamento, informa\u00e7\u00e3o e oposi\u00e7\u00e3o, limita\u00e7\u00e3o e portabilidade, nos termos previstos na legisla\u00e7\u00e3o em vigor. Por isso, poder\u00e1 exercer estes direitos enviando um pedido expresso mediante correio eletr\u00f3nico a zesauro@zesauro.com, indicando no assunto: Direitos de Prote\u00e7\u00e3o de Dados, e anexando uma fotoc\u00f3pia do seu cart\u00e3o de cidad\u00e3o ou passaporte.<\/p>\n<p>Para mais informa\u00e7\u00e3o, pode consultar o <em>site<\/em> de www.agpd.es.<\/p>\n<p>Se considerar que os seus direitos n\u00e3o foram respeitados, pode apresentar uma reclama\u00e7\u00e3o e contactar por escrito a Ag\u00eancia Espanhola de Prote\u00e7\u00e3o de Dados (calle Jorge Juan, 6 &#8211; 28001 &#8211; Madrid) ou utilizar a sede eletr\u00f3nica: <a href=\"https:\/\/sedeagpd.gob.es\/\">https:\/\/sedeagpd.gob.es<\/a>. Em ambos os casos, deve anexar a documenta\u00e7\u00e3o pertinente.<\/p>\n<p>A Zesauro Traducciones reserva-se o direito de modificar a presente pol\u00edtica de modo a adapt\u00e1-la a novidades legislativas ou jurisprudenciais.<\/p>\n<p>Se houver alguma coisa que n\u00e3o compreenda, pode escrever para zesauro@zesauro.com e iremos ajud\u00e1-lo no que seja poss\u00edvel.<\/p>\n\t\t\t\t\t\t\t\t<\/div>\n\t\t\t\t<\/div>\n\t\t\t\t\t<\/div>\n\t\t<\/div>\n\t\t\t\t<div class=\"elementor-column elementor-col-33 elementor-inner-column elementor-element elementor-element-285d4c4e\" data-id=\"285d4c4e\" data-element_type=\"column\" data-e-type=\"column\">\n\t\t\t<div class=\"elementor-widget-wrap\">\n\t\t\t\t\t\t\t<\/div>\n\t\t<\/div>\n\t\t\t\t\t<\/div>\n\t\t<\/section>\n\t\t\t\t\t<\/div>\n\t\t<\/div>\n\t\t\t\t\t<\/div>\n\t\t<\/section>\n\t\t\t\t<\/div>\n\t\t","protected":false},"excerpt":{"rendered":"<p>Pol\u00edtica de privacidade A privacidade \u00e9 a pedra angular do nosso trabalho e, por isso, queremos que voc\u00ea saiba exatamente como recolhemos e [&hellip;]<\/p>\n","protected":false},"author":8,"featured_media":0,"parent":0,"menu_order":0,"comment_status":"closed","ping_status":"closed","template":"","meta":{"_exactmetrics_skip_tracking":false,"_exactmetrics_sitenote_active":false,"_exactmetrics_sitenote_note":"","_exactmetrics_sitenote_category":0,"site-sidebar-layout":"no-sidebar","site-content-layout":"page-builder","ast-site-content-layout":"default","site-content-style":"default","site-sidebar-style":"default","ast-global-header-display":"","ast-banner-title-visibility":"","ast-main-header-display":"","ast-hfb-above-header-display":"","ast-hfb-below-header-display":"","ast-hfb-mobile-header-display":"","site-post-title":"disabled","ast-breadcrumbs-content":"","ast-featured-img":"disabled","footer-sml-layout":"","ast-disable-related-posts":"","theme-transparent-header-meta":"","adv-header-id-meta":"","stick-header-meta":"","header-above-stick-meta":"","header-main-stick-meta":"","header-below-stick-meta":"","astra-migrate-meta-layouts":"default","ast-page-background-enabled":"default","ast-page-background-meta":{"desktop":{"background-color":"","background-image":"","background-repeat":"repeat","background-position":"center center","background-size":"auto","background-attachment":"scroll","background-type":"","background-media":"","overlay-type":"","overlay-color":"","overlay-opacity":"","overlay-gradient":""},"tablet":{"background-color":"","background-image":"","background-repeat":"repeat","background-position":"center center","background-size":"auto","background-attachment":"scroll","background-type":"","background-media":"","overlay-type":"","overlay-color":"","overlay-opacity":"","overlay-gradient":""},"mobile":{"background-color":"","background-image":"","background-repeat":"repeat","background-position":"center center","background-size":"auto","background-attachment":"scroll","background-type":"","background-media":"","overlay-type":"","overlay-color":"","overlay-opacity":"","overlay-gradient":""}},"ast-content-background-meta":{"desktop":{"background-color":"var(--ast-global-color-5)","background-image":"","background-repeat":"repeat","background-position":"center center","background-size":"auto","background-attachment":"scroll","background-type":"","background-media":"","overlay-type":"","overlay-color":"","overlay-opacity":"","overlay-gradient":""},"tablet":{"background-color":"var(--ast-global-color-5)","background-image":"","background-repeat":"repeat","background-position":"center center","background-size":"auto","background-attachment":"scroll","background-type":"","background-media":"","overlay-type":"","overlay-color":"","overlay-opacity":"","overlay-gradient":""},"mobile":{"background-color":"var(--ast-global-color-5)","background-image":"","background-repeat":"repeat","background-position":"center center","background-size":"auto","background-attachment":"scroll","background-type":"","background-media":"","overlay-type":"","overlay-color":"","overlay-opacity":"","overlay-gradient":""}},"footnotes":""},"class_list":["post-2009","page","type-page","status-publish","hentry"],"yoast_head":"<!-- This site is optimized with the Yoast SEO plugin v27.5 - https:\/\/yoast.com\/product\/yoast-seo-wordpress\/ -->\n<title>Pol\u00edtica de privacidade - Zesauro Traducciones<\/title>\n<meta name=\"robots\" content=\"index, follow, max-snippet:-1, max-image-preview:large, max-video-preview:-1\" \/>\n<link rel=\"canonical\" href=\"https:\/\/zesauro.com\/pt-pt\/politica-de-privacidade\/\" \/>\n<meta property=\"og:locale\" content=\"pt_PT\" \/>\n<meta property=\"og:type\" content=\"article\" \/>\n<meta property=\"og:title\" content=\"Pol\u00edtica de privacidade - Zesauro Traducciones\" \/>\n<meta property=\"og:description\" content=\"Pol\u00edtica de privacidade A privacidade \u00e9 a pedra angular do nosso trabalho e, por isso, queremos que voc\u00ea saiba exatamente como recolhemos e [&hellip;]\" \/>\n<meta property=\"og:url\" content=\"https:\/\/zesauro.com\/pt-pt\/politica-de-privacidade\/\" \/>\n<meta property=\"og:site_name\" content=\"Zesauro Traducciones\" \/>\n<meta property=\"article:modified_time\" content=\"2019-06-18T19:19:35+00:00\" \/>\n<meta property=\"og:image\" content=\"https:\/\/zesauro.weeboodesign.com\/wp-content\/uploads\/2018\/11\/Zesauro_icono_200x200-150x150.png\" \/>\n<meta name=\"twitter:card\" content=\"summary_large_image\" \/>\n<meta name=\"twitter:label1\" content=\"Tempo estimado de leitura\" \/>\n\t<meta name=\"twitter:data1\" content=\"4 minutos\" \/>\n<script type=\"application\/ld+json\" class=\"yoast-schema-graph\">{\"@context\":\"https:\\\/\\\/schema.org\",\"@graph\":[{\"@type\":\"WebPage\",\"@id\":\"https:\\\/\\\/zesauro.com\\\/pt-pt\\\/politica-de-privacidade\\\/\",\"url\":\"https:\\\/\\\/zesauro.com\\\/pt-pt\\\/politica-de-privacidade\\\/\",\"name\":\"Pol\u00edtica de privacidade - Zesauro Traducciones\",\"isPartOf\":{\"@id\":\"https:\\\/\\\/zesauro.com\\\/pt-pt\\\/#website\"},\"primaryImageOfPage\":{\"@id\":\"https:\\\/\\\/zesauro.com\\\/pt-pt\\\/politica-de-privacidade\\\/#primaryimage\"},\"image\":{\"@id\":\"https:\\\/\\\/zesauro.com\\\/pt-pt\\\/politica-de-privacidade\\\/#primaryimage\"},\"thumbnailUrl\":\"https:\\\/\\\/zesauro.weeboodesign.com\\\/wp-content\\\/uploads\\\/2018\\\/11\\\/Zesauro_icono_200x200-150x150.png\",\"datePublished\":\"2019-06-02T18:59:08+00:00\",\"dateModified\":\"2019-06-18T19:19:35+00:00\",\"breadcrumb\":{\"@id\":\"https:\\\/\\\/zesauro.com\\\/pt-pt\\\/politica-de-privacidade\\\/#breadcrumb\"},\"inLanguage\":\"pt-PT\",\"potentialAction\":[{\"@type\":\"ReadAction\",\"target\":[\"https:\\\/\\\/zesauro.com\\\/pt-pt\\\/politica-de-privacidade\\\/\"]}]},{\"@type\":\"ImageObject\",\"inLanguage\":\"pt-PT\",\"@id\":\"https:\\\/\\\/zesauro.com\\\/pt-pt\\\/politica-de-privacidade\\\/#primaryimage\",\"url\":\"https:\\\/\\\/zesauro.weeboodesign.com\\\/wp-content\\\/uploads\\\/2018\\\/11\\\/Zesauro_icono_200x200-150x150.png\",\"contentUrl\":\"https:\\\/\\\/zesauro.weeboodesign.com\\\/wp-content\\\/uploads\\\/2018\\\/11\\\/Zesauro_icono_200x200-150x150.png\"},{\"@type\":\"BreadcrumbList\",\"@id\":\"https:\\\/\\\/zesauro.com\\\/pt-pt\\\/politica-de-privacidade\\\/#breadcrumb\",\"itemListElement\":[{\"@type\":\"ListItem\",\"position\":1,\"name\":\"Portada\",\"item\":\"https:\\\/\\\/zesauro.com\\\/pt-pt\\\/\"},{\"@type\":\"ListItem\",\"position\":2,\"name\":\"Pol\u00edtica de privacidade\"}]},{\"@type\":\"WebSite\",\"@id\":\"https:\\\/\\\/zesauro.com\\\/pt-pt\\\/#website\",\"url\":\"https:\\\/\\\/zesauro.com\\\/pt-pt\\\/\",\"name\":\"Zesauro Traducciones\",\"description\":\"Servicios de traducci\u00f3n e interpretaci\u00f3n\",\"publisher\":{\"@id\":\"https:\\\/\\\/zesauro.com\\\/pt-pt\\\/#organization\"},\"potentialAction\":[{\"@type\":\"SearchAction\",\"target\":{\"@type\":\"EntryPoint\",\"urlTemplate\":\"https:\\\/\\\/zesauro.com\\\/pt-pt\\\/?s={search_term_string}\"},\"query-input\":{\"@type\":\"PropertyValueSpecification\",\"valueRequired\":true,\"valueName\":\"search_term_string\"}}],\"inLanguage\":\"pt-PT\"},{\"@type\":\"Organization\",\"@id\":\"https:\\\/\\\/zesauro.com\\\/pt-pt\\\/#organization\",\"name\":\"Zesauro Traducciones\",\"url\":\"https:\\\/\\\/zesauro.com\\\/pt-pt\\\/\",\"logo\":{\"@type\":\"ImageObject\",\"inLanguage\":\"pt-PT\",\"@id\":\"https:\\\/\\\/zesauro.com\\\/pt-pt\\\/#\\\/schema\\\/logo\\\/image\\\/\",\"url\":\"https:\\\/\\\/zesauro.com\\\/wp-content\\\/uploads\\\/2018\\\/11\\\/zesauro_logo_236x293.png\",\"contentUrl\":\"https:\\\/\\\/zesauro.com\\\/wp-content\\\/uploads\\\/2018\\\/11\\\/zesauro_logo_236x293.png\",\"width\":236,\"height\":293,\"caption\":\"Zesauro Traducciones\"},\"image\":{\"@id\":\"https:\\\/\\\/zesauro.com\\\/pt-pt\\\/#\\\/schema\\\/logo\\\/image\\\/\"}}]}<\/script>\n<!-- \/ Yoast SEO plugin. -->","yoast_head_json":{"title":"Pol\u00edtica de privacidade - Zesauro Traducciones","robots":{"index":"index","follow":"follow","max-snippet":"max-snippet:-1","max-image-preview":"max-image-preview:large","max-video-preview":"max-video-preview:-1"},"canonical":"https:\/\/zesauro.com\/pt-pt\/politica-de-privacidade\/","og_locale":"pt_PT","og_type":"article","og_title":"Pol\u00edtica de privacidade - Zesauro Traducciones","og_description":"Pol\u00edtica de privacidade A privacidade \u00e9 a pedra angular do nosso trabalho e, por isso, queremos que voc\u00ea saiba exatamente como recolhemos e [&hellip;]","og_url":"https:\/\/zesauro.com\/pt-pt\/politica-de-privacidade\/","og_site_name":"Zesauro Traducciones","article_modified_time":"2019-06-18T19:19:35+00:00","og_image":[{"url":"https:\/\/zesauro.weeboodesign.com\/wp-content\/uploads\/2018\/11\/Zesauro_icono_200x200-150x150.png","type":"","width":"","height":""}],"twitter_card":"summary_large_image","twitter_misc":{"Tempo estimado de leitura":"4 minutos"},"schema":{"@context":"https:\/\/schema.org","@graph":[{"@type":"WebPage","@id":"https:\/\/zesauro.com\/pt-pt\/politica-de-privacidade\/","url":"https:\/\/zesauro.com\/pt-pt\/politica-de-privacidade\/","name":"Pol\u00edtica de privacidade - Zesauro Traducciones","isPartOf":{"@id":"https:\/\/zesauro.com\/pt-pt\/#website"},"primaryImageOfPage":{"@id":"https:\/\/zesauro.com\/pt-pt\/politica-de-privacidade\/#primaryimage"},"image":{"@id":"https:\/\/zesauro.com\/pt-pt\/politica-de-privacidade\/#primaryimage"},"thumbnailUrl":"https:\/\/zesauro.weeboodesign.com\/wp-content\/uploads\/2018\/11\/Zesauro_icono_200x200-150x150.png","datePublished":"2019-06-02T18:59:08+00:00","dateModified":"2019-06-18T19:19:35+00:00","breadcrumb":{"@id":"https:\/\/zesauro.com\/pt-pt\/politica-de-privacidade\/#breadcrumb"},"inLanguage":"pt-PT","potentialAction":[{"@type":"ReadAction","target":["https:\/\/zesauro.com\/pt-pt\/politica-de-privacidade\/"]}]},{"@type":"ImageObject","inLanguage":"pt-PT","@id":"https:\/\/zesauro.com\/pt-pt\/politica-de-privacidade\/#primaryimage","url":"https:\/\/zesauro.weeboodesign.com\/wp-content\/uploads\/2018\/11\/Zesauro_icono_200x200-150x150.png","contentUrl":"https:\/\/zesauro.weeboodesign.com\/wp-content\/uploads\/2018\/11\/Zesauro_icono_200x200-150x150.png"},{"@type":"BreadcrumbList","@id":"https:\/\/zesauro.com\/pt-pt\/politica-de-privacidade\/#breadcrumb","itemListElement":[{"@type":"ListItem","position":1,"name":"Portada","item":"https:\/\/zesauro.com\/pt-pt\/"},{"@type":"ListItem","position":2,"name":"Pol\u00edtica de privacidade"}]},{"@type":"WebSite","@id":"https:\/\/zesauro.com\/pt-pt\/#website","url":"https:\/\/zesauro.com\/pt-pt\/","name":"Zesauro Traducciones","description":"Servicios de traducci\u00f3n e interpretaci\u00f3n","publisher":{"@id":"https:\/\/zesauro.com\/pt-pt\/#organization"},"potentialAction":[{"@type":"SearchAction","target":{"@type":"EntryPoint","urlTemplate":"https:\/\/zesauro.com\/pt-pt\/?s={search_term_string}"},"query-input":{"@type":"PropertyValueSpecification","valueRequired":true,"valueName":"search_term_string"}}],"inLanguage":"pt-PT"},{"@type":"Organization","@id":"https:\/\/zesauro.com\/pt-pt\/#organization","name":"Zesauro Traducciones","url":"https:\/\/zesauro.com\/pt-pt\/","logo":{"@type":"ImageObject","inLanguage":"pt-PT","@id":"https:\/\/zesauro.com\/pt-pt\/#\/schema\/logo\/image\/","url":"https:\/\/zesauro.com\/wp-content\/uploads\/2018\/11\/zesauro_logo_236x293.png","contentUrl":"https:\/\/zesauro.com\/wp-content\/uploads\/2018\/11\/zesauro_logo_236x293.png","width":236,"height":293,"caption":"Zesauro Traducciones"},"image":{"@id":"https:\/\/zesauro.com\/pt-pt\/#\/schema\/logo\/image\/"}}]}},"_links":{"self":[{"href":"https:\/\/zesauro.com\/pt-pt\/wp-json\/wp\/v2\/pages\/2009","targetHints":{"allow":["GET"]}}],"collection":[{"href":"https:\/\/zesauro.com\/pt-pt\/wp-json\/wp\/v2\/pages"}],"about":[{"href":"https:\/\/zesauro.com\/pt-pt\/wp-json\/wp\/v2\/types\/page"}],"author":[{"embeddable":true,"href":"https:\/\/zesauro.com\/pt-pt\/wp-json\/wp\/v2\/users\/8"}],"replies":[{"embeddable":true,"href":"https:\/\/zesauro.com\/pt-pt\/wp-json\/wp\/v2\/comments?post=2009"}],"version-history":[{"count":2,"href":"https:\/\/zesauro.com\/pt-pt\/wp-json\/wp\/v2\/pages\/2009\/revisions"}],"predecessor-version":[{"id":2083,"href":"https:\/\/zesauro.com\/pt-pt\/wp-json\/wp\/v2\/pages\/2009\/revisions\/2083"}],"wp:attachment":[{"href":"https:\/\/zesauro.com\/pt-pt\/wp-json\/wp\/v2\/media?parent=2009"}],"curies":[{"name":"wp","href":"https:\/\/api.w.org\/{rel}","templated":true}]}}