{"id":1959,"date":"2019-05-20T09:05:19","date_gmt":"2019-05-20T09:05:19","guid":{"rendered":"https:\/\/zesauro.weeboodesign.com\/politica-de-qualidade\/"},"modified":"2024-07-09T12:15:45","modified_gmt":"2024-07-09T10:15:45","slug":"politica-de-qualidade","status":"publish","type":"page","link":"https:\/\/zesauro.com\/pt-pt\/politica-de-qualidade\/","title":{"rendered":"Pol\u00edtica de Qualidade"},"content":{"rendered":"\t\t<div data-elementor-type=\"wp-post\" data-elementor-id=\"1959\" class=\"elementor elementor-1959 elementor-449\" data-elementor-post-type=\"page\">\n\t\t\t\t\t\t<section class=\"elementor-section elementor-top-section elementor-element elementor-element-63501a8a elementor-section-boxed elementor-section-height-default elementor-section-height-default\" data-id=\"63501a8a\" data-element_type=\"section\" data-e-type=\"section\" id=\"home\" data-settings=\"{&quot;background_background&quot;:&quot;classic&quot;}\">\n\t\t\t\t\t\t\t<div class=\"elementor-background-overlay\"><\/div>\n\t\t\t\t\t\t\t<div class=\"elementor-container elementor-column-gap-default\">\n\t\t\t\t\t<div class=\"elementor-column elementor-col-100 elementor-top-column elementor-element elementor-element-4c3e2e44\" data-id=\"4c3e2e44\" data-element_type=\"column\" data-e-type=\"column\" data-settings=\"{&quot;background_background&quot;:&quot;classic&quot;}\">\n\t\t\t<div class=\"elementor-widget-wrap elementor-element-populated\">\n\t\t\t\t\t\t<div class=\"elementor-element elementor-element-346db15c elementor-widget elementor-widget-image\" data-id=\"346db15c\" data-element_type=\"widget\" data-e-type=\"widget\" data-widget_type=\"image.default\">\n\t\t\t\t<div class=\"elementor-widget-container\">\n\t\t\t\t\t\t\t\t\t\t\t\t\t\t\t<img decoding=\"async\" width=\"150\" height=\"150\" src=\"https:\/\/zesauro.com\/wp-content\/uploads\/2018\/11\/Zesauro_icono_200x200-150x150.png\" class=\"attachment-thumbnail size-thumbnail wp-image-1079\" alt=\"\" srcset=\"https:\/\/zesauro.com\/wp-content\/uploads\/2018\/11\/Zesauro_icono_200x200-150x150.png 150w, https:\/\/zesauro.com\/wp-content\/uploads\/2018\/11\/Zesauro_icono_200x200.png 200w\" sizes=\"(max-width: 150px) 100vw, 150px\" \/>\t\t\t\t\t\t\t\t\t\t\t\t\t\t\t<\/div>\n\t\t\t\t<\/div>\n\t\t\t\t<div class=\"elementor-element elementor-element-3c66d5a9 elementor-widget elementor-widget-heading\" data-id=\"3c66d5a9\" data-element_type=\"widget\" data-e-type=\"widget\" data-widget_type=\"heading.default\">\n\t\t\t\t<div class=\"elementor-widget-container\">\n\t\t\t\t\t<h1 class=\"elementor-heading-title elementor-size-default\">Pol\u00edtica de qualidade e de seguran\u00e7a da informa\u00e7\u00e3o<\/h1>\t\t\t\t<\/div>\n\t\t\t\t<\/div>\n\t\t\t\t<section class=\"elementor-section elementor-inner-section elementor-element elementor-element-824b777 elementor-section-boxed elementor-section-height-default elementor-section-height-default\" data-id=\"824b777\" data-element_type=\"section\" data-e-type=\"section\">\n\t\t\t\t\t\t<div class=\"elementor-container elementor-column-gap-default\">\n\t\t\t\t\t<div class=\"elementor-column elementor-col-33 elementor-inner-column elementor-element elementor-element-7fb17a52\" data-id=\"7fb17a52\" data-element_type=\"column\" data-e-type=\"column\">\n\t\t\t<div class=\"elementor-widget-wrap\">\n\t\t\t\t\t\t\t<\/div>\n\t\t<\/div>\n\t\t\t\t<div class=\"elementor-column elementor-col-33 elementor-inner-column elementor-element elementor-element-103968db\" data-id=\"103968db\" data-element_type=\"column\" data-e-type=\"column\">\n\t\t\t<div class=\"elementor-widget-wrap elementor-element-populated\">\n\t\t\t\t\t\t<div class=\"elementor-element elementor-element-6832e65 elementor-widget elementor-widget-text-editor\" data-id=\"6832e65\" data-element_type=\"widget\" data-e-type=\"widget\" data-widget_type=\"text-editor.default\">\n\t\t\t\t<div class=\"elementor-widget-container\">\n\t\t\t\t\t\t\t\t\t<p>O nosso sistema de gest\u00e3o da qualidade e da seguran\u00e7a da informa\u00e7\u00e3o (doravante designado &#8220;SGQSI&#8221;) abrange os requisitos das normas ISO 9001, ISO 17100 e ISO 27001. A seguir s\u00e3o refletidos os compromissos da ZESAURO:<\/p><ul><li>A nossa pol\u00edtica de qualidade e de seguran\u00e7a da informa\u00e7\u00e3o requer um sistema vivo em revis\u00e3o constante de acordo com o princ\u00edpio da <strong>melhoria cont\u00ednua<\/strong> e abrange n\u00e3o s\u00f3 os processos de produ\u00e7\u00e3o, mas todas as atividades relacionadas com a satisfa\u00e7\u00e3o das expectativas e necessidades das nossas partes interessadas.<\/li><li>O nosso SGQSI centra-se no pensamento baseado nos riscos, ou seja, devemos <strong>identificar os riscos<\/strong> que possam afetar os nossos processos de gest\u00e3o, mas tamb\u00e9m <strong>as oportunidades<\/strong> que podem surgir e nos permitam adotar mudan\u00e7as ou melhorias. A organiza\u00e7\u00e3o vai seguir o ciclo b\u00e1sico PLAN-DO-CHECK-ACT, ap\u00f3s a devida an\u00e1lise destes riscos e oportunidades.<\/li><li>O nosso SGQ deve ter <strong>informa\u00e7\u00e3o documentada<\/strong> sobre os conte\u00fados exigidos pelas normas do nosso sistema de gest\u00e3o, mas tamb\u00e9m sobre os aspetos que esta dire\u00e7\u00e3o considera relevantes e espec\u00edficos para a gest\u00e3o \u00f3tima do sistema.<\/li><li>A informa\u00e7\u00e3o documentada reflete os <strong>processos<\/strong> em que a atividade da empresa \u00e9 planeada de acordo com os requisitos do cliente, mas, al\u00e9m disso, o SGQSI deve avaliar a sua correta execu\u00e7\u00e3o. Para o efeito, deve ser estabelecido um sistema de objetivos de qualidade e de seguran\u00e7a da informa\u00e7\u00e3o que ser\u00e3o objeto de acompanhamento.<\/li><li>O <strong>pessoal interno<\/strong> da ZESAURO \u00e9 uma pe\u00e7a-chave para esta pol\u00edtica de qualidade. As suas compet\u00eancias ser\u00e3o objeto de acompanhamento rigoroso e o seu desempenho ser\u00e1 objeto de medi\u00e7\u00e3o. A preocupa\u00e7\u00e3o pela melhoria do ambiente de trabalho ser\u00e1 sempre uma prioridade para esta dire\u00e7\u00e3o. Al\u00e9m disso, o pessoal interno dever\u00e1 ser envolvido na filosofia da gest\u00e3o da qualidade e da seguran\u00e7a da informa\u00e7\u00e3o, estando atento e vigilante a irregularidades ou defici\u00eancias nos processos, bem como contribuindo com ideias e solu\u00e7\u00f5es para os problemas. Ser\u00e1 exigido um desempenho baseado na <strong>proatividade<\/strong> e na <strong>cr\u00edtica construtiva<\/strong>.<\/li><li>Este SGQSI est\u00e1 sujeito a <strong>revis\u00e3o<\/strong> atrav\u00e9s da monitoriza\u00e7\u00e3o dos objetivos, bem como a uma avalia\u00e7\u00e3o anual para o adaptar \u00e0 evolu\u00e7\u00e3o das circunst\u00e2ncias vari\u00e1veis da empresa e do mercado. Deve tamb\u00e9m ser <strong>devidamente auditado,<\/strong> a fim de corrigir desvios e quaisquer outras defici\u00eancias que nos possam afastar do nosso objetivo de melhoria cont\u00ednua.<\/li><li>A ZESAURO submete-se sempre \u00e0 <strong>legisla\u00e7\u00e3o em vigor<\/strong>, a todas as disposi\u00e7\u00f5es legais e regulamentares que afetam a nossa atividade, no quadro do objetivo geral de satisfa\u00e7\u00e3o dos requisitos dos clientes. Tanto desde o ponto de vista da qualidade como da seguran\u00e7a da informa\u00e7\u00e3o.<\/li><\/ul><p>\u00daLTIMA ATUALIZA\u00c7\u00c3O: julho de 2024<\/p>\t\t\t\t\t\t\t\t<\/div>\n\t\t\t\t<\/div>\n\t\t\t\t\t<\/div>\n\t\t<\/div>\n\t\t\t\t<div class=\"elementor-column elementor-col-33 elementor-inner-column elementor-element elementor-element-5b449bb0\" data-id=\"5b449bb0\" data-element_type=\"column\" data-e-type=\"column\">\n\t\t\t<div class=\"elementor-widget-wrap\">\n\t\t\t\t\t\t\t<\/div>\n\t\t<\/div>\n\t\t\t\t\t<\/div>\n\t\t<\/section>\n\t\t\t\t\t<\/div>\n\t\t<\/div>\n\t\t\t\t\t<\/div>\n\t\t<\/section>\n\t\t\t\t<\/div>\n\t\t","protected":false},"excerpt":{"rendered":"<p>Pol\u00edtica de qualidade e de seguran\u00e7a da informa\u00e7\u00e3o O nosso sistema de gest\u00e3o da qualidade e da seguran\u00e7a da informa\u00e7\u00e3o (doravante designado &#8220;SGQSI&#8221;) [&hellip;]<\/p>\n","protected":false},"author":8,"featured_media":0,"parent":0,"menu_order":0,"comment_status":"closed","ping_status":"closed","template":"","meta":{"_exactmetrics_skip_tracking":false,"_exactmetrics_sitenote_active":false,"_exactmetrics_sitenote_note":"","_exactmetrics_sitenote_category":0,"site-sidebar-layout":"no-sidebar","site-content-layout":"page-builder","ast-site-content-layout":"default","site-content-style":"default","site-sidebar-style":"default","ast-global-header-display":"","ast-banner-title-visibility":"","ast-main-header-display":"","ast-hfb-above-header-display":"","ast-hfb-below-header-display":"","ast-hfb-mobile-header-display":"","site-post-title":"disabled","ast-breadcrumbs-content":"","ast-featured-img":"disabled","footer-sml-layout":"","ast-disable-related-posts":"","theme-transparent-header-meta":"default","adv-header-id-meta":"","stick-header-meta":"default","header-above-stick-meta":"","header-main-stick-meta":"","header-below-stick-meta":"","astra-migrate-meta-layouts":"default","ast-page-background-enabled":"default","ast-page-background-meta":{"desktop":{"background-color":"","background-image":"","background-repeat":"repeat","background-position":"center center","background-size":"auto","background-attachment":"scroll","background-type":"","background-media":"","overlay-type":"","overlay-color":"","overlay-opacity":"","overlay-gradient":""},"tablet":{"background-color":"","background-image":"","background-repeat":"repeat","background-position":"center center","background-size":"auto","background-attachment":"scroll","background-type":"","background-media":"","overlay-type":"","overlay-color":"","overlay-opacity":"","overlay-gradient":""},"mobile":{"background-color":"","background-image":"","background-repeat":"repeat","background-position":"center center","background-size":"auto","background-attachment":"scroll","background-type":"","background-media":"","overlay-type":"","overlay-color":"","overlay-opacity":"","overlay-gradient":""}},"ast-content-background-meta":{"desktop":{"background-color":"var(--ast-global-color-5)","background-image":"","background-repeat":"repeat","background-position":"center center","background-size":"auto","background-attachment":"scroll","background-type":"","background-media":"","overlay-type":"","overlay-color":"","overlay-opacity":"","overlay-gradient":""},"tablet":{"background-color":"var(--ast-global-color-5)","background-image":"","background-repeat":"repeat","background-position":"center center","background-size":"auto","background-attachment":"scroll","background-type":"","background-media":"","overlay-type":"","overlay-color":"","overlay-opacity":"","overlay-gradient":""},"mobile":{"background-color":"var(--ast-global-color-5)","background-image":"","background-repeat":"repeat","background-position":"center center","background-size":"auto","background-attachment":"scroll","background-type":"","background-media":"","overlay-type":"","overlay-color":"","overlay-opacity":"","overlay-gradient":""}},"footnotes":""},"class_list":["post-1959","page","type-page","status-publish","hentry"],"yoast_head":"<!-- This site is optimized with the Yoast SEO plugin v27.5 - https:\/\/yoast.com\/product\/yoast-seo-wordpress\/ -->\n<title>Pol\u00edtica de Qualidade - Zesauro Traducciones<\/title>\n<meta name=\"robots\" content=\"index, follow, max-snippet:-1, max-image-preview:large, max-video-preview:-1\" \/>\n<link rel=\"canonical\" href=\"https:\/\/zesauro.com\/pt-pt\/politica-de-qualidade\/\" \/>\n<meta property=\"og:locale\" content=\"pt_PT\" \/>\n<meta property=\"og:type\" content=\"article\" \/>\n<meta property=\"og:title\" content=\"Pol\u00edtica de Qualidade - Zesauro Traducciones\" \/>\n<meta property=\"og:description\" content=\"Pol\u00edtica de qualidade e de seguran\u00e7a da informa\u00e7\u00e3o O nosso sistema de gest\u00e3o da qualidade e da seguran\u00e7a da informa\u00e7\u00e3o (doravante designado &#8220;SGQSI&#8221;) [&hellip;]\" \/>\n<meta property=\"og:url\" content=\"https:\/\/zesauro.com\/pt-pt\/politica-de-qualidade\/\" \/>\n<meta property=\"og:site_name\" content=\"Zesauro Traducciones\" \/>\n<meta property=\"article:modified_time\" content=\"2024-07-09T10:15:45+00:00\" \/>\n<meta property=\"og:image\" content=\"https:\/\/zesauro.com\/wp-content\/uploads\/2018\/11\/Zesauro_icono_200x200-150x150.png\" \/>\n<meta name=\"twitter:card\" content=\"summary_large_image\" \/>\n<meta name=\"twitter:label1\" content=\"Tempo estimado de leitura\" \/>\n\t<meta name=\"twitter:data1\" content=\"3 minutos\" \/>\n<script type=\"application\/ld+json\" class=\"yoast-schema-graph\">{\"@context\":\"https:\\\/\\\/schema.org\",\"@graph\":[{\"@type\":\"WebPage\",\"@id\":\"https:\\\/\\\/zesauro.com\\\/pt-pt\\\/politica-de-qualidade\\\/\",\"url\":\"https:\\\/\\\/zesauro.com\\\/pt-pt\\\/politica-de-qualidade\\\/\",\"name\":\"Pol\u00edtica de Qualidade - Zesauro Traducciones\",\"isPartOf\":{\"@id\":\"https:\\\/\\\/zesauro.com\\\/pt-pt\\\/#website\"},\"primaryImageOfPage\":{\"@id\":\"https:\\\/\\\/zesauro.com\\\/pt-pt\\\/politica-de-qualidade\\\/#primaryimage\"},\"image\":{\"@id\":\"https:\\\/\\\/zesauro.com\\\/pt-pt\\\/politica-de-qualidade\\\/#primaryimage\"},\"thumbnailUrl\":\"https:\\\/\\\/zesauro.com\\\/wp-content\\\/uploads\\\/2018\\\/11\\\/Zesauro_icono_200x200-150x150.png\",\"datePublished\":\"2019-05-20T09:05:19+00:00\",\"dateModified\":\"2024-07-09T10:15:45+00:00\",\"breadcrumb\":{\"@id\":\"https:\\\/\\\/zesauro.com\\\/pt-pt\\\/politica-de-qualidade\\\/#breadcrumb\"},\"inLanguage\":\"pt-PT\",\"potentialAction\":[{\"@type\":\"ReadAction\",\"target\":[\"https:\\\/\\\/zesauro.com\\\/pt-pt\\\/politica-de-qualidade\\\/\"]}]},{\"@type\":\"ImageObject\",\"inLanguage\":\"pt-PT\",\"@id\":\"https:\\\/\\\/zesauro.com\\\/pt-pt\\\/politica-de-qualidade\\\/#primaryimage\",\"url\":\"https:\\\/\\\/zesauro.com\\\/wp-content\\\/uploads\\\/2018\\\/11\\\/Zesauro_icono_200x200-150x150.png\",\"contentUrl\":\"https:\\\/\\\/zesauro.com\\\/wp-content\\\/uploads\\\/2018\\\/11\\\/Zesauro_icono_200x200-150x150.png\"},{\"@type\":\"BreadcrumbList\",\"@id\":\"https:\\\/\\\/zesauro.com\\\/pt-pt\\\/politica-de-qualidade\\\/#breadcrumb\",\"itemListElement\":[{\"@type\":\"ListItem\",\"position\":1,\"name\":\"Portada\",\"item\":\"https:\\\/\\\/zesauro.com\\\/pt-pt\\\/\"},{\"@type\":\"ListItem\",\"position\":2,\"name\":\"Pol\u00edtica de Qualidade\"}]},{\"@type\":\"WebSite\",\"@id\":\"https:\\\/\\\/zesauro.com\\\/pt-pt\\\/#website\",\"url\":\"https:\\\/\\\/zesauro.com\\\/pt-pt\\\/\",\"name\":\"Zesauro Traducciones\",\"description\":\"Servicios de traducci\u00f3n e interpretaci\u00f3n\",\"publisher\":{\"@id\":\"https:\\\/\\\/zesauro.com\\\/pt-pt\\\/#organization\"},\"potentialAction\":[{\"@type\":\"SearchAction\",\"target\":{\"@type\":\"EntryPoint\",\"urlTemplate\":\"https:\\\/\\\/zesauro.com\\\/pt-pt\\\/?s={search_term_string}\"},\"query-input\":{\"@type\":\"PropertyValueSpecification\",\"valueRequired\":true,\"valueName\":\"search_term_string\"}}],\"inLanguage\":\"pt-PT\"},{\"@type\":\"Organization\",\"@id\":\"https:\\\/\\\/zesauro.com\\\/pt-pt\\\/#organization\",\"name\":\"Zesauro Traducciones\",\"url\":\"https:\\\/\\\/zesauro.com\\\/pt-pt\\\/\",\"logo\":{\"@type\":\"ImageObject\",\"inLanguage\":\"pt-PT\",\"@id\":\"https:\\\/\\\/zesauro.com\\\/pt-pt\\\/#\\\/schema\\\/logo\\\/image\\\/\",\"url\":\"https:\\\/\\\/zesauro.com\\\/wp-content\\\/uploads\\\/2018\\\/11\\\/zesauro_logo_236x293.png\",\"contentUrl\":\"https:\\\/\\\/zesauro.com\\\/wp-content\\\/uploads\\\/2018\\\/11\\\/zesauro_logo_236x293.png\",\"width\":236,\"height\":293,\"caption\":\"Zesauro Traducciones\"},\"image\":{\"@id\":\"https:\\\/\\\/zesauro.com\\\/pt-pt\\\/#\\\/schema\\\/logo\\\/image\\\/\"}}]}<\/script>\n<!-- \/ Yoast SEO plugin. -->","yoast_head_json":{"title":"Pol\u00edtica de Qualidade - Zesauro Traducciones","robots":{"index":"index","follow":"follow","max-snippet":"max-snippet:-1","max-image-preview":"max-image-preview:large","max-video-preview":"max-video-preview:-1"},"canonical":"https:\/\/zesauro.com\/pt-pt\/politica-de-qualidade\/","og_locale":"pt_PT","og_type":"article","og_title":"Pol\u00edtica de Qualidade - Zesauro Traducciones","og_description":"Pol\u00edtica de qualidade e de seguran\u00e7a da informa\u00e7\u00e3o O nosso sistema de gest\u00e3o da qualidade e da seguran\u00e7a da informa\u00e7\u00e3o (doravante designado &#8220;SGQSI&#8221;) [&hellip;]","og_url":"https:\/\/zesauro.com\/pt-pt\/politica-de-qualidade\/","og_site_name":"Zesauro Traducciones","article_modified_time":"2024-07-09T10:15:45+00:00","og_image":[{"url":"https:\/\/zesauro.com\/wp-content\/uploads\/2018\/11\/Zesauro_icono_200x200-150x150.png","type":"","width":"","height":""}],"twitter_card":"summary_large_image","twitter_misc":{"Tempo estimado de leitura":"3 minutos"},"schema":{"@context":"https:\/\/schema.org","@graph":[{"@type":"WebPage","@id":"https:\/\/zesauro.com\/pt-pt\/politica-de-qualidade\/","url":"https:\/\/zesauro.com\/pt-pt\/politica-de-qualidade\/","name":"Pol\u00edtica de Qualidade - Zesauro Traducciones","isPartOf":{"@id":"https:\/\/zesauro.com\/pt-pt\/#website"},"primaryImageOfPage":{"@id":"https:\/\/zesauro.com\/pt-pt\/politica-de-qualidade\/#primaryimage"},"image":{"@id":"https:\/\/zesauro.com\/pt-pt\/politica-de-qualidade\/#primaryimage"},"thumbnailUrl":"https:\/\/zesauro.com\/wp-content\/uploads\/2018\/11\/Zesauro_icono_200x200-150x150.png","datePublished":"2019-05-20T09:05:19+00:00","dateModified":"2024-07-09T10:15:45+00:00","breadcrumb":{"@id":"https:\/\/zesauro.com\/pt-pt\/politica-de-qualidade\/#breadcrumb"},"inLanguage":"pt-PT","potentialAction":[{"@type":"ReadAction","target":["https:\/\/zesauro.com\/pt-pt\/politica-de-qualidade\/"]}]},{"@type":"ImageObject","inLanguage":"pt-PT","@id":"https:\/\/zesauro.com\/pt-pt\/politica-de-qualidade\/#primaryimage","url":"https:\/\/zesauro.com\/wp-content\/uploads\/2018\/11\/Zesauro_icono_200x200-150x150.png","contentUrl":"https:\/\/zesauro.com\/wp-content\/uploads\/2018\/11\/Zesauro_icono_200x200-150x150.png"},{"@type":"BreadcrumbList","@id":"https:\/\/zesauro.com\/pt-pt\/politica-de-qualidade\/#breadcrumb","itemListElement":[{"@type":"ListItem","position":1,"name":"Portada","item":"https:\/\/zesauro.com\/pt-pt\/"},{"@type":"ListItem","position":2,"name":"Pol\u00edtica de Qualidade"}]},{"@type":"WebSite","@id":"https:\/\/zesauro.com\/pt-pt\/#website","url":"https:\/\/zesauro.com\/pt-pt\/","name":"Zesauro Traducciones","description":"Servicios de traducci\u00f3n e interpretaci\u00f3n","publisher":{"@id":"https:\/\/zesauro.com\/pt-pt\/#organization"},"potentialAction":[{"@type":"SearchAction","target":{"@type":"EntryPoint","urlTemplate":"https:\/\/zesauro.com\/pt-pt\/?s={search_term_string}"},"query-input":{"@type":"PropertyValueSpecification","valueRequired":true,"valueName":"search_term_string"}}],"inLanguage":"pt-PT"},{"@type":"Organization","@id":"https:\/\/zesauro.com\/pt-pt\/#organization","name":"Zesauro Traducciones","url":"https:\/\/zesauro.com\/pt-pt\/","logo":{"@type":"ImageObject","inLanguage":"pt-PT","@id":"https:\/\/zesauro.com\/pt-pt\/#\/schema\/logo\/image\/","url":"https:\/\/zesauro.com\/wp-content\/uploads\/2018\/11\/zesauro_logo_236x293.png","contentUrl":"https:\/\/zesauro.com\/wp-content\/uploads\/2018\/11\/zesauro_logo_236x293.png","width":236,"height":293,"caption":"Zesauro Traducciones"},"image":{"@id":"https:\/\/zesauro.com\/pt-pt\/#\/schema\/logo\/image\/"}}]}},"_links":{"self":[{"href":"https:\/\/zesauro.com\/pt-pt\/wp-json\/wp\/v2\/pages\/1959","targetHints":{"allow":["GET"]}}],"collection":[{"href":"https:\/\/zesauro.com\/pt-pt\/wp-json\/wp\/v2\/pages"}],"about":[{"href":"https:\/\/zesauro.com\/pt-pt\/wp-json\/wp\/v2\/types\/page"}],"author":[{"embeddable":true,"href":"https:\/\/zesauro.com\/pt-pt\/wp-json\/wp\/v2\/users\/8"}],"replies":[{"embeddable":true,"href":"https:\/\/zesauro.com\/pt-pt\/wp-json\/wp\/v2\/comments?post=1959"}],"version-history":[{"count":3,"href":"https:\/\/zesauro.com\/pt-pt\/wp-json\/wp\/v2\/pages\/1959\/revisions"}],"predecessor-version":[{"id":7637,"href":"https:\/\/zesauro.com\/pt-pt\/wp-json\/wp\/v2\/pages\/1959\/revisions\/7637"}],"wp:attachment":[{"href":"https:\/\/zesauro.com\/pt-pt\/wp-json\/wp\/v2\/media?parent=1959"}],"curies":[{"name":"wp","href":"https:\/\/api.w.org\/{rel}","templated":true}]}}