{"id":1952,"date":"2019-05-20T08:58:43","date_gmt":"2019-05-20T08:58:43","guid":{"rendered":"https:\/\/zesauro.weeboodesign.com\/aviso-legal\/"},"modified":"2019-06-18T19:16:23","modified_gmt":"2019-06-18T19:16:23","slug":"aviso-legal","status":"publish","type":"page","link":"https:\/\/zesauro.com\/pt-pt\/aviso-legal\/","title":{"rendered":"Aviso Legal"},"content":{"rendered":"\t\t<div data-elementor-type=\"wp-post\" data-elementor-id=\"1952\" class=\"elementor elementor-1952 elementor-446\" data-elementor-post-type=\"page\">\n\t\t\t\t\t\t<section class=\"elementor-section elementor-top-section elementor-element elementor-element-5cc3be78 elementor-section-boxed elementor-section-height-default elementor-section-height-default\" data-id=\"5cc3be78\" data-element_type=\"section\" data-e-type=\"section\" id=\"home\" data-settings=\"{&quot;background_background&quot;:&quot;classic&quot;}\">\n\t\t\t\t\t\t\t<div class=\"elementor-background-overlay\"><\/div>\n\t\t\t\t\t\t\t<div class=\"elementor-container elementor-column-gap-default\">\n\t\t\t\t\t<div class=\"elementor-column elementor-col-100 elementor-top-column elementor-element elementor-element-726450\" data-id=\"726450\" data-element_type=\"column\" data-e-type=\"column\" data-settings=\"{&quot;background_background&quot;:&quot;classic&quot;}\">\n\t\t\t<div class=\"elementor-widget-wrap elementor-element-populated\">\n\t\t\t\t\t\t<div class=\"elementor-element elementor-element-6442e5c7 elementor-widget elementor-widget-image\" data-id=\"6442e5c7\" data-element_type=\"widget\" data-e-type=\"widget\" data-widget_type=\"image.default\">\n\t\t\t\t<div class=\"elementor-widget-container\">\n\t\t\t\t\t\t\t\t\t\t\t\t\t\t\t<img decoding=\"async\" width=\"150\" height=\"150\" src=\"https:\/\/zesauro.com\/wp-content\/uploads\/2018\/11\/Zesauro_icono_200x200-150x150.png\" class=\"attachment-thumbnail size-thumbnail wp-image-1079\" alt=\"\" srcset=\"https:\/\/zesauro.com\/wp-content\/uploads\/2018\/11\/Zesauro_icono_200x200-150x150.png 150w, https:\/\/zesauro.com\/wp-content\/uploads\/2018\/11\/Zesauro_icono_200x200.png 200w\" sizes=\"(max-width: 150px) 100vw, 150px\" \/>\t\t\t\t\t\t\t\t\t\t\t\t\t\t\t<\/div>\n\t\t\t\t<\/div>\n\t\t\t\t<div class=\"elementor-element elementor-element-5ce73890 elementor-widget elementor-widget-heading\" data-id=\"5ce73890\" data-element_type=\"widget\" data-e-type=\"widget\" data-widget_type=\"heading.default\">\n\t\t\t\t<div class=\"elementor-widget-container\">\n\t\t\t\t\t<h1 class=\"elementor-heading-title elementor-size-default\">Aviso Legal<\/h1>\t\t\t\t<\/div>\n\t\t\t\t<\/div>\n\t\t\t\t<section class=\"elementor-section elementor-inner-section elementor-element elementor-element-7b04326b elementor-section-boxed elementor-section-height-default elementor-section-height-default\" data-id=\"7b04326b\" data-element_type=\"section\" data-e-type=\"section\">\n\t\t\t\t\t\t<div class=\"elementor-container elementor-column-gap-default\">\n\t\t\t\t\t<div class=\"elementor-column elementor-col-33 elementor-inner-column elementor-element elementor-element-33a4358f\" data-id=\"33a4358f\" data-element_type=\"column\" data-e-type=\"column\">\n\t\t\t<div class=\"elementor-widget-wrap\">\n\t\t\t\t\t\t\t<\/div>\n\t\t<\/div>\n\t\t\t\t<div class=\"elementor-column elementor-col-33 elementor-inner-column elementor-element elementor-element-730f2faf\" data-id=\"730f2faf\" data-element_type=\"column\" data-e-type=\"column\">\n\t\t\t<div class=\"elementor-widget-wrap elementor-element-populated\">\n\t\t\t\t\t\t<div class=\"elementor-element elementor-element-3f44a5ce elementor-widget elementor-widget-text-editor\" data-id=\"3f44a5ce\" data-element_type=\"widget\" data-e-type=\"widget\" data-widget_type=\"text-editor.default\">\n\t\t\t\t<div class=\"elementor-widget-container\">\n\t\t\t\t\t\t\t\t\t<p>O presente aviso legal e a presente informa\u00e7\u00e3o legal (doravante denominados o &#8220;AVISO LEGAL&#8221;) regulam o uso do servi\u00e7o do portal de Internet <a href=\"https:\/\/zesauro.com\/\">www.zesauro.com<\/a> (doravante tamb\u00e9m denominado \u201co Portal\u201d) que a <strong>ZESAURO TRADUCCIONES <\/strong>p\u00f5e \u00e0 disposi\u00e7\u00e3o dos Utilizadores.<\/p>\n<p>A utiliza\u00e7\u00e3o do Portal atribui a condi\u00e7\u00e3o de Utilizador do Portal (doravante, o &#8220;Utilizador&#8221;) e implica a aceita\u00e7\u00e3o plena e sem reservas de todas as disposi\u00e7\u00f5es inclu\u00eddas neste Aviso Legal na vers\u00e3o publicada pela <strong>ZESAURO TRADUCCIONES <\/strong>\u00a0no exacto momento em que o Utilizador aceder ao Portal.<\/p>\n<p>Em consequ\u00eancia, o Utilizador deve ler atentamente o presente Aviso Legal em cada uma das ocasi\u00f5es em que se propuser a utilizar o Portal, dado que dito Aviso pode ser \u00a0modificado.<\/p>\n<p>A utiliza\u00e7\u00e3o de certos servi\u00e7os oferecidos aos Utilizadores por meio do Portal est\u00e1 \u00a0submetida a condi\u00e7\u00f5es particulares pr\u00f3prias, como condi\u00e7\u00f5es que, consoante os casos, substituem, completam e\/ou modificam o presente Aviso Legal.<\/p>\n<p>Da mesma forma, a utiliza\u00e7\u00e3o do Portal est\u00e1 submetida igualmente a todos os avisos, regulamentos de uso e instru\u00e7\u00f5es, postos em conhecimento do Utilizador pela <strong>ZESAURO TRADUCCIONES <\/strong>que substituem, completam e\/ou modificam o presente Aviso Legal.<\/p>\n\t\t\t\t\t\t\t\t<\/div>\n\t\t\t\t<\/div>\n\t\t\t\t\t<\/div>\n\t\t<\/div>\n\t\t\t\t<div class=\"elementor-column elementor-col-33 elementor-inner-column elementor-element elementor-element-54a367d8\" data-id=\"54a367d8\" data-element_type=\"column\" data-e-type=\"column\">\n\t\t\t<div class=\"elementor-widget-wrap\">\n\t\t\t\t\t\t\t<\/div>\n\t\t<\/div>\n\t\t\t\t\t<\/div>\n\t\t<\/section>\n\t\t\t\t\t<\/div>\n\t\t<\/div>\n\t\t\t\t\t<\/div>\n\t\t<\/section>\n\t\t\t\t<\/div>\n\t\t","protected":false},"excerpt":{"rendered":"<p>Aviso Legal O presente aviso legal e a presente informa\u00e7\u00e3o legal (doravante denominados o &#8220;AVISO LEGAL&#8221;) regulam o uso do servi\u00e7o do portal [&hellip;]<\/p>\n","protected":false},"author":8,"featured_media":0,"parent":0,"menu_order":0,"comment_status":"closed","ping_status":"closed","template":"","meta":{"_exactmetrics_skip_tracking":false,"_exactmetrics_sitenote_active":false,"_exactmetrics_sitenote_note":"","_exactmetrics_sitenote_category":0,"site-sidebar-layout":"default","site-content-layout":"default","ast-site-content-layout":"default","site-content-style":"default","site-sidebar-style":"default","ast-global-header-display":"","ast-banner-title-visibility":"","ast-main-header-display":"","ast-hfb-above-header-display":"","ast-hfb-below-header-display":"","ast-hfb-mobile-header-display":"","site-post-title":"disabled","ast-breadcrumbs-content":"","ast-featured-img":"","footer-sml-layout":"","ast-disable-related-posts":"","theme-transparent-header-meta":"default","adv-header-id-meta":"","stick-header-meta":"default","header-above-stick-meta":"","header-main-stick-meta":"","header-below-stick-meta":"","astra-migrate-meta-layouts":"default","ast-page-background-enabled":"default","ast-page-background-meta":{"desktop":{"background-color":"","background-image":"","background-repeat":"repeat","background-position":"center center","background-size":"auto","background-attachment":"scroll","background-type":"","background-media":"","overlay-type":"","overlay-color":"","overlay-opacity":"","overlay-gradient":""},"tablet":{"background-color":"","background-image":"","background-repeat":"repeat","background-position":"center center","background-size":"auto","background-attachment":"scroll","background-type":"","background-media":"","overlay-type":"","overlay-color":"","overlay-opacity":"","overlay-gradient":""},"mobile":{"background-color":"","background-image":"","background-repeat":"repeat","background-position":"center center","background-size":"auto","background-attachment":"scroll","background-type":"","background-media":"","overlay-type":"","overlay-color":"","overlay-opacity":"","overlay-gradient":""}},"ast-content-background-meta":{"desktop":{"background-color":"var(--ast-global-color-5)","background-image":"","background-repeat":"repeat","background-position":"center center","background-size":"auto","background-attachment":"scroll","background-type":"","background-media":"","overlay-type":"","overlay-color":"","overlay-opacity":"","overlay-gradient":""},"tablet":{"background-color":"var(--ast-global-color-5)","background-image":"","background-repeat":"repeat","background-position":"center center","background-size":"auto","background-attachment":"scroll","background-type":"","background-media":"","overlay-type":"","overlay-color":"","overlay-opacity":"","overlay-gradient":""},"mobile":{"background-color":"var(--ast-global-color-5)","background-image":"","background-repeat":"repeat","background-position":"center center","background-size":"auto","background-attachment":"scroll","background-type":"","background-media":"","overlay-type":"","overlay-color":"","overlay-opacity":"","overlay-gradient":""}},"footnotes":""},"class_list":["post-1952","page","type-page","status-publish","hentry"],"yoast_head":"<!-- This site is optimized with the Yoast SEO plugin v27.5 - https:\/\/yoast.com\/product\/yoast-seo-wordpress\/ -->\n<title>Aviso Legal - Zesauro Traducciones<\/title>\n<meta name=\"robots\" content=\"index, follow, max-snippet:-1, max-image-preview:large, max-video-preview:-1\" \/>\n<link rel=\"canonical\" href=\"https:\/\/zesauro.com\/pt-pt\/aviso-legal\/\" \/>\n<meta property=\"og:locale\" content=\"pt_PT\" \/>\n<meta property=\"og:type\" content=\"article\" \/>\n<meta property=\"og:title\" content=\"Aviso Legal - Zesauro Traducciones\" \/>\n<meta property=\"og:description\" content=\"Aviso Legal O presente aviso legal e a presente informa\u00e7\u00e3o legal (doravante denominados o &#8220;AVISO LEGAL&#8221;) regulam o uso do servi\u00e7o do portal [&hellip;]\" \/>\n<meta property=\"og:url\" content=\"https:\/\/zesauro.com\/pt-pt\/aviso-legal\/\" \/>\n<meta property=\"og:site_name\" content=\"Zesauro Traducciones\" \/>\n<meta property=\"article:modified_time\" content=\"2019-06-18T19:16:23+00:00\" \/>\n<meta property=\"og:image\" content=\"https:\/\/zesauro.weeboodesign.com\/wp-content\/uploads\/2018\/11\/Zesauro_icono_200x200-150x150.png\" \/>\n<meta name=\"twitter:card\" content=\"summary_large_image\" \/>\n<meta name=\"twitter:label1\" content=\"Tempo estimado de leitura\" \/>\n\t<meta name=\"twitter:data1\" content=\"1 minuto\" \/>\n<script type=\"application\/ld+json\" class=\"yoast-schema-graph\">{\"@context\":\"https:\\\/\\\/schema.org\",\"@graph\":[{\"@type\":\"WebPage\",\"@id\":\"https:\\\/\\\/zesauro.com\\\/pt-pt\\\/aviso-legal\\\/\",\"url\":\"https:\\\/\\\/zesauro.com\\\/pt-pt\\\/aviso-legal\\\/\",\"name\":\"Aviso Legal - Zesauro Traducciones\",\"isPartOf\":{\"@id\":\"https:\\\/\\\/zesauro.com\\\/pt-pt\\\/#website\"},\"primaryImageOfPage\":{\"@id\":\"https:\\\/\\\/zesauro.com\\\/pt-pt\\\/aviso-legal\\\/#primaryimage\"},\"image\":{\"@id\":\"https:\\\/\\\/zesauro.com\\\/pt-pt\\\/aviso-legal\\\/#primaryimage\"},\"thumbnailUrl\":\"https:\\\/\\\/zesauro.weeboodesign.com\\\/wp-content\\\/uploads\\\/2018\\\/11\\\/Zesauro_icono_200x200-150x150.png\",\"datePublished\":\"2019-05-20T08:58:43+00:00\",\"dateModified\":\"2019-06-18T19:16:23+00:00\",\"breadcrumb\":{\"@id\":\"https:\\\/\\\/zesauro.com\\\/pt-pt\\\/aviso-legal\\\/#breadcrumb\"},\"inLanguage\":\"pt-PT\",\"potentialAction\":[{\"@type\":\"ReadAction\",\"target\":[\"https:\\\/\\\/zesauro.com\\\/pt-pt\\\/aviso-legal\\\/\"]}]},{\"@type\":\"ImageObject\",\"inLanguage\":\"pt-PT\",\"@id\":\"https:\\\/\\\/zesauro.com\\\/pt-pt\\\/aviso-legal\\\/#primaryimage\",\"url\":\"https:\\\/\\\/zesauro.weeboodesign.com\\\/wp-content\\\/uploads\\\/2018\\\/11\\\/Zesauro_icono_200x200-150x150.png\",\"contentUrl\":\"https:\\\/\\\/zesauro.weeboodesign.com\\\/wp-content\\\/uploads\\\/2018\\\/11\\\/Zesauro_icono_200x200-150x150.png\"},{\"@type\":\"BreadcrumbList\",\"@id\":\"https:\\\/\\\/zesauro.com\\\/pt-pt\\\/aviso-legal\\\/#breadcrumb\",\"itemListElement\":[{\"@type\":\"ListItem\",\"position\":1,\"name\":\"Portada\",\"item\":\"https:\\\/\\\/zesauro.com\\\/pt-pt\\\/\"},{\"@type\":\"ListItem\",\"position\":2,\"name\":\"Aviso Legal\"}]},{\"@type\":\"WebSite\",\"@id\":\"https:\\\/\\\/zesauro.com\\\/pt-pt\\\/#website\",\"url\":\"https:\\\/\\\/zesauro.com\\\/pt-pt\\\/\",\"name\":\"Zesauro Traducciones\",\"description\":\"Servicios de traducci\u00f3n e interpretaci\u00f3n\",\"publisher\":{\"@id\":\"https:\\\/\\\/zesauro.com\\\/pt-pt\\\/#organization\"},\"potentialAction\":[{\"@type\":\"SearchAction\",\"target\":{\"@type\":\"EntryPoint\",\"urlTemplate\":\"https:\\\/\\\/zesauro.com\\\/pt-pt\\\/?s={search_term_string}\"},\"query-input\":{\"@type\":\"PropertyValueSpecification\",\"valueRequired\":true,\"valueName\":\"search_term_string\"}}],\"inLanguage\":\"pt-PT\"},{\"@type\":\"Organization\",\"@id\":\"https:\\\/\\\/zesauro.com\\\/pt-pt\\\/#organization\",\"name\":\"Zesauro Traducciones\",\"url\":\"https:\\\/\\\/zesauro.com\\\/pt-pt\\\/\",\"logo\":{\"@type\":\"ImageObject\",\"inLanguage\":\"pt-PT\",\"@id\":\"https:\\\/\\\/zesauro.com\\\/pt-pt\\\/#\\\/schema\\\/logo\\\/image\\\/\",\"url\":\"https:\\\/\\\/zesauro.com\\\/wp-content\\\/uploads\\\/2018\\\/11\\\/zesauro_logo_236x293.png\",\"contentUrl\":\"https:\\\/\\\/zesauro.com\\\/wp-content\\\/uploads\\\/2018\\\/11\\\/zesauro_logo_236x293.png\",\"width\":236,\"height\":293,\"caption\":\"Zesauro Traducciones\"},\"image\":{\"@id\":\"https:\\\/\\\/zesauro.com\\\/pt-pt\\\/#\\\/schema\\\/logo\\\/image\\\/\"}}]}<\/script>\n<!-- \/ Yoast SEO plugin. -->","yoast_head_json":{"title":"Aviso Legal - Zesauro Traducciones","robots":{"index":"index","follow":"follow","max-snippet":"max-snippet:-1","max-image-preview":"max-image-preview:large","max-video-preview":"max-video-preview:-1"},"canonical":"https:\/\/zesauro.com\/pt-pt\/aviso-legal\/","og_locale":"pt_PT","og_type":"article","og_title":"Aviso Legal - Zesauro Traducciones","og_description":"Aviso Legal O presente aviso legal e a presente informa\u00e7\u00e3o legal (doravante denominados o &#8220;AVISO LEGAL&#8221;) regulam o uso do servi\u00e7o do portal [&hellip;]","og_url":"https:\/\/zesauro.com\/pt-pt\/aviso-legal\/","og_site_name":"Zesauro Traducciones","article_modified_time":"2019-06-18T19:16:23+00:00","og_image":[{"url":"https:\/\/zesauro.weeboodesign.com\/wp-content\/uploads\/2018\/11\/Zesauro_icono_200x200-150x150.png","type":"","width":"","height":""}],"twitter_card":"summary_large_image","twitter_misc":{"Tempo estimado de leitura":"1 minuto"},"schema":{"@context":"https:\/\/schema.org","@graph":[{"@type":"WebPage","@id":"https:\/\/zesauro.com\/pt-pt\/aviso-legal\/","url":"https:\/\/zesauro.com\/pt-pt\/aviso-legal\/","name":"Aviso Legal - Zesauro Traducciones","isPartOf":{"@id":"https:\/\/zesauro.com\/pt-pt\/#website"},"primaryImageOfPage":{"@id":"https:\/\/zesauro.com\/pt-pt\/aviso-legal\/#primaryimage"},"image":{"@id":"https:\/\/zesauro.com\/pt-pt\/aviso-legal\/#primaryimage"},"thumbnailUrl":"https:\/\/zesauro.weeboodesign.com\/wp-content\/uploads\/2018\/11\/Zesauro_icono_200x200-150x150.png","datePublished":"2019-05-20T08:58:43+00:00","dateModified":"2019-06-18T19:16:23+00:00","breadcrumb":{"@id":"https:\/\/zesauro.com\/pt-pt\/aviso-legal\/#breadcrumb"},"inLanguage":"pt-PT","potentialAction":[{"@type":"ReadAction","target":["https:\/\/zesauro.com\/pt-pt\/aviso-legal\/"]}]},{"@type":"ImageObject","inLanguage":"pt-PT","@id":"https:\/\/zesauro.com\/pt-pt\/aviso-legal\/#primaryimage","url":"https:\/\/zesauro.weeboodesign.com\/wp-content\/uploads\/2018\/11\/Zesauro_icono_200x200-150x150.png","contentUrl":"https:\/\/zesauro.weeboodesign.com\/wp-content\/uploads\/2018\/11\/Zesauro_icono_200x200-150x150.png"},{"@type":"BreadcrumbList","@id":"https:\/\/zesauro.com\/pt-pt\/aviso-legal\/#breadcrumb","itemListElement":[{"@type":"ListItem","position":1,"name":"Portada","item":"https:\/\/zesauro.com\/pt-pt\/"},{"@type":"ListItem","position":2,"name":"Aviso Legal"}]},{"@type":"WebSite","@id":"https:\/\/zesauro.com\/pt-pt\/#website","url":"https:\/\/zesauro.com\/pt-pt\/","name":"Zesauro Traducciones","description":"Servicios de traducci\u00f3n e interpretaci\u00f3n","publisher":{"@id":"https:\/\/zesauro.com\/pt-pt\/#organization"},"potentialAction":[{"@type":"SearchAction","target":{"@type":"EntryPoint","urlTemplate":"https:\/\/zesauro.com\/pt-pt\/?s={search_term_string}"},"query-input":{"@type":"PropertyValueSpecification","valueRequired":true,"valueName":"search_term_string"}}],"inLanguage":"pt-PT"},{"@type":"Organization","@id":"https:\/\/zesauro.com\/pt-pt\/#organization","name":"Zesauro Traducciones","url":"https:\/\/zesauro.com\/pt-pt\/","logo":{"@type":"ImageObject","inLanguage":"pt-PT","@id":"https:\/\/zesauro.com\/pt-pt\/#\/schema\/logo\/image\/","url":"https:\/\/zesauro.com\/wp-content\/uploads\/2018\/11\/zesauro_logo_236x293.png","contentUrl":"https:\/\/zesauro.com\/wp-content\/uploads\/2018\/11\/zesauro_logo_236x293.png","width":236,"height":293,"caption":"Zesauro Traducciones"},"image":{"@id":"https:\/\/zesauro.com\/pt-pt\/#\/schema\/logo\/image\/"}}]}},"_links":{"self":[{"href":"https:\/\/zesauro.com\/pt-pt\/wp-json\/wp\/v2\/pages\/1952","targetHints":{"allow":["GET"]}}],"collection":[{"href":"https:\/\/zesauro.com\/pt-pt\/wp-json\/wp\/v2\/pages"}],"about":[{"href":"https:\/\/zesauro.com\/pt-pt\/wp-json\/wp\/v2\/types\/page"}],"author":[{"embeddable":true,"href":"https:\/\/zesauro.com\/pt-pt\/wp-json\/wp\/v2\/users\/8"}],"replies":[{"embeddable":true,"href":"https:\/\/zesauro.com\/pt-pt\/wp-json\/wp\/v2\/comments?post=1952"}],"version-history":[{"count":2,"href":"https:\/\/zesauro.com\/pt-pt\/wp-json\/wp\/v2\/pages\/1952\/revisions"}],"predecessor-version":[{"id":2079,"href":"https:\/\/zesauro.com\/pt-pt\/wp-json\/wp\/v2\/pages\/1952\/revisions\/2079"}],"wp:attachment":[{"href":"https:\/\/zesauro.com\/pt-pt\/wp-json\/wp\/v2\/media?parent=1952"}],"curies":[{"name":"wp","href":"https:\/\/api.w.org\/{rel}","templated":true}]}}