{"id":1968,"date":"2019-05-20T10:13:52","date_gmt":"2019-05-20T10:13:52","guid":{"rendered":"https:\/\/zesauro.weeboodesign.com\/informativa-sulla-privacy\/"},"modified":"2019-06-18T19:14:49","modified_gmt":"2019-06-18T19:14:49","slug":"informativa-sulla-privacy","status":"publish","type":"page","link":"https:\/\/zesauro.com\/it\/informativa-sulla-privacy\/","title":{"rendered":"Informativa sulla Privacy"},"content":{"rendered":"\t\t<div data-elementor-type=\"wp-post\" data-elementor-id=\"1968\" class=\"elementor elementor-1968 elementor-482\" data-elementor-post-type=\"page\">\n\t\t\t\t\t\t<section class=\"elementor-section elementor-top-section elementor-element elementor-element-17c43a66 elementor-section-boxed elementor-section-height-default elementor-section-height-default\" data-id=\"17c43a66\" data-element_type=\"section\" data-e-type=\"section\" id=\"home\" data-settings=\"{&quot;background_background&quot;:&quot;classic&quot;}\">\n\t\t\t\t\t\t\t<div class=\"elementor-background-overlay\"><\/div>\n\t\t\t\t\t\t\t<div class=\"elementor-container elementor-column-gap-default\">\n\t\t\t\t\t<div class=\"elementor-column elementor-col-100 elementor-top-column elementor-element elementor-element-a244143\" data-id=\"a244143\" data-element_type=\"column\" data-e-type=\"column\" data-settings=\"{&quot;background_background&quot;:&quot;classic&quot;}\">\n\t\t\t<div class=\"elementor-widget-wrap elementor-element-populated\">\n\t\t\t\t\t\t<div class=\"elementor-element elementor-element-6abdfae8 elementor-widget elementor-widget-image\" data-id=\"6abdfae8\" data-element_type=\"widget\" data-e-type=\"widget\" data-widget_type=\"image.default\">\n\t\t\t\t<div class=\"elementor-widget-container\">\n\t\t\t\t\t\t\t\t\t\t\t\t\t\t\t<img decoding=\"async\" width=\"150\" height=\"150\" src=\"https:\/\/zesauro.com\/wp-content\/uploads\/2018\/11\/Zesauro_icono_200x200-150x150.png\" class=\"attachment-thumbnail size-thumbnail wp-image-1078\" alt=\"\" srcset=\"https:\/\/zesauro.com\/wp-content\/uploads\/2018\/11\/Zesauro_icono_200x200-150x150.png 150w, https:\/\/zesauro.com\/wp-content\/uploads\/2018\/11\/Zesauro_icono_200x200.png 200w\" sizes=\"(max-width: 150px) 100vw, 150px\" \/>\t\t\t\t\t\t\t\t\t\t\t\t\t\t\t<\/div>\n\t\t\t\t<\/div>\n\t\t\t\t<div class=\"elementor-element elementor-element-19b54c89 elementor-widget elementor-widget-heading\" data-id=\"19b54c89\" data-element_type=\"widget\" data-e-type=\"widget\" data-widget_type=\"heading.default\">\n\t\t\t\t<div class=\"elementor-widget-container\">\n\t\t\t\t\t<h1 class=\"elementor-heading-title elementor-size-default\">Informativa sulla Privacy<\/h1>\t\t\t\t<\/div>\n\t\t\t\t<\/div>\n\t\t\t\t<section class=\"elementor-section elementor-inner-section elementor-element elementor-element-94fe9e2 elementor-section-boxed elementor-section-height-default elementor-section-height-default\" data-id=\"94fe9e2\" data-element_type=\"section\" data-e-type=\"section\">\n\t\t\t\t\t\t<div class=\"elementor-container elementor-column-gap-default\">\n\t\t\t\t\t<div class=\"elementor-column elementor-col-33 elementor-inner-column elementor-element elementor-element-3ee700f3\" data-id=\"3ee700f3\" data-element_type=\"column\" data-e-type=\"column\">\n\t\t\t<div class=\"elementor-widget-wrap\">\n\t\t\t\t\t\t\t<\/div>\n\t\t<\/div>\n\t\t\t\t<div class=\"elementor-column elementor-col-33 elementor-inner-column elementor-element elementor-element-45b11a46\" data-id=\"45b11a46\" data-element_type=\"column\" data-e-type=\"column\">\n\t\t\t<div class=\"elementor-widget-wrap elementor-element-populated\">\n\t\t\t\t\t\t<div class=\"elementor-element elementor-element-200c0bd0 elementor-widget elementor-widget-text-editor\" data-id=\"200c0bd0\" data-element_type=\"widget\" data-e-type=\"widget\" data-widget_type=\"text-editor.default\">\n\t\t\t\t<div class=\"elementor-widget-container\">\n\t\t\t\t\t\t\t\t\t<p>La privacy \u00e8 la pietra miliare del nostro lavoro, quindi vogliamo che tu conosca esattamente come raccogliamo e utilizziamo le informazioni personali che ci fornisci.<\/p>\n<p>Ricorda che acquistando i nostri servizi o inviandoci il tuo CV stai accettando la nostra Informativa sulla Privacy, quindi leggila attentamente per esserne informato.<\/p>\n<p>&nbsp;<\/p>\n<p><strong>Chi c&#8217;\u00e8 dietro questo sito Web e chi \u00e8 il responsabile dei dati in esso contenuti?<\/strong><\/p>\n<p>Zesauro Traducciones, S.L. \u00e8 una societ\u00e0 di servizi linguistici specializzata in attivit\u00e0 di traduzione e interpretazione, con Codice di Identificazione Fiscale (CIF) B-83230870 e sede legale in Calle Orense 25 \u2013 7\u00baA 28020, Madrid.<\/p>\n<p>Zesauro Traducciones, S.L. \u00e8 il titolare del sito Web www.zesauro.com (di seguito, &#8220;il sito Web&#8221;) ed \u00e8 a sua volta responsabile del trattamento dei dati raccolti attraverso lo stesso. La societ\u00e0 ha adottato le azioni necessarie per adempiere alle linee guida della normativa vigente in materia di protezione dei dati personali, Regolamento (UE) 2016\/679 del 27 aprile 2016 (RGPD), relativo alla protezione delle persone fisiche con riguardo al trattamento dei dati personal e la libera circolazione degli stessi.<\/p>\n<p>&nbsp;<\/p>\n<p><strong>Con quale finalit\u00e0 usiamo i tuoi dati personali?<\/strong><\/p>\n<p>Zesauro Traducciones, S.L. non trasmette dati a parti terze n\u00e9 effettua trasferimenti internazionali di dati per scopi commerciali, ma inserisce i dati personali che riceve nei propri sistemi informatici con le seguenti finalit\u00e0:<\/p>\n<ol>\n<li>Nelle <strong>procedure di selezione del personale:<\/strong> gestiremo il tuo CV per analizzare il tuo profilo al fine di avviare o mantenere un rapporto commerciale, basandoci sul consenso concesso attraverso l\u2019invio dello stesso. Tuttavia, hai il diritto di opporti a questo trattamento in qualsiasi momento attraverso uno dei mezzi descritti nella presente Informativa. I tuoi dati rimarranno nel nostro database indefinitivamente o fino a quanto tu non ci chieda di eliminarli.<\/li>\n<li>Nei <strong>rapporti commerciali con i clienti:<\/strong> utilizzeremo i tuoi dati per rispondere alle tue richieste di informazioni o di preventivo, nonch\u00e9 per offrire i nostri servizi in modo pi\u00f9 personalizzato, sulla base del consenso concesso attraverso la tua richiesta di informazioni o di preventivo. I tuoi dati rimarranno nel nostro database indefinitivamente o fino a quanto tu non ci chieda di eliminarli.<\/li>\n<li>In caso di <strong>commenti sul blog<\/strong>: useremo i tuoi dati in modo che i tuoi commenti appaiano pubblicati in questa sezione.<\/li>\n<\/ol>\n<p>Tuttavia, ci sono alcuni fornitori esterni che potrebbero avere accesso ai tuoi dati personali, solo nella misura necessaria per potere svolgere i servizi che ci consentono di mantenere il nostro sito Web e i nostri processi di lavoro interni. Tutti i fornitori che intervengono in qualsiasi fase del trattamento saranno a loro volta tenuti a mantenere il segreto professionale e ad adottare i livelli di protezione necessari per garantire la sicurezza dei dati personali.<\/p>\n<p><strong>Informativa sui cookie:<\/strong> per maggiori informazioni sui cookie che utilizziamo sul nostro sito Web, puoi leggere la nostra Informativa sui cookie. Ricorda che l&#8217;interazione con altre applicazioni e social network sul Web \u00e8 regolata dalle rispettive informative sulla privacy delle societ\u00e0 che offrono i suddetti servizi.<\/p>\n<p>&nbsp;<\/p>\n<p><strong>Quali sono i tuoi diritti sui tuoi dati personali?<\/strong><\/p>\n<p>Zesauro Traducciones S.L. garantisce il pieno esercizio dei diritti di accesso, rettifica, cancellazione, informazione e opposizione, limitazione e portabilit\u00e0, nei termini stabiliti dalla legislazione vigente. Pertanto, potrai esercitare i tuoi diritti inviando una richiesta espressa via e-mail a zesauro@zesauro.com, indicando nell&#8217;oggetto: \u201cDiritti di Protezione dei Dati\u201d e allegando una fotocopia del documento d&#8217;identit\u00e0 o del passaporto.<\/p>\n<p>Per ulteriori informazioni puoi consultare il sito Web: www.agpd.es.<\/p>\n<p>Se ritieni che i tuoi diritti siano stati violati, puoi presentare reclamo scrivendo all&#8217;Agenzia spagnola per la protezione dei dati (Calle Jorge Juan, 6 &#8211; 28001 &#8211; Madrid, Espa\u00f1a) o utilizzando il sito Web: <a href=\"https:\/\/sedeagpd.gob.es\/\">https:\/\/sedeagpd.gob.es<\/a>. In entrambi i casi, al reclamo dovrai accompagnare la documentazione pertinente.<\/p>\n<p>Zesauro Traducciones S.L. si riserva il diritto di modificare la presente Informativa per adattarla agli aggiornamenti legislativi o giurisprudenziali.<\/p>\n<p>In caso di dubbi, puoi scriverci a zesauro@zesauro.com. Ti aiuteremo con tutto ci\u00f2 di cui hai bisogno.<\/p>\n\t\t\t\t\t\t\t\t<\/div>\n\t\t\t\t<\/div>\n\t\t\t\t\t<\/div>\n\t\t<\/div>\n\t\t\t\t<div class=\"elementor-column elementor-col-33 elementor-inner-column elementor-element elementor-element-285d4c4e\" data-id=\"285d4c4e\" data-element_type=\"column\" data-e-type=\"column\">\n\t\t\t<div class=\"elementor-widget-wrap\">\n\t\t\t\t\t\t\t<\/div>\n\t\t<\/div>\n\t\t\t\t\t<\/div>\n\t\t<\/section>\n\t\t\t\t\t<\/div>\n\t\t<\/div>\n\t\t\t\t\t<\/div>\n\t\t<\/section>\n\t\t\t\t<\/div>\n\t\t","protected":false},"excerpt":{"rendered":"<p>Informativa sulla Privacy La privacy \u00e8 la pietra miliare del nostro lavoro, quindi vogliamo che tu conosca esattamente come raccogliamo e utilizziamo le [&hellip;]<\/p>\n","protected":false},"author":8,"featured_media":0,"parent":0,"menu_order":0,"comment_status":"closed","ping_status":"closed","template":"","meta":{"_exactmetrics_skip_tracking":false,"_exactmetrics_sitenote_active":false,"_exactmetrics_sitenote_note":"","_exactmetrics_sitenote_category":0,"site-sidebar-layout":"no-sidebar","site-content-layout":"page-builder","ast-site-content-layout":"default","site-content-style":"default","site-sidebar-style":"default","ast-global-header-display":"","ast-banner-title-visibility":"","ast-main-header-display":"","ast-hfb-above-header-display":"","ast-hfb-below-header-display":"","ast-hfb-mobile-header-display":"","site-post-title":"disabled","ast-breadcrumbs-content":"","ast-featured-img":"disabled","footer-sml-layout":"","ast-disable-related-posts":"","theme-transparent-header-meta":"","adv-header-id-meta":"","stick-header-meta":"","header-above-stick-meta":"","header-main-stick-meta":"","header-below-stick-meta":"","astra-migrate-meta-layouts":"default","ast-page-background-enabled":"default","ast-page-background-meta":{"desktop":{"background-color":"","background-image":"","background-repeat":"repeat","background-position":"center center","background-size":"auto","background-attachment":"scroll","background-type":"","background-media":"","overlay-type":"","overlay-color":"","overlay-opacity":"","overlay-gradient":""},"tablet":{"background-color":"","background-image":"","background-repeat":"repeat","background-position":"center center","background-size":"auto","background-attachment":"scroll","background-type":"","background-media":"","overlay-type":"","overlay-color":"","overlay-opacity":"","overlay-gradient":""},"mobile":{"background-color":"","background-image":"","background-repeat":"repeat","background-position":"center center","background-size":"auto","background-attachment":"scroll","background-type":"","background-media":"","overlay-type":"","overlay-color":"","overlay-opacity":"","overlay-gradient":""}},"ast-content-background-meta":{"desktop":{"background-color":"var(--ast-global-color-5)","background-image":"","background-repeat":"repeat","background-position":"center center","background-size":"auto","background-attachment":"scroll","background-type":"","background-media":"","overlay-type":"","overlay-color":"","overlay-opacity":"","overlay-gradient":""},"tablet":{"background-color":"var(--ast-global-color-5)","background-image":"","background-repeat":"repeat","background-position":"center center","background-size":"auto","background-attachment":"scroll","background-type":"","background-media":"","overlay-type":"","overlay-color":"","overlay-opacity":"","overlay-gradient":""},"mobile":{"background-color":"var(--ast-global-color-5)","background-image":"","background-repeat":"repeat","background-position":"center center","background-size":"auto","background-attachment":"scroll","background-type":"","background-media":"","overlay-type":"","overlay-color":"","overlay-opacity":"","overlay-gradient":""}},"footnotes":""},"class_list":["post-1968","page","type-page","status-publish","hentry"],"yoast_head":"<!-- This site is optimized with the Yoast SEO plugin v27.5 - https:\/\/yoast.com\/product\/yoast-seo-wordpress\/ -->\n<title>Informativa sulla Privacy - Zesauro Traducciones<\/title>\n<meta name=\"robots\" content=\"index, follow, max-snippet:-1, max-image-preview:large, max-video-preview:-1\" \/>\n<link rel=\"canonical\" href=\"https:\/\/zesauro.com\/it\/informativa-sulla-privacy\/\" \/>\n<meta property=\"og:locale\" content=\"it_IT\" \/>\n<meta property=\"og:type\" content=\"article\" \/>\n<meta property=\"og:title\" content=\"Informativa sulla Privacy - Zesauro Traducciones\" \/>\n<meta property=\"og:description\" content=\"Informativa sulla Privacy La privacy \u00e8 la pietra miliare del nostro lavoro, quindi vogliamo che tu conosca esattamente come raccogliamo e utilizziamo le [&hellip;]\" \/>\n<meta property=\"og:url\" content=\"https:\/\/zesauro.com\/it\/informativa-sulla-privacy\/\" \/>\n<meta property=\"og:site_name\" content=\"Zesauro Traducciones\" \/>\n<meta property=\"article:modified_time\" content=\"2019-06-18T19:14:49+00:00\" \/>\n<meta property=\"og:image\" content=\"https:\/\/zesauro.weeboodesign.com\/wp-content\/uploads\/2018\/11\/Zesauro_icono_200x200-150x150.png\" \/>\n<meta name=\"twitter:card\" content=\"summary_large_image\" \/>\n<meta name=\"twitter:label1\" content=\"Tempo di lettura stimato\" \/>\n\t<meta name=\"twitter:data1\" content=\"3 minuti\" \/>\n<script type=\"application\/ld+json\" class=\"yoast-schema-graph\">{\"@context\":\"https:\\\/\\\/schema.org\",\"@graph\":[{\"@type\":\"WebPage\",\"@id\":\"https:\\\/\\\/zesauro.com\\\/it\\\/informativa-sulla-privacy\\\/\",\"url\":\"https:\\\/\\\/zesauro.com\\\/it\\\/informativa-sulla-privacy\\\/\",\"name\":\"Informativa sulla Privacy - Zesauro Traducciones\",\"isPartOf\":{\"@id\":\"https:\\\/\\\/zesauro.com\\\/it\\\/#website\"},\"primaryImageOfPage\":{\"@id\":\"https:\\\/\\\/zesauro.com\\\/it\\\/informativa-sulla-privacy\\\/#primaryimage\"},\"image\":{\"@id\":\"https:\\\/\\\/zesauro.com\\\/it\\\/informativa-sulla-privacy\\\/#primaryimage\"},\"thumbnailUrl\":\"https:\\\/\\\/zesauro.weeboodesign.com\\\/wp-content\\\/uploads\\\/2018\\\/11\\\/Zesauro_icono_200x200-150x150.png\",\"datePublished\":\"2019-05-20T10:13:52+00:00\",\"dateModified\":\"2019-06-18T19:14:49+00:00\",\"breadcrumb\":{\"@id\":\"https:\\\/\\\/zesauro.com\\\/it\\\/informativa-sulla-privacy\\\/#breadcrumb\"},\"inLanguage\":\"it-IT\",\"potentialAction\":[{\"@type\":\"ReadAction\",\"target\":[\"https:\\\/\\\/zesauro.com\\\/it\\\/informativa-sulla-privacy\\\/\"]}]},{\"@type\":\"ImageObject\",\"inLanguage\":\"it-IT\",\"@id\":\"https:\\\/\\\/zesauro.com\\\/it\\\/informativa-sulla-privacy\\\/#primaryimage\",\"url\":\"https:\\\/\\\/zesauro.weeboodesign.com\\\/wp-content\\\/uploads\\\/2018\\\/11\\\/Zesauro_icono_200x200-150x150.png\",\"contentUrl\":\"https:\\\/\\\/zesauro.weeboodesign.com\\\/wp-content\\\/uploads\\\/2018\\\/11\\\/Zesauro_icono_200x200-150x150.png\"},{\"@type\":\"BreadcrumbList\",\"@id\":\"https:\\\/\\\/zesauro.com\\\/it\\\/informativa-sulla-privacy\\\/#breadcrumb\",\"itemListElement\":[{\"@type\":\"ListItem\",\"position\":1,\"name\":\"Portada\",\"item\":\"https:\\\/\\\/zesauro.com\\\/it\\\/\"},{\"@type\":\"ListItem\",\"position\":2,\"name\":\"Informativa sulla Privacy\"}]},{\"@type\":\"WebSite\",\"@id\":\"https:\\\/\\\/zesauro.com\\\/it\\\/#website\",\"url\":\"https:\\\/\\\/zesauro.com\\\/it\\\/\",\"name\":\"Zesauro Traducciones\",\"description\":\"Servicios de traducci\u00f3n e interpretaci\u00f3n\",\"publisher\":{\"@id\":\"https:\\\/\\\/zesauro.com\\\/it\\\/#organization\"},\"potentialAction\":[{\"@type\":\"SearchAction\",\"target\":{\"@type\":\"EntryPoint\",\"urlTemplate\":\"https:\\\/\\\/zesauro.com\\\/it\\\/?s={search_term_string}\"},\"query-input\":{\"@type\":\"PropertyValueSpecification\",\"valueRequired\":true,\"valueName\":\"search_term_string\"}}],\"inLanguage\":\"it-IT\"},{\"@type\":\"Organization\",\"@id\":\"https:\\\/\\\/zesauro.com\\\/it\\\/#organization\",\"name\":\"Zesauro Traducciones\",\"url\":\"https:\\\/\\\/zesauro.com\\\/it\\\/\",\"logo\":{\"@type\":\"ImageObject\",\"inLanguage\":\"it-IT\",\"@id\":\"https:\\\/\\\/zesauro.com\\\/it\\\/#\\\/schema\\\/logo\\\/image\\\/\",\"url\":\"https:\\\/\\\/zesauro.com\\\/wp-content\\\/uploads\\\/2018\\\/11\\\/zesauro_logo_236x293.png\",\"contentUrl\":\"https:\\\/\\\/zesauro.com\\\/wp-content\\\/uploads\\\/2018\\\/11\\\/zesauro_logo_236x293.png\",\"width\":236,\"height\":293,\"caption\":\"Zesauro Traducciones\"},\"image\":{\"@id\":\"https:\\\/\\\/zesauro.com\\\/it\\\/#\\\/schema\\\/logo\\\/image\\\/\"}}]}<\/script>\n<!-- \/ Yoast SEO plugin. -->","yoast_head_json":{"title":"Informativa sulla Privacy - Zesauro Traducciones","robots":{"index":"index","follow":"follow","max-snippet":"max-snippet:-1","max-image-preview":"max-image-preview:large","max-video-preview":"max-video-preview:-1"},"canonical":"https:\/\/zesauro.com\/it\/informativa-sulla-privacy\/","og_locale":"it_IT","og_type":"article","og_title":"Informativa sulla Privacy - Zesauro Traducciones","og_description":"Informativa sulla Privacy La privacy \u00e8 la pietra miliare del nostro lavoro, quindi vogliamo che tu conosca esattamente come raccogliamo e utilizziamo le [&hellip;]","og_url":"https:\/\/zesauro.com\/it\/informativa-sulla-privacy\/","og_site_name":"Zesauro Traducciones","article_modified_time":"2019-06-18T19:14:49+00:00","og_image":[{"url":"https:\/\/zesauro.weeboodesign.com\/wp-content\/uploads\/2018\/11\/Zesauro_icono_200x200-150x150.png","type":"","width":"","height":""}],"twitter_card":"summary_large_image","twitter_misc":{"Tempo di lettura stimato":"3 minuti"},"schema":{"@context":"https:\/\/schema.org","@graph":[{"@type":"WebPage","@id":"https:\/\/zesauro.com\/it\/informativa-sulla-privacy\/","url":"https:\/\/zesauro.com\/it\/informativa-sulla-privacy\/","name":"Informativa sulla Privacy - Zesauro Traducciones","isPartOf":{"@id":"https:\/\/zesauro.com\/it\/#website"},"primaryImageOfPage":{"@id":"https:\/\/zesauro.com\/it\/informativa-sulla-privacy\/#primaryimage"},"image":{"@id":"https:\/\/zesauro.com\/it\/informativa-sulla-privacy\/#primaryimage"},"thumbnailUrl":"https:\/\/zesauro.weeboodesign.com\/wp-content\/uploads\/2018\/11\/Zesauro_icono_200x200-150x150.png","datePublished":"2019-05-20T10:13:52+00:00","dateModified":"2019-06-18T19:14:49+00:00","breadcrumb":{"@id":"https:\/\/zesauro.com\/it\/informativa-sulla-privacy\/#breadcrumb"},"inLanguage":"it-IT","potentialAction":[{"@type":"ReadAction","target":["https:\/\/zesauro.com\/it\/informativa-sulla-privacy\/"]}]},{"@type":"ImageObject","inLanguage":"it-IT","@id":"https:\/\/zesauro.com\/it\/informativa-sulla-privacy\/#primaryimage","url":"https:\/\/zesauro.weeboodesign.com\/wp-content\/uploads\/2018\/11\/Zesauro_icono_200x200-150x150.png","contentUrl":"https:\/\/zesauro.weeboodesign.com\/wp-content\/uploads\/2018\/11\/Zesauro_icono_200x200-150x150.png"},{"@type":"BreadcrumbList","@id":"https:\/\/zesauro.com\/it\/informativa-sulla-privacy\/#breadcrumb","itemListElement":[{"@type":"ListItem","position":1,"name":"Portada","item":"https:\/\/zesauro.com\/it\/"},{"@type":"ListItem","position":2,"name":"Informativa sulla Privacy"}]},{"@type":"WebSite","@id":"https:\/\/zesauro.com\/it\/#website","url":"https:\/\/zesauro.com\/it\/","name":"Zesauro Traducciones","description":"Servicios de traducci\u00f3n e interpretaci\u00f3n","publisher":{"@id":"https:\/\/zesauro.com\/it\/#organization"},"potentialAction":[{"@type":"SearchAction","target":{"@type":"EntryPoint","urlTemplate":"https:\/\/zesauro.com\/it\/?s={search_term_string}"},"query-input":{"@type":"PropertyValueSpecification","valueRequired":true,"valueName":"search_term_string"}}],"inLanguage":"it-IT"},{"@type":"Organization","@id":"https:\/\/zesauro.com\/it\/#organization","name":"Zesauro Traducciones","url":"https:\/\/zesauro.com\/it\/","logo":{"@type":"ImageObject","inLanguage":"it-IT","@id":"https:\/\/zesauro.com\/it\/#\/schema\/logo\/image\/","url":"https:\/\/zesauro.com\/wp-content\/uploads\/2018\/11\/zesauro_logo_236x293.png","contentUrl":"https:\/\/zesauro.com\/wp-content\/uploads\/2018\/11\/zesauro_logo_236x293.png","width":236,"height":293,"caption":"Zesauro Traducciones"},"image":{"@id":"https:\/\/zesauro.com\/it\/#\/schema\/logo\/image\/"}}]}},"_links":{"self":[{"href":"https:\/\/zesauro.com\/it\/wp-json\/wp\/v2\/pages\/1968","targetHints":{"allow":["GET"]}}],"collection":[{"href":"https:\/\/zesauro.com\/it\/wp-json\/wp\/v2\/pages"}],"about":[{"href":"https:\/\/zesauro.com\/it\/wp-json\/wp\/v2\/types\/page"}],"author":[{"embeddable":true,"href":"https:\/\/zesauro.com\/it\/wp-json\/wp\/v2\/users\/8"}],"replies":[{"embeddable":true,"href":"https:\/\/zesauro.com\/it\/wp-json\/wp\/v2\/comments?post=1968"}],"version-history":[{"count":2,"href":"https:\/\/zesauro.com\/it\/wp-json\/wp\/v2\/pages\/1968\/revisions"}],"predecessor-version":[{"id":2075,"href":"https:\/\/zesauro.com\/it\/wp-json\/wp\/v2\/pages\/1968\/revisions\/2075"}],"wp:attachment":[{"href":"https:\/\/zesauro.com\/it\/wp-json\/wp\/v2\/media?parent=1968"}],"curies":[{"name":"wp","href":"https:\/\/api.w.org\/{rel}","templated":true}]}}