{"id":1957,"date":"2019-05-20T09:02:29","date_gmt":"2019-05-20T09:02:29","guid":{"rendered":"https:\/\/zesauro.weeboodesign.com\/politica-di-qualita\/"},"modified":"2024-07-08T13:12:00","modified_gmt":"2024-07-08T11:12:00","slug":"politica-di-qualita","status":"publish","type":"page","link":"https:\/\/zesauro.com\/it\/politica-di-qualita\/","title":{"rendered":"Politica di Qualit\u00e0"},"content":{"rendered":"\t\t<div data-elementor-type=\"wp-post\" data-elementor-id=\"1957\" class=\"elementor elementor-1957 elementor-449\" data-elementor-post-type=\"page\">\n\t\t\t\t\t\t<section class=\"elementor-section elementor-top-section elementor-element elementor-element-63501a8a elementor-section-boxed elementor-section-height-default elementor-section-height-default\" data-id=\"63501a8a\" data-element_type=\"section\" data-e-type=\"section\" id=\"home\" data-settings=\"{&quot;background_background&quot;:&quot;classic&quot;}\">\n\t\t\t\t\t\t\t<div class=\"elementor-background-overlay\"><\/div>\n\t\t\t\t\t\t\t<div class=\"elementor-container elementor-column-gap-default\">\n\t\t\t\t\t<div class=\"elementor-column elementor-col-100 elementor-top-column elementor-element elementor-element-4c3e2e44\" data-id=\"4c3e2e44\" data-element_type=\"column\" data-e-type=\"column\" data-settings=\"{&quot;background_background&quot;:&quot;classic&quot;}\">\n\t\t\t<div class=\"elementor-widget-wrap elementor-element-populated\">\n\t\t\t\t\t\t<div class=\"elementor-element elementor-element-346db15c elementor-widget elementor-widget-image\" data-id=\"346db15c\" data-element_type=\"widget\" data-e-type=\"widget\" data-widget_type=\"image.default\">\n\t\t\t\t<div class=\"elementor-widget-container\">\n\t\t\t\t\t\t\t\t\t\t\t\t\t\t\t<img decoding=\"async\" width=\"150\" height=\"150\" src=\"https:\/\/zesauro.com\/wp-content\/uploads\/2018\/11\/Zesauro_icono_200x200-150x150.png\" class=\"attachment-thumbnail size-thumbnail wp-image-1078\" alt=\"\" srcset=\"https:\/\/zesauro.com\/wp-content\/uploads\/2018\/11\/Zesauro_icono_200x200-150x150.png 150w, https:\/\/zesauro.com\/wp-content\/uploads\/2018\/11\/Zesauro_icono_200x200.png 200w\" sizes=\"(max-width: 150px) 100vw, 150px\" \/>\t\t\t\t\t\t\t\t\t\t\t\t\t\t\t<\/div>\n\t\t\t\t<\/div>\n\t\t\t\t<div class=\"elementor-element elementor-element-3c66d5a9 elementor-widget elementor-widget-heading\" data-id=\"3c66d5a9\" data-element_type=\"widget\" data-e-type=\"widget\" data-widget_type=\"heading.default\">\n\t\t\t\t<div class=\"elementor-widget-container\">\n\t\t\t\t\t<h1 class=\"elementor-heading-title elementor-size-default\">Politica di Qualit\u00e0 e Sicurezza delle Informazioni<\/h1>\t\t\t\t<\/div>\n\t\t\t\t<\/div>\n\t\t\t\t<section class=\"elementor-section elementor-inner-section elementor-element elementor-element-824b777 elementor-section-boxed elementor-section-height-default elementor-section-height-default\" data-id=\"824b777\" data-element_type=\"section\" data-e-type=\"section\">\n\t\t\t\t\t\t<div class=\"elementor-container elementor-column-gap-default\">\n\t\t\t\t\t<div class=\"elementor-column elementor-col-33 elementor-inner-column elementor-element elementor-element-7fb17a52\" data-id=\"7fb17a52\" data-element_type=\"column\" data-e-type=\"column\">\n\t\t\t<div class=\"elementor-widget-wrap\">\n\t\t\t\t\t\t\t<\/div>\n\t\t<\/div>\n\t\t\t\t<div class=\"elementor-column elementor-col-33 elementor-inner-column elementor-element elementor-element-103968db\" data-id=\"103968db\" data-element_type=\"column\" data-e-type=\"column\">\n\t\t\t<div class=\"elementor-widget-wrap elementor-element-populated\">\n\t\t\t\t\t\t<div class=\"elementor-element elementor-element-6832e65 elementor-widget elementor-widget-text-editor\" data-id=\"6832e65\" data-element_type=\"widget\" data-e-type=\"widget\" data-widget_type=\"text-editor.default\">\n\t\t\t\t<div class=\"elementor-widget-container\">\n\t\t\t\t\t\t\t\t\t<p>Il nostro sistema di gestione della qualit\u00e0 e della sicurezza delle informazioni (di seguito &#8220;SGQSI&#8221;) comprende i requisiti delle norme ISO 9001, ISO 17100 e ISO 27001. Di seguito riportiamo gli impegni di ZESAURO:<\/p><ul><li>La nostra politica di qualit\u00e0 e di sicurezza delle informazioni richiede un sistema vivo, in costante revisione e in linea con il principio del <strong>miglioramento continuo<\/strong>. Questa comprende non solo i processi produttivi, ma anche tutte le attivit\u00e0 legate alla soddisfazione delle aspettative e delle esigenze dei nostri stakeholder.<\/li><li>Il nostro SGQSI si incentra su un approccio basato su rischi, vale a dire che dovremo<strong> identificare i rischi<\/strong> che possono compromettere i nostri processi di gestione, ma anche le <strong>opportunit\u00e0<\/strong> che possono presentarsi e che ci permettono di adottare cambiamenti e miglioramenti. L&#8217;organizzazione seguir\u00e0 lo ciclo di base PDCA (PIANIFICARE-FARE-VERIFICARE-AGIRE), dopo aver analizzato i rischi e le opportunit\u00e0.<\/li><li>Il nostro SGQ deve prevedere <strong>informazioni documentate<\/strong> sui contenuti richiesti dalle norme del nostro sistema di gestione, nonch\u00e9 sugli aspetti che questa direzione ritiene rilevanti e specifici per la gestione ottimale del sistema.<\/li><li>Le informazioni documentate riflettono i <strong>processi<\/strong> in cui viene pianificata l&#8217;attivit\u00e0 dell&#8217;azienda in base ai requisiti del cliente. Inoltre, il SGQSI deve valutarne la corretta esecuzione. A tal fine, verr\u00e0 stabilito e monitorato un sistema di obiettivi di qualit\u00e0 e sicurezza delle informazioni.<\/li><li>Il personale interno di ZESAURO \u00e8 un elemento chiave all&#8217;interno di questa Politica di Qualit\u00e0. Le sue competenze saranno attentamente monitorate e le sue prestazioni valutate e misurate. L&#8217;attenzione al miglioramento dell&#8217;ambiente di lavoro \u00e8 sempre una priorit\u00e0 per la direzione. Inoltre, il personale interno dovr\u00e0 essere coinvolto nella filosofia di gestione della qualit\u00e0 e della sicurezza delle informazioni, assumendo un atteggiamento vigile e attento dinanzi alle irregolarit\u00e0 o alle carenze dei processi, oltre a contribuire con idee e soluzioni ai problemi. Si richieder\u00e0 un impegno basato sulla <strong>proattivit\u00e0<\/strong> e sulla <strong>critica costruttiva<\/strong>.<\/li><li>Il nostro SGQSI sar\u00e0 oggetto di <strong>revisione<\/strong> attraverso il monitoraggio degli obiettivi, nonch\u00e9 a valutazione annuale per adattarlo alle mutevoli circostanze dell&#8217;azienda e del mercato. Inoltre, dovr\u00e0 essere <strong>adeguatamente sottoposto a audit<\/strong> in modo da correggere eventuali deviazioni e qualsiasi altra carenza che possa allontanarci dall&#8217;obiettivo del miglioramento continuo.<\/li><li>ZESAURO \u00e8 soggetta, in qualsiasi momento, alla <strong>legislazione vigente<\/strong>, a tutte le prescrizioni di legge e ai regolamenti che riguardano la nostra attivit\u00e0, nel contesto del nostro obiettivo generale di soddisfazione delle esigenze dei nostri clienti, sia dal punto di vista della qualit\u00e0 che della sicurezza delle informazioni.<\/li><\/ul><p>ULTIMO AGGIORNAMENTO: luglio 2024.<\/p>\t\t\t\t\t\t\t\t<\/div>\n\t\t\t\t<\/div>\n\t\t\t\t\t<\/div>\n\t\t<\/div>\n\t\t\t\t<div class=\"elementor-column elementor-col-33 elementor-inner-column elementor-element elementor-element-5b449bb0\" data-id=\"5b449bb0\" data-element_type=\"column\" data-e-type=\"column\">\n\t\t\t<div class=\"elementor-widget-wrap\">\n\t\t\t\t\t\t\t<\/div>\n\t\t<\/div>\n\t\t\t\t\t<\/div>\n\t\t<\/section>\n\t\t\t\t\t<\/div>\n\t\t<\/div>\n\t\t\t\t\t<\/div>\n\t\t<\/section>\n\t\t\t\t<\/div>\n\t\t","protected":false},"excerpt":{"rendered":"<p>Politica di Qualit\u00e0 e Sicurezza delle Informazioni Il nostro sistema di gestione della qualit\u00e0 e della sicurezza delle informazioni (di seguito &#8220;SGQSI&#8221;) comprende [&hellip;]<\/p>\n","protected":false},"author":8,"featured_media":0,"parent":0,"menu_order":0,"comment_status":"closed","ping_status":"closed","template":"","meta":{"_exactmetrics_skip_tracking":false,"_exactmetrics_sitenote_active":false,"_exactmetrics_sitenote_note":"","_exactmetrics_sitenote_category":0,"site-sidebar-layout":"no-sidebar","site-content-layout":"page-builder","ast-site-content-layout":"default","site-content-style":"default","site-sidebar-style":"default","ast-global-header-display":"","ast-banner-title-visibility":"","ast-main-header-display":"","ast-hfb-above-header-display":"","ast-hfb-below-header-display":"","ast-hfb-mobile-header-display":"","site-post-title":"disabled","ast-breadcrumbs-content":"","ast-featured-img":"disabled","footer-sml-layout":"","ast-disable-related-posts":"","theme-transparent-header-meta":"default","adv-header-id-meta":"","stick-header-meta":"default","header-above-stick-meta":"","header-main-stick-meta":"","header-below-stick-meta":"","astra-migrate-meta-layouts":"default","ast-page-background-enabled":"default","ast-page-background-meta":{"desktop":{"background-color":"","background-image":"","background-repeat":"repeat","background-position":"center center","background-size":"auto","background-attachment":"scroll","background-type":"","background-media":"","overlay-type":"","overlay-color":"","overlay-opacity":"","overlay-gradient":""},"tablet":{"background-color":"","background-image":"","background-repeat":"repeat","background-position":"center center","background-size":"auto","background-attachment":"scroll","background-type":"","background-media":"","overlay-type":"","overlay-color":"","overlay-opacity":"","overlay-gradient":""},"mobile":{"background-color":"","background-image":"","background-repeat":"repeat","background-position":"center center","background-size":"auto","background-attachment":"scroll","background-type":"","background-media":"","overlay-type":"","overlay-color":"","overlay-opacity":"","overlay-gradient":""}},"ast-content-background-meta":{"desktop":{"background-color":"var(--ast-global-color-5)","background-image":"","background-repeat":"repeat","background-position":"center center","background-size":"auto","background-attachment":"scroll","background-type":"","background-media":"","overlay-type":"","overlay-color":"","overlay-opacity":"","overlay-gradient":""},"tablet":{"background-color":"var(--ast-global-color-5)","background-image":"","background-repeat":"repeat","background-position":"center center","background-size":"auto","background-attachment":"scroll","background-type":"","background-media":"","overlay-type":"","overlay-color":"","overlay-opacity":"","overlay-gradient":""},"mobile":{"background-color":"var(--ast-global-color-5)","background-image":"","background-repeat":"repeat","background-position":"center center","background-size":"auto","background-attachment":"scroll","background-type":"","background-media":"","overlay-type":"","overlay-color":"","overlay-opacity":"","overlay-gradient":""}},"footnotes":""},"class_list":["post-1957","page","type-page","status-publish","hentry"],"yoast_head":"<!-- This site is optimized with the Yoast SEO plugin v27.5 - https:\/\/yoast.com\/product\/yoast-seo-wordpress\/ -->\n<title>Politica di Qualit\u00e0 - Zesauro Traducciones<\/title>\n<meta name=\"robots\" content=\"index, follow, max-snippet:-1, max-image-preview:large, max-video-preview:-1\" \/>\n<link rel=\"canonical\" href=\"https:\/\/zesauro.com\/it\/politica-di-qualita\/\" \/>\n<meta property=\"og:locale\" content=\"it_IT\" \/>\n<meta property=\"og:type\" content=\"article\" \/>\n<meta property=\"og:title\" content=\"Politica di Qualit\u00e0 - Zesauro Traducciones\" \/>\n<meta property=\"og:description\" content=\"Politica di Qualit\u00e0 e Sicurezza delle Informazioni Il nostro sistema di gestione della qualit\u00e0 e della sicurezza delle informazioni (di seguito &#8220;SGQSI&#8221;) comprende [&hellip;]\" \/>\n<meta property=\"og:url\" content=\"https:\/\/zesauro.com\/it\/politica-di-qualita\/\" \/>\n<meta property=\"og:site_name\" content=\"Zesauro Traducciones\" \/>\n<meta property=\"article:modified_time\" content=\"2024-07-08T11:12:00+00:00\" \/>\n<meta property=\"og:image\" content=\"https:\/\/zesauro.com\/wp-content\/uploads\/2018\/11\/Zesauro_icono_200x200-150x150.png\" \/>\n<meta name=\"twitter:card\" content=\"summary_large_image\" \/>\n<meta name=\"twitter:label1\" content=\"Tempo di lettura stimato\" \/>\n\t<meta name=\"twitter:data1\" content=\"3 minuti\" \/>\n<script type=\"application\/ld+json\" class=\"yoast-schema-graph\">{\"@context\":\"https:\\\/\\\/schema.org\",\"@graph\":[{\"@type\":\"WebPage\",\"@id\":\"https:\\\/\\\/zesauro.com\\\/it\\\/politica-di-qualita\\\/\",\"url\":\"https:\\\/\\\/zesauro.com\\\/it\\\/politica-di-qualita\\\/\",\"name\":\"Politica di Qualit\u00e0 - Zesauro Traducciones\",\"isPartOf\":{\"@id\":\"https:\\\/\\\/zesauro.com\\\/it\\\/#website\"},\"primaryImageOfPage\":{\"@id\":\"https:\\\/\\\/zesauro.com\\\/it\\\/politica-di-qualita\\\/#primaryimage\"},\"image\":{\"@id\":\"https:\\\/\\\/zesauro.com\\\/it\\\/politica-di-qualita\\\/#primaryimage\"},\"thumbnailUrl\":\"https:\\\/\\\/zesauro.com\\\/wp-content\\\/uploads\\\/2018\\\/11\\\/Zesauro_icono_200x200-150x150.png\",\"datePublished\":\"2019-05-20T09:02:29+00:00\",\"dateModified\":\"2024-07-08T11:12:00+00:00\",\"breadcrumb\":{\"@id\":\"https:\\\/\\\/zesauro.com\\\/it\\\/politica-di-qualita\\\/#breadcrumb\"},\"inLanguage\":\"it-IT\",\"potentialAction\":[{\"@type\":\"ReadAction\",\"target\":[\"https:\\\/\\\/zesauro.com\\\/it\\\/politica-di-qualita\\\/\"]}]},{\"@type\":\"ImageObject\",\"inLanguage\":\"it-IT\",\"@id\":\"https:\\\/\\\/zesauro.com\\\/it\\\/politica-di-qualita\\\/#primaryimage\",\"url\":\"https:\\\/\\\/zesauro.com\\\/wp-content\\\/uploads\\\/2018\\\/11\\\/Zesauro_icono_200x200-150x150.png\",\"contentUrl\":\"https:\\\/\\\/zesauro.com\\\/wp-content\\\/uploads\\\/2018\\\/11\\\/Zesauro_icono_200x200-150x150.png\"},{\"@type\":\"BreadcrumbList\",\"@id\":\"https:\\\/\\\/zesauro.com\\\/it\\\/politica-di-qualita\\\/#breadcrumb\",\"itemListElement\":[{\"@type\":\"ListItem\",\"position\":1,\"name\":\"Portada\",\"item\":\"https:\\\/\\\/zesauro.com\\\/it\\\/\"},{\"@type\":\"ListItem\",\"position\":2,\"name\":\"Politica di Qualit\u00e0\"}]},{\"@type\":\"WebSite\",\"@id\":\"https:\\\/\\\/zesauro.com\\\/it\\\/#website\",\"url\":\"https:\\\/\\\/zesauro.com\\\/it\\\/\",\"name\":\"Zesauro Traducciones\",\"description\":\"Servicios de traducci\u00f3n e interpretaci\u00f3n\",\"publisher\":{\"@id\":\"https:\\\/\\\/zesauro.com\\\/it\\\/#organization\"},\"potentialAction\":[{\"@type\":\"SearchAction\",\"target\":{\"@type\":\"EntryPoint\",\"urlTemplate\":\"https:\\\/\\\/zesauro.com\\\/it\\\/?s={search_term_string}\"},\"query-input\":{\"@type\":\"PropertyValueSpecification\",\"valueRequired\":true,\"valueName\":\"search_term_string\"}}],\"inLanguage\":\"it-IT\"},{\"@type\":\"Organization\",\"@id\":\"https:\\\/\\\/zesauro.com\\\/it\\\/#organization\",\"name\":\"Zesauro Traducciones\",\"url\":\"https:\\\/\\\/zesauro.com\\\/it\\\/\",\"logo\":{\"@type\":\"ImageObject\",\"inLanguage\":\"it-IT\",\"@id\":\"https:\\\/\\\/zesauro.com\\\/it\\\/#\\\/schema\\\/logo\\\/image\\\/\",\"url\":\"https:\\\/\\\/zesauro.com\\\/wp-content\\\/uploads\\\/2018\\\/11\\\/zesauro_logo_236x293.png\",\"contentUrl\":\"https:\\\/\\\/zesauro.com\\\/wp-content\\\/uploads\\\/2018\\\/11\\\/zesauro_logo_236x293.png\",\"width\":236,\"height\":293,\"caption\":\"Zesauro Traducciones\"},\"image\":{\"@id\":\"https:\\\/\\\/zesauro.com\\\/it\\\/#\\\/schema\\\/logo\\\/image\\\/\"}}]}<\/script>\n<!-- \/ Yoast SEO plugin. -->","yoast_head_json":{"title":"Politica di Qualit\u00e0 - Zesauro Traducciones","robots":{"index":"index","follow":"follow","max-snippet":"max-snippet:-1","max-image-preview":"max-image-preview:large","max-video-preview":"max-video-preview:-1"},"canonical":"https:\/\/zesauro.com\/it\/politica-di-qualita\/","og_locale":"it_IT","og_type":"article","og_title":"Politica di Qualit\u00e0 - Zesauro Traducciones","og_description":"Politica di Qualit\u00e0 e Sicurezza delle Informazioni Il nostro sistema di gestione della qualit\u00e0 e della sicurezza delle informazioni (di seguito &#8220;SGQSI&#8221;) comprende [&hellip;]","og_url":"https:\/\/zesauro.com\/it\/politica-di-qualita\/","og_site_name":"Zesauro Traducciones","article_modified_time":"2024-07-08T11:12:00+00:00","og_image":[{"url":"https:\/\/zesauro.com\/wp-content\/uploads\/2018\/11\/Zesauro_icono_200x200-150x150.png","type":"","width":"","height":""}],"twitter_card":"summary_large_image","twitter_misc":{"Tempo di lettura stimato":"3 minuti"},"schema":{"@context":"https:\/\/schema.org","@graph":[{"@type":"WebPage","@id":"https:\/\/zesauro.com\/it\/politica-di-qualita\/","url":"https:\/\/zesauro.com\/it\/politica-di-qualita\/","name":"Politica di Qualit\u00e0 - Zesauro Traducciones","isPartOf":{"@id":"https:\/\/zesauro.com\/it\/#website"},"primaryImageOfPage":{"@id":"https:\/\/zesauro.com\/it\/politica-di-qualita\/#primaryimage"},"image":{"@id":"https:\/\/zesauro.com\/it\/politica-di-qualita\/#primaryimage"},"thumbnailUrl":"https:\/\/zesauro.com\/wp-content\/uploads\/2018\/11\/Zesauro_icono_200x200-150x150.png","datePublished":"2019-05-20T09:02:29+00:00","dateModified":"2024-07-08T11:12:00+00:00","breadcrumb":{"@id":"https:\/\/zesauro.com\/it\/politica-di-qualita\/#breadcrumb"},"inLanguage":"it-IT","potentialAction":[{"@type":"ReadAction","target":["https:\/\/zesauro.com\/it\/politica-di-qualita\/"]}]},{"@type":"ImageObject","inLanguage":"it-IT","@id":"https:\/\/zesauro.com\/it\/politica-di-qualita\/#primaryimage","url":"https:\/\/zesauro.com\/wp-content\/uploads\/2018\/11\/Zesauro_icono_200x200-150x150.png","contentUrl":"https:\/\/zesauro.com\/wp-content\/uploads\/2018\/11\/Zesauro_icono_200x200-150x150.png"},{"@type":"BreadcrumbList","@id":"https:\/\/zesauro.com\/it\/politica-di-qualita\/#breadcrumb","itemListElement":[{"@type":"ListItem","position":1,"name":"Portada","item":"https:\/\/zesauro.com\/it\/"},{"@type":"ListItem","position":2,"name":"Politica di Qualit\u00e0"}]},{"@type":"WebSite","@id":"https:\/\/zesauro.com\/it\/#website","url":"https:\/\/zesauro.com\/it\/","name":"Zesauro Traducciones","description":"Servicios de traducci\u00f3n e interpretaci\u00f3n","publisher":{"@id":"https:\/\/zesauro.com\/it\/#organization"},"potentialAction":[{"@type":"SearchAction","target":{"@type":"EntryPoint","urlTemplate":"https:\/\/zesauro.com\/it\/?s={search_term_string}"},"query-input":{"@type":"PropertyValueSpecification","valueRequired":true,"valueName":"search_term_string"}}],"inLanguage":"it-IT"},{"@type":"Organization","@id":"https:\/\/zesauro.com\/it\/#organization","name":"Zesauro Traducciones","url":"https:\/\/zesauro.com\/it\/","logo":{"@type":"ImageObject","inLanguage":"it-IT","@id":"https:\/\/zesauro.com\/it\/#\/schema\/logo\/image\/","url":"https:\/\/zesauro.com\/wp-content\/uploads\/2018\/11\/zesauro_logo_236x293.png","contentUrl":"https:\/\/zesauro.com\/wp-content\/uploads\/2018\/11\/zesauro_logo_236x293.png","width":236,"height":293,"caption":"Zesauro Traducciones"},"image":{"@id":"https:\/\/zesauro.com\/it\/#\/schema\/logo\/image\/"}}]}},"_links":{"self":[{"href":"https:\/\/zesauro.com\/it\/wp-json\/wp\/v2\/pages\/1957","targetHints":{"allow":["GET"]}}],"collection":[{"href":"https:\/\/zesauro.com\/it\/wp-json\/wp\/v2\/pages"}],"about":[{"href":"https:\/\/zesauro.com\/it\/wp-json\/wp\/v2\/types\/page"}],"author":[{"embeddable":true,"href":"https:\/\/zesauro.com\/it\/wp-json\/wp\/v2\/users\/8"}],"replies":[{"embeddable":true,"href":"https:\/\/zesauro.com\/it\/wp-json\/wp\/v2\/comments?post=1957"}],"version-history":[{"count":3,"href":"https:\/\/zesauro.com\/it\/wp-json\/wp\/v2\/pages\/1957\/revisions"}],"predecessor-version":[{"id":7634,"href":"https:\/\/zesauro.com\/it\/wp-json\/wp\/v2\/pages\/1957\/revisions\/7634"}],"wp:attachment":[{"href":"https:\/\/zesauro.com\/it\/wp-json\/wp\/v2\/media?parent=1957"}],"curies":[{"name":"wp","href":"https:\/\/api.w.org\/{rel}","templated":true}]}}