{"id":1942,"date":"2019-05-17T11:16:55","date_gmt":"2019-05-17T11:16:55","guid":{"rendered":"https:\/\/zesauro.weeboodesign.com\/declaration-de-confidentialite\/"},"modified":"2019-06-18T19:10:40","modified_gmt":"2019-06-18T19:10:40","slug":"declaration-de-confidentialite","status":"publish","type":"page","link":"https:\/\/zesauro.com\/fr\/declaration-de-confidentialite\/","title":{"rendered":"D\u00e9claration de confidentialit\u00e9"},"content":{"rendered":"\t\t<div data-elementor-type=\"wp-post\" data-elementor-id=\"1942\" class=\"elementor elementor-1942 elementor-482\" data-elementor-post-type=\"page\">\n\t\t\t\t\t\t<section class=\"elementor-section elementor-top-section elementor-element elementor-element-17c43a66 elementor-section-boxed elementor-section-height-default elementor-section-height-default\" data-id=\"17c43a66\" data-element_type=\"section\" data-e-type=\"section\" id=\"home\" data-settings=\"{&quot;background_background&quot;:&quot;classic&quot;}\">\n\t\t\t\t\t\t\t<div class=\"elementor-background-overlay\"><\/div>\n\t\t\t\t\t\t\t<div class=\"elementor-container elementor-column-gap-default\">\n\t\t\t\t\t<div class=\"elementor-column elementor-col-100 elementor-top-column elementor-element elementor-element-a244143\" data-id=\"a244143\" data-element_type=\"column\" data-e-type=\"column\" data-settings=\"{&quot;background_background&quot;:&quot;classic&quot;}\">\n\t\t\t<div class=\"elementor-widget-wrap elementor-element-populated\">\n\t\t\t\t\t\t<div class=\"elementor-element elementor-element-6abdfae8 elementor-widget elementor-widget-image\" data-id=\"6abdfae8\" data-element_type=\"widget\" data-e-type=\"widget\" data-widget_type=\"image.default\">\n\t\t\t\t<div class=\"elementor-widget-container\">\n\t\t\t\t\t\t\t\t\t\t\t\t\t\t\t<img decoding=\"async\" width=\"150\" height=\"150\" src=\"https:\/\/zesauro.com\/wp-content\/uploads\/2018\/11\/Zesauro_icono_200x200-150x150.png\" class=\"attachment-thumbnail size-thumbnail wp-image-1076\" alt=\"\" srcset=\"https:\/\/zesauro.com\/wp-content\/uploads\/2018\/11\/Zesauro_icono_200x200-150x150.png 150w, https:\/\/zesauro.com\/wp-content\/uploads\/2018\/11\/Zesauro_icono_200x200.png 200w\" sizes=\"(max-width: 150px) 100vw, 150px\" \/>\t\t\t\t\t\t\t\t\t\t\t\t\t\t\t<\/div>\n\t\t\t\t<\/div>\n\t\t\t\t<div class=\"elementor-element elementor-element-19b54c89 elementor-widget elementor-widget-heading\" data-id=\"19b54c89\" data-element_type=\"widget\" data-e-type=\"widget\" data-widget_type=\"heading.default\">\n\t\t\t\t<div class=\"elementor-widget-container\">\n\t\t\t\t\t<h1 class=\"elementor-heading-title elementor-size-default\">D\u00e9claration de confidentialit\u00e9<\/h1>\t\t\t\t<\/div>\n\t\t\t\t<\/div>\n\t\t\t\t<section class=\"elementor-section elementor-inner-section elementor-element elementor-element-94fe9e2 elementor-section-boxed elementor-section-height-default elementor-section-height-default\" data-id=\"94fe9e2\" data-element_type=\"section\" data-e-type=\"section\">\n\t\t\t\t\t\t<div class=\"elementor-container elementor-column-gap-default\">\n\t\t\t\t\t<div class=\"elementor-column elementor-col-33 elementor-inner-column elementor-element elementor-element-3ee700f3\" data-id=\"3ee700f3\" data-element_type=\"column\" data-e-type=\"column\">\n\t\t\t<div class=\"elementor-widget-wrap\">\n\t\t\t\t\t\t\t<\/div>\n\t\t<\/div>\n\t\t\t\t<div class=\"elementor-column elementor-col-33 elementor-inner-column elementor-element elementor-element-45b11a46\" data-id=\"45b11a46\" data-element_type=\"column\" data-e-type=\"column\">\n\t\t\t<div class=\"elementor-widget-wrap elementor-element-populated\">\n\t\t\t\t\t\t<div class=\"elementor-element elementor-element-200c0bd0 elementor-widget elementor-widget-text-editor\" data-id=\"200c0bd0\" data-element_type=\"widget\" data-e-type=\"widget\" data-widget_type=\"text-editor.default\">\n\t\t\t\t<div class=\"elementor-widget-container\">\n\t\t\t\t\t\t\t\t\t<p>La confidentialit\u00e9 est le pilier de notre activit\u00e9. C\u2019est pourquoi nous nous attachons \u00e0 vous informer exactement de la fa\u00e7on dont nous rassemblons et utilisons les donn\u00e9es \u00e0 caract\u00e8re personnel que vous nous fournissez.<\/p>\n<p>N\u2019oubliez pas\u00a0que le fait de faire appel \u00e0 nos services ou de nous envoyer votre CV vaut acceptation de notre d\u00e9claration de confidentialit\u00e9. Il est donc important de la lire attentivement pour bien vous informer.<\/p>\n<p><strong>Qui se trouve derri\u00e8re ce site web et \u00e0 qui revient la responsabilit\u00e9 des donn\u00e9es collect\u00e9es sur ce dernier\u00a0?<\/strong><\/p>\n<p>Zesauro Traducciones, S.L. est une entreprise de services linguistiques se consacrant \u00e0 l\u2019activit\u00e9 de traduction et interpr\u00e9tation, dont le code d\u2019identification fiscale est B-83230870 et le si\u00e8ge est sis Orense, 25 \u2013 7\u00baA 28020 \u00e0 Madrid.<\/p>\n<p>Le site web <a href=\"https:\/\/zesauro.com\">www.zesauro.com<\/a> (ci-apr\u00e8s d\u00e9nomm\u00e9 le \u00ab\u00a0site web\u00a0\u00bb) appartient \u00e0 Zesauro Traducciones, qui agit \u00e9galement en tant que responsable du traitement des donn\u00e9es collect\u00e9es \u00e0 travers ce dernier. L\u2019entreprise a pris les mesures n\u00e9cessaires \u00e0 sa mise en conformit\u00e9 avec la r\u00e9glementation en vigueur en mati\u00e8re de protection des donn\u00e9es \u00e0 caract\u00e8re personnel, le r\u00e8glement (UE) 2016\/679 du 27 avril 2016 (RGPD) relatif \u00e0 la protection des personnes physiques \u00e0 l&rsquo;\u00e9gard du traitement des donn\u00e9es \u00e0 caract\u00e8re personnel et \u00e0 la libre circulation de ces donn\u00e9es.<\/p>\n<p><strong>\u00c0 quelles fins utilisons-nous vos donn\u00e9es \u00e0 caract\u00e8re personnel\u00a0?<\/strong><\/p>\n<p>Zesauro Traducciones ne transmet pas de donn\u00e9es \u00e0 de tiers ni ne r\u00e9alise de transferts internationaux de donn\u00e9es \u00e0 des fins commerciales. En revanche, les donn\u00e9es \u00e0 caract\u00e8re personnel que vous nous fournissez sont enregistr\u00e9es dans nos syst\u00e8mes informatiques, avec \u00a0les objectifs suivants\u00a0:<\/p>\n<ol>\n<li>Dans le cadre de <strong>processus de recrutement du personnel\u00a0: <\/strong>en vertu du consentement donn\u00e9 par le fait d\u2019envoyer votre CV, nous traiterons ce dernier afin d\u2019analyser votre profil dans l\u2019optique d\u2019engager ou de poursuivre une relation commerciale. Vous avez toutefois le droit de vous opposer \u00e0 ce traitement \u00e0 tout moment, en ayant recours aux moyens d\u00e9crits dans la pr\u00e9sente D\u00e9claration. Vos donn\u00e9es seront conserv\u00e9es dans notre base de donn\u00e9es pour une dur\u00e9e ind\u00e9termin\u00e9e, ou jusqu\u2019\u00e0 ce que, le cas \u00e9ch\u00e9ant, vous nous informiez de votre volont\u00e9 de les \u00e9liminer.<\/li>\n<\/ol>\n<p>&nbsp;<\/p>\n<ol start=\"2\">\n<li>Dans le cadre des <strong>relations commerciales avec nos clients\u00a0: <\/strong>en vertu du consentement donn\u00e9 par le fait d\u2019envoyer votre demande de renseignements ou de devis, nous utiliserons vos donn\u00e9es pour y r\u00e9pondre, et pour vous offrir nos services de fa\u00e7on plus personnalis\u00e9e. Vos donn\u00e9es seront conserv\u00e9es dans notre base de donn\u00e9es pour une dur\u00e9e ind\u00e9termin\u00e9e ou jusqu\u2019\u00e0 ce que, le cas \u00e9ch\u00e9ant, vous nous informiez de votre volont\u00e9 de les \u00e9liminer.<\/li>\n<\/ol>\n<p>&nbsp;<\/p>\n<ol start=\"3\">\n<li>Dans le cadre des <strong>commentaires laiss\u00e9s sur le blog<\/strong>: nous utiliserons vos donn\u00e9es pour que vos commentaires soient publi\u00e9s dans cette section.<\/li>\n<\/ol>\n<p>&nbsp;<\/p>\n<p>Toutefois, certains fournisseurs externes peuvent avoir acc\u00e8s \u00e0 vos donn\u00e9es \u00e0 caract\u00e8re personnel, seulement dans la mesure n\u00e9cessaire pour avoir acc\u00e8s aux services nous permettant de maintenir notre site web et processus internes de travail. Tous les fournisseurs intervenant dans le traitement, \u00e0 quelque phase que ce soit, sont tenus au secret professionnel et doivent respecter les niveaux de protection n\u00e9cessaires \u00e0 garantir la s\u00e9curit\u00e9 des donn\u00e9es \u00e0 caract\u00e8re personnel.<\/p>\n<p>&nbsp;<\/p>\n<p><strong>Politique en mati\u00e8re de cookies\u00a0: <\/strong>pour en savoir plus sur les cookies que nous utilisons sur notre site web, vous pouvez consulter notre politique en mati\u00e8re de cookies. N\u2019oubliez pas que l\u2019interaction avec d\u2019autres applications et r\u00e9seaux sociaux sur Internet est soumise aux d\u00e9clarations de confidentialit\u00e9 des entreprises offrant le service correspondant.<\/p>\n<p>&nbsp;<\/p>\n<p><strong>Quels sont vos droits concernant vos donn\u00e9es \u00e0 caract\u00e8re personnel\u00a0?<\/strong><\/p>\n<p><strong>\u00a0<\/strong><\/p>\n<p>Zesauro Traducciones garantit pleinement l\u2019exercice de vos droits d\u2019acc\u00e8s, de rectification, d\u2019effacement, d\u2019opposition, et de vos droits \u00e0 l\u2019information et \u00e0 la limitation de portabilit\u00e9, dans les termes pr\u00e9vus par la l\u00e9gislation en vigueur. Pour exercer ces droits, veuillez en faire express\u00e9ment la demande par courrier \u00e9lectronique adress\u00e9 \u00e0 <a href=\"mailto:zesauro@zesauro.com\">zesauro@zesauro.com<\/a>, en indiquant en objet\u00a0\u00ab\u00a0Droits en mati\u00e8re de protection des donn\u00e9es\u00a0\u00bb et en joignant une photocopie de votre carte d\u2019identit\u00e9 ou passeport.<\/p>\n<p>&nbsp;<\/p>\n<p>Pour en savoir plus, vous pouvez consulter le site web <a href=\"http:\/\/www.agpd.es\">www.agpd.es<\/a>.<\/p>\n<p>&nbsp;<\/p>\n<p>Si vous estimez que vos droits n\u2019ont pas \u00e9t\u00e9 respect\u00e9s, vous pouvez pr\u00e9senter une r\u00e9clamation par courrier adress\u00e9 \u00a0\u00e0 l\u2019Agence espagnole de protection des donn\u00e9es (Agencia Espa\u00f1ola de Protecci\u00f3n de Datos calle Jorge Juan, 6 \u2013 28001 \u2013 Madrid) ou via son site web officiel <a href=\"https:\/\/sedeagpd.gob.es\/\">https:\/\/sedeagpd.gob.es<\/a>. Dans un cas comme dans l\u2019autre, il faut joindre les documents pertinents.<\/p>\n<p>&nbsp;<\/p>\n<p>Zesauro Traducciones se r\u00e9serve le droit de modifier la pr\u00e9sente politique en vue de sa mise en conformit\u00e9 avec d\u2019\u00e9ventuelles nouveaut\u00e9s l\u00e9gales ou jurisprudentielles.<\/p>\n<p>&nbsp;<\/p>\n<p>N\u2019h\u00e9sitez pas \u00e0 nous contacter pour tout compl\u00e9ment d\u2019information ou toute explication \u00e0 l\u2019adresse zesauro@zesauro.com. Nous nous ferons un plaisir de vous aider.<\/p>\n\t\t\t\t\t\t\t\t<\/div>\n\t\t\t\t<\/div>\n\t\t\t\t\t<\/div>\n\t\t<\/div>\n\t\t\t\t<div class=\"elementor-column elementor-col-33 elementor-inner-column elementor-element elementor-element-285d4c4e\" data-id=\"285d4c4e\" data-element_type=\"column\" data-e-type=\"column\">\n\t\t\t<div class=\"elementor-widget-wrap\">\n\t\t\t\t\t\t\t<\/div>\n\t\t<\/div>\n\t\t\t\t\t<\/div>\n\t\t<\/section>\n\t\t\t\t\t<\/div>\n\t\t<\/div>\n\t\t\t\t\t<\/div>\n\t\t<\/section>\n\t\t\t\t<\/div>\n\t\t","protected":false},"excerpt":{"rendered":"<p>D\u00e9claration de confidentialit\u00e9 La confidentialit\u00e9 est le pilier de notre activit\u00e9. C\u2019est pourquoi nous nous attachons \u00e0 vous informer exactement de la fa\u00e7on [&hellip;]<\/p>\n","protected":false},"author":8,"featured_media":0,"parent":0,"menu_order":0,"comment_status":"closed","ping_status":"closed","template":"","meta":{"_exactmetrics_skip_tracking":false,"_exactmetrics_sitenote_active":false,"_exactmetrics_sitenote_note":"","_exactmetrics_sitenote_category":0,"site-sidebar-layout":"no-sidebar","site-content-layout":"page-builder","ast-site-content-layout":"default","site-content-style":"default","site-sidebar-style":"default","ast-global-header-display":"","ast-banner-title-visibility":"","ast-main-header-display":"","ast-hfb-above-header-display":"","ast-hfb-below-header-display":"","ast-hfb-mobile-header-display":"","site-post-title":"disabled","ast-breadcrumbs-content":"","ast-featured-img":"disabled","footer-sml-layout":"","ast-disable-related-posts":"","theme-transparent-header-meta":"","adv-header-id-meta":"","stick-header-meta":"","header-above-stick-meta":"","header-main-stick-meta":"","header-below-stick-meta":"","astra-migrate-meta-layouts":"default","ast-page-background-enabled":"default","ast-page-background-meta":{"desktop":{"background-color":"","background-image":"","background-repeat":"repeat","background-position":"center center","background-size":"auto","background-attachment":"scroll","background-type":"","background-media":"","overlay-type":"","overlay-color":"","overlay-opacity":"","overlay-gradient":""},"tablet":{"background-color":"","background-image":"","background-repeat":"repeat","background-position":"center center","background-size":"auto","background-attachment":"scroll","background-type":"","background-media":"","overlay-type":"","overlay-color":"","overlay-opacity":"","overlay-gradient":""},"mobile":{"background-color":"","background-image":"","background-repeat":"repeat","background-position":"center center","background-size":"auto","background-attachment":"scroll","background-type":"","background-media":"","overlay-type":"","overlay-color":"","overlay-opacity":"","overlay-gradient":""}},"ast-content-background-meta":{"desktop":{"background-color":"var(--ast-global-color-5)","background-image":"","background-repeat":"repeat","background-position":"center center","background-size":"auto","background-attachment":"scroll","background-type":"","background-media":"","overlay-type":"","overlay-color":"","overlay-opacity":"","overlay-gradient":""},"tablet":{"background-color":"var(--ast-global-color-5)","background-image":"","background-repeat":"repeat","background-position":"center center","background-size":"auto","background-attachment":"scroll","background-type":"","background-media":"","overlay-type":"","overlay-color":"","overlay-opacity":"","overlay-gradient":""},"mobile":{"background-color":"var(--ast-global-color-5)","background-image":"","background-repeat":"repeat","background-position":"center center","background-size":"auto","background-attachment":"scroll","background-type":"","background-media":"","overlay-type":"","overlay-color":"","overlay-opacity":"","overlay-gradient":""}},"footnotes":""},"class_list":["post-1942","page","type-page","status-publish","hentry"],"yoast_head":"<!-- This site is optimized with the Yoast SEO plugin v27.4 - https:\/\/yoast.com\/product\/yoast-seo-wordpress\/ -->\n<title>D\u00e9claration de confidentialit\u00e9 - Zesauro Traducciones<\/title>\n<meta name=\"robots\" content=\"index, follow, max-snippet:-1, max-image-preview:large, max-video-preview:-1\" \/>\n<link rel=\"canonical\" href=\"https:\/\/zesauro.com\/fr\/declaration-de-confidentialite\/\" \/>\n<meta property=\"og:locale\" content=\"fr_FR\" \/>\n<meta property=\"og:type\" content=\"article\" \/>\n<meta property=\"og:title\" content=\"D\u00e9claration de confidentialit\u00e9 - Zesauro Traducciones\" \/>\n<meta property=\"og:description\" content=\"D\u00e9claration de confidentialit\u00e9 La confidentialit\u00e9 est le pilier de notre activit\u00e9. C\u2019est pourquoi nous nous attachons \u00e0 vous informer exactement de la fa\u00e7on [&hellip;]\" \/>\n<meta property=\"og:url\" content=\"https:\/\/zesauro.com\/fr\/declaration-de-confidentialite\/\" \/>\n<meta property=\"og:site_name\" content=\"Zesauro Traducciones\" \/>\n<meta property=\"article:modified_time\" content=\"2019-06-18T19:10:40+00:00\" \/>\n<meta property=\"og:image\" content=\"https:\/\/zesauro.weeboodesign.com\/wp-content\/uploads\/2018\/11\/Zesauro_icono_200x200-150x150.png\" \/>\n<meta name=\"twitter:card\" content=\"summary_large_image\" \/>\n<meta name=\"twitter:label1\" content=\"Dur\u00e9e de lecture estim\u00e9e\" \/>\n\t<meta name=\"twitter:data1\" content=\"4 minutes\" \/>\n<script type=\"application\/ld+json\" class=\"yoast-schema-graph\">{\"@context\":\"https:\\\/\\\/schema.org\",\"@graph\":[{\"@type\":\"WebPage\",\"@id\":\"https:\\\/\\\/zesauro.com\\\/fr\\\/declaration-de-confidentialite\\\/\",\"url\":\"https:\\\/\\\/zesauro.com\\\/fr\\\/declaration-de-confidentialite\\\/\",\"name\":\"D\u00e9claration de confidentialit\u00e9 - Zesauro Traducciones\",\"isPartOf\":{\"@id\":\"https:\\\/\\\/zesauro.com\\\/fr\\\/#website\"},\"primaryImageOfPage\":{\"@id\":\"https:\\\/\\\/zesauro.com\\\/fr\\\/declaration-de-confidentialite\\\/#primaryimage\"},\"image\":{\"@id\":\"https:\\\/\\\/zesauro.com\\\/fr\\\/declaration-de-confidentialite\\\/#primaryimage\"},\"thumbnailUrl\":\"https:\\\/\\\/zesauro.weeboodesign.com\\\/wp-content\\\/uploads\\\/2018\\\/11\\\/Zesauro_icono_200x200-150x150.png\",\"datePublished\":\"2019-05-17T11:16:55+00:00\",\"dateModified\":\"2019-06-18T19:10:40+00:00\",\"breadcrumb\":{\"@id\":\"https:\\\/\\\/zesauro.com\\\/fr\\\/declaration-de-confidentialite\\\/#breadcrumb\"},\"inLanguage\":\"fr-FR\",\"potentialAction\":[{\"@type\":\"ReadAction\",\"target\":[\"https:\\\/\\\/zesauro.com\\\/fr\\\/declaration-de-confidentialite\\\/\"]}]},{\"@type\":\"ImageObject\",\"inLanguage\":\"fr-FR\",\"@id\":\"https:\\\/\\\/zesauro.com\\\/fr\\\/declaration-de-confidentialite\\\/#primaryimage\",\"url\":\"https:\\\/\\\/zesauro.weeboodesign.com\\\/wp-content\\\/uploads\\\/2018\\\/11\\\/Zesauro_icono_200x200-150x150.png\",\"contentUrl\":\"https:\\\/\\\/zesauro.weeboodesign.com\\\/wp-content\\\/uploads\\\/2018\\\/11\\\/Zesauro_icono_200x200-150x150.png\"},{\"@type\":\"BreadcrumbList\",\"@id\":\"https:\\\/\\\/zesauro.com\\\/fr\\\/declaration-de-confidentialite\\\/#breadcrumb\",\"itemListElement\":[{\"@type\":\"ListItem\",\"position\":1,\"name\":\"Portada\",\"item\":\"https:\\\/\\\/zesauro.com\\\/fr\\\/\"},{\"@type\":\"ListItem\",\"position\":2,\"name\":\"D\u00e9claration de confidentialit\u00e9\"}]},{\"@type\":\"WebSite\",\"@id\":\"https:\\\/\\\/zesauro.com\\\/fr\\\/#website\",\"url\":\"https:\\\/\\\/zesauro.com\\\/fr\\\/\",\"name\":\"Zesauro Traducciones\",\"description\":\"Servicios de traducci\u00f3n e interpretaci\u00f3n\",\"publisher\":{\"@id\":\"https:\\\/\\\/zesauro.com\\\/fr\\\/#organization\"},\"potentialAction\":[{\"@type\":\"SearchAction\",\"target\":{\"@type\":\"EntryPoint\",\"urlTemplate\":\"https:\\\/\\\/zesauro.com\\\/fr\\\/?s={search_term_string}\"},\"query-input\":{\"@type\":\"PropertyValueSpecification\",\"valueRequired\":true,\"valueName\":\"search_term_string\"}}],\"inLanguage\":\"fr-FR\"},{\"@type\":\"Organization\",\"@id\":\"https:\\\/\\\/zesauro.com\\\/fr\\\/#organization\",\"name\":\"Zesauro Traducciones\",\"url\":\"https:\\\/\\\/zesauro.com\\\/fr\\\/\",\"logo\":{\"@type\":\"ImageObject\",\"inLanguage\":\"fr-FR\",\"@id\":\"https:\\\/\\\/zesauro.com\\\/fr\\\/#\\\/schema\\\/logo\\\/image\\\/\",\"url\":\"https:\\\/\\\/zesauro.com\\\/wp-content\\\/uploads\\\/2018\\\/11\\\/zesauro_logo_236x293.png\",\"contentUrl\":\"https:\\\/\\\/zesauro.com\\\/wp-content\\\/uploads\\\/2018\\\/11\\\/zesauro_logo_236x293.png\",\"width\":236,\"height\":293,\"caption\":\"Zesauro Traducciones\"},\"image\":{\"@id\":\"https:\\\/\\\/zesauro.com\\\/fr\\\/#\\\/schema\\\/logo\\\/image\\\/\"}}]}<\/script>\n<!-- \/ Yoast SEO plugin. -->","yoast_head_json":{"title":"D\u00e9claration de confidentialit\u00e9 - Zesauro Traducciones","robots":{"index":"index","follow":"follow","max-snippet":"max-snippet:-1","max-image-preview":"max-image-preview:large","max-video-preview":"max-video-preview:-1"},"canonical":"https:\/\/zesauro.com\/fr\/declaration-de-confidentialite\/","og_locale":"fr_FR","og_type":"article","og_title":"D\u00e9claration de confidentialit\u00e9 - Zesauro Traducciones","og_description":"D\u00e9claration de confidentialit\u00e9 La confidentialit\u00e9 est le pilier de notre activit\u00e9. C\u2019est pourquoi nous nous attachons \u00e0 vous informer exactement de la fa\u00e7on [&hellip;]","og_url":"https:\/\/zesauro.com\/fr\/declaration-de-confidentialite\/","og_site_name":"Zesauro Traducciones","article_modified_time":"2019-06-18T19:10:40+00:00","og_image":[{"url":"https:\/\/zesauro.weeboodesign.com\/wp-content\/uploads\/2018\/11\/Zesauro_icono_200x200-150x150.png","type":"","width":"","height":""}],"twitter_card":"summary_large_image","twitter_misc":{"Dur\u00e9e de lecture estim\u00e9e":"4 minutes"},"schema":{"@context":"https:\/\/schema.org","@graph":[{"@type":"WebPage","@id":"https:\/\/zesauro.com\/fr\/declaration-de-confidentialite\/","url":"https:\/\/zesauro.com\/fr\/declaration-de-confidentialite\/","name":"D\u00e9claration de confidentialit\u00e9 - Zesauro Traducciones","isPartOf":{"@id":"https:\/\/zesauro.com\/fr\/#website"},"primaryImageOfPage":{"@id":"https:\/\/zesauro.com\/fr\/declaration-de-confidentialite\/#primaryimage"},"image":{"@id":"https:\/\/zesauro.com\/fr\/declaration-de-confidentialite\/#primaryimage"},"thumbnailUrl":"https:\/\/zesauro.weeboodesign.com\/wp-content\/uploads\/2018\/11\/Zesauro_icono_200x200-150x150.png","datePublished":"2019-05-17T11:16:55+00:00","dateModified":"2019-06-18T19:10:40+00:00","breadcrumb":{"@id":"https:\/\/zesauro.com\/fr\/declaration-de-confidentialite\/#breadcrumb"},"inLanguage":"fr-FR","potentialAction":[{"@type":"ReadAction","target":["https:\/\/zesauro.com\/fr\/declaration-de-confidentialite\/"]}]},{"@type":"ImageObject","inLanguage":"fr-FR","@id":"https:\/\/zesauro.com\/fr\/declaration-de-confidentialite\/#primaryimage","url":"https:\/\/zesauro.weeboodesign.com\/wp-content\/uploads\/2018\/11\/Zesauro_icono_200x200-150x150.png","contentUrl":"https:\/\/zesauro.weeboodesign.com\/wp-content\/uploads\/2018\/11\/Zesauro_icono_200x200-150x150.png"},{"@type":"BreadcrumbList","@id":"https:\/\/zesauro.com\/fr\/declaration-de-confidentialite\/#breadcrumb","itemListElement":[{"@type":"ListItem","position":1,"name":"Portada","item":"https:\/\/zesauro.com\/fr\/"},{"@type":"ListItem","position":2,"name":"D\u00e9claration de confidentialit\u00e9"}]},{"@type":"WebSite","@id":"https:\/\/zesauro.com\/fr\/#website","url":"https:\/\/zesauro.com\/fr\/","name":"Zesauro Traducciones","description":"Servicios de traducci\u00f3n e interpretaci\u00f3n","publisher":{"@id":"https:\/\/zesauro.com\/fr\/#organization"},"potentialAction":[{"@type":"SearchAction","target":{"@type":"EntryPoint","urlTemplate":"https:\/\/zesauro.com\/fr\/?s={search_term_string}"},"query-input":{"@type":"PropertyValueSpecification","valueRequired":true,"valueName":"search_term_string"}}],"inLanguage":"fr-FR"},{"@type":"Organization","@id":"https:\/\/zesauro.com\/fr\/#organization","name":"Zesauro Traducciones","url":"https:\/\/zesauro.com\/fr\/","logo":{"@type":"ImageObject","inLanguage":"fr-FR","@id":"https:\/\/zesauro.com\/fr\/#\/schema\/logo\/image\/","url":"https:\/\/zesauro.com\/wp-content\/uploads\/2018\/11\/zesauro_logo_236x293.png","contentUrl":"https:\/\/zesauro.com\/wp-content\/uploads\/2018\/11\/zesauro_logo_236x293.png","width":236,"height":293,"caption":"Zesauro Traducciones"},"image":{"@id":"https:\/\/zesauro.com\/fr\/#\/schema\/logo\/image\/"}}]}},"_links":{"self":[{"href":"https:\/\/zesauro.com\/fr\/wp-json\/wp\/v2\/pages\/1942","targetHints":{"allow":["GET"]}}],"collection":[{"href":"https:\/\/zesauro.com\/fr\/wp-json\/wp\/v2\/pages"}],"about":[{"href":"https:\/\/zesauro.com\/fr\/wp-json\/wp\/v2\/types\/page"}],"author":[{"embeddable":true,"href":"https:\/\/zesauro.com\/fr\/wp-json\/wp\/v2\/users\/8"}],"replies":[{"embeddable":true,"href":"https:\/\/zesauro.com\/fr\/wp-json\/wp\/v2\/comments?post=1942"}],"version-history":[{"count":2,"href":"https:\/\/zesauro.com\/fr\/wp-json\/wp\/v2\/pages\/1942\/revisions"}],"predecessor-version":[{"id":2071,"href":"https:\/\/zesauro.com\/fr\/wp-json\/wp\/v2\/pages\/1942\/revisions\/2071"}],"wp:attachment":[{"href":"https:\/\/zesauro.com\/fr\/wp-json\/wp\/v2\/media?parent=1942"}],"curies":[{"name":"wp","href":"https:\/\/api.w.org\/{rel}","templated":true}]}}