{"id":1938,"date":"2019-05-17T11:14:36","date_gmt":"2019-05-17T11:14:36","guid":{"rendered":"https:\/\/zesauro.weeboodesign.com\/politique-de-qualite\/"},"modified":"2024-07-08T12:33:24","modified_gmt":"2024-07-08T10:33:24","slug":"politique-de-qualite","status":"publish","type":"page","link":"https:\/\/zesauro.com\/fr\/politique-de-qualite\/","title":{"rendered":"Politique de qualit\u00e9"},"content":{"rendered":"\t\t<div data-elementor-type=\"wp-post\" data-elementor-id=\"1938\" class=\"elementor elementor-1938 elementor-449\" data-elementor-post-type=\"page\">\n\t\t\t\t\t\t<section class=\"elementor-section elementor-top-section elementor-element elementor-element-63501a8a elementor-section-boxed elementor-section-height-default elementor-section-height-default\" data-id=\"63501a8a\" data-element_type=\"section\" data-e-type=\"section\" id=\"home\" data-settings=\"{&quot;background_background&quot;:&quot;classic&quot;}\">\n\t\t\t\t\t\t\t<div class=\"elementor-background-overlay\"><\/div>\n\t\t\t\t\t\t\t<div class=\"elementor-container elementor-column-gap-default\">\n\t\t\t\t\t<div class=\"elementor-column elementor-col-100 elementor-top-column elementor-element elementor-element-4c3e2e44\" data-id=\"4c3e2e44\" data-element_type=\"column\" data-e-type=\"column\" data-settings=\"{&quot;background_background&quot;:&quot;classic&quot;}\">\n\t\t\t<div class=\"elementor-widget-wrap elementor-element-populated\">\n\t\t\t\t\t\t<div class=\"elementor-element elementor-element-346db15c elementor-widget elementor-widget-image\" data-id=\"346db15c\" data-element_type=\"widget\" data-e-type=\"widget\" data-widget_type=\"image.default\">\n\t\t\t\t<div class=\"elementor-widget-container\">\n\t\t\t\t\t\t\t\t\t\t\t\t\t\t\t<img decoding=\"async\" width=\"150\" height=\"150\" src=\"https:\/\/zesauro.com\/wp-content\/uploads\/2018\/11\/Zesauro_icono_200x200-150x150.png\" class=\"attachment-thumbnail size-thumbnail wp-image-1076\" alt=\"\" srcset=\"https:\/\/zesauro.com\/wp-content\/uploads\/2018\/11\/Zesauro_icono_200x200-150x150.png 150w, https:\/\/zesauro.com\/wp-content\/uploads\/2018\/11\/Zesauro_icono_200x200.png 200w\" sizes=\"(max-width: 150px) 100vw, 150px\" \/>\t\t\t\t\t\t\t\t\t\t\t\t\t\t\t<\/div>\n\t\t\t\t<\/div>\n\t\t\t\t<div class=\"elementor-element elementor-element-3c66d5a9 elementor-widget elementor-widget-heading\" data-id=\"3c66d5a9\" data-element_type=\"widget\" data-e-type=\"widget\" data-widget_type=\"heading.default\">\n\t\t\t\t<div class=\"elementor-widget-container\">\n\t\t\t\t\t<h1 class=\"elementor-heading-title elementor-size-default\">Politique de qualit\u00e9 et de s\u00e9curit\u00e9 de l\u2019information<\/h1>\t\t\t\t<\/div>\n\t\t\t\t<\/div>\n\t\t\t\t<section class=\"elementor-section elementor-inner-section elementor-element elementor-element-824b777 elementor-section-boxed elementor-section-height-default elementor-section-height-default\" data-id=\"824b777\" data-element_type=\"section\" data-e-type=\"section\">\n\t\t\t\t\t\t<div class=\"elementor-container elementor-column-gap-default\">\n\t\t\t\t\t<div class=\"elementor-column elementor-col-33 elementor-inner-column elementor-element elementor-element-7fb17a52\" data-id=\"7fb17a52\" data-element_type=\"column\" data-e-type=\"column\">\n\t\t\t<div class=\"elementor-widget-wrap\">\n\t\t\t\t\t\t\t<\/div>\n\t\t<\/div>\n\t\t\t\t<div class=\"elementor-column elementor-col-33 elementor-inner-column elementor-element elementor-element-103968db\" data-id=\"103968db\" data-element_type=\"column\" data-e-type=\"column\">\n\t\t\t<div class=\"elementor-widget-wrap elementor-element-populated\">\n\t\t\t\t\t\t<div class=\"elementor-element elementor-element-6832e65 elementor-widget elementor-widget-text-editor\" data-id=\"6832e65\" data-element_type=\"widget\" data-e-type=\"widget\" data-widget_type=\"text-editor.default\">\n\t\t\t\t<div class=\"elementor-widget-container\">\n\t\t\t\t\t\t\t\t\t<p>Notre syst\u00e8me de gestion de la qualit\u00e9 et de la s\u00e9curit\u00e9 de l\u2019information (ci-apr\u00e8s d\u00e9nomm\u00e9 \u00ab\u00a0SGQSI\u00a0\u00bb) r\u00e9pond aux exigences des normes ISO\u00a09001, ISO\u00a017100 et ISO\u00a027001. Voici les engagements de ZESAURO en la mati\u00e8re :<\/p><ul><li>notre politique de qualit\u00e9 et de s\u00e9curit\u00e9 de l\u2019information n\u00e9cessite un syst\u00e8me vivant r\u00e9vis\u00e9 en permanence conform\u00e9ment au principe de <strong>l\u2019am\u00e9lioration continue<\/strong>, qui englobe non seulement les processus de production, mais \u00e9galement toutes les activit\u00e9s li\u00e9es \u00e0 la satisfaction des attentes et des besoins de nos parties prenantes.<\/li><li>Notre SGQSI est ax\u00e9 sur une r\u00e9flexion bas\u00e9e sur les risques. En d\u2019autres termes, nous <strong>identifions les risques<\/strong> susceptibles d\u2019affecter nos processus de gestion, mais aussi les <strong>opportunit\u00e9s<\/strong> qui se pr\u00e9sentent et nous permettent de modifier ou d\u2019am\u00e9liorer certains aspects de nos services. Ce syst\u00e8me sera organis\u00e9 selon le cycle de base Planifier-Faire-V\u00e9rifier-Agir, apr\u00e8s une analyse adapt\u00e9e de ces risques et opportunit\u00e9s.<\/li><li>Notre SGQ doit disposer <strong>d\u2019informations document\u00e9es<\/strong> sur les contenus requis par les normes de notre syst\u00e8me de gestion, mais \u00e9galement sur les aspects consid\u00e9r\u00e9s pertinents et sp\u00e9cifiques par la Direction de l\u2019entreprise pour garantir une gestion optimale du syst\u00e8me.<\/li><li>Les informations document\u00e9es refl\u00e8tent les <strong>processus<\/strong> qui encadrent la planification des activit\u00e9s de l\u2019entreprise conform\u00e9ment aux exigences du client, mais le SGQSI doit \u00e9galement \u00e9valuer que ces processus sont mis en \u0153uvre correctement. \u00c0 cette fin, nous allons mettre en place un syst\u00e8me d\u2019objectifs de qualit\u00e9 et de s\u00e9curit\u00e9 de l\u2019information qui sera contr\u00f4l\u00e9 r\u00e9guli\u00e8rement.<\/li><li>Les <strong>membres du personnel<\/strong> de ZESAURO sont un \u00e9l\u00e9ment cl\u00e9 pour l\u2019application de cette politique de qualit\u00e9. Leurs comp\u00e9tences vont faire l\u2019objet d\u2019un suivi rigoureux et nous allons \u00e9valuer leurs r\u00e9sultats. L&rsquo;am\u00e9lioration de l&rsquo;environnement de travail doit \u00eatre en permanence une priorit\u00e9 pour progresser dans cette direction. En outre, le personnel devra faire preuve d\u2019implication dans la philosophie de la gestion de la qualit\u00e9 et de la s\u00e9curit\u00e9 de l&rsquo;information. Pour cela, il devra \u00eatre attentif et vigilant pour d\u00e9tecter les irr\u00e9gularit\u00e9s ou les d\u00e9ficiences des processus, et apporter des id\u00e9es et des solutions aux probl\u00e8mes. Nous allons exiger des r\u00e9sultats bas\u00e9s sur la <strong>proactivit\u00e9<\/strong> et la <strong>critique constructive<\/strong>.<\/li><li>Le pr\u00e9sent SGQSI fait l&rsquo;objet d&rsquo;une <strong>r\u00e9vision<\/strong> par le biais du suivi des objectifs, ainsi que d&rsquo;une \u00e9valuation annuelle afin de l&rsquo;adapter aux circonstances changeantes de l&rsquo;entreprise et du march\u00e9. Il doit \u00e9galement faire l&rsquo;objet d&rsquo;un <strong>audit appropri\u00e9<\/strong> afin de corriger les d\u00e9viations et toute autre lacune susceptible de nous \u00e9loigner de notre objectif d&rsquo;am\u00e9lioration continue.<\/li><li>ZESAURO est soumise en toutes circonstances \u00e0 la <strong>loi en vigueur<\/strong>, aux lois et r\u00e9glementations qui r\u00e9gulent notre domaine d&rsquo;activit\u00e9, dans le cadre de notre objectif g\u00e9n\u00e9ral\u00a0: satisfaire les exigences de nos clients, tant du point de vue de la qualit\u00e9 que de celui de la s\u00e9curit\u00e9 de l\u2019information.<\/li><\/ul><p>DERNI\u00c8RE MISE \u00c0 JOUR : juillet 2024.<\/p>\t\t\t\t\t\t\t\t<\/div>\n\t\t\t\t<\/div>\n\t\t\t\t\t<\/div>\n\t\t<\/div>\n\t\t\t\t<div class=\"elementor-column elementor-col-33 elementor-inner-column elementor-element elementor-element-5b449bb0\" data-id=\"5b449bb0\" data-element_type=\"column\" data-e-type=\"column\">\n\t\t\t<div class=\"elementor-widget-wrap\">\n\t\t\t\t\t\t\t<\/div>\n\t\t<\/div>\n\t\t\t\t\t<\/div>\n\t\t<\/section>\n\t\t\t\t\t<\/div>\n\t\t<\/div>\n\t\t\t\t\t<\/div>\n\t\t<\/section>\n\t\t\t\t<\/div>\n\t\t","protected":false},"excerpt":{"rendered":"<p>Politique de qualit\u00e9 et de s\u00e9curit\u00e9 de l\u2019information Notre syst\u00e8me de gestion de la qualit\u00e9 et de la s\u00e9curit\u00e9 de l\u2019information (ci-apr\u00e8s d\u00e9nomm\u00e9 [&hellip;]<\/p>\n","protected":false},"author":8,"featured_media":0,"parent":0,"menu_order":0,"comment_status":"closed","ping_status":"closed","template":"","meta":{"_exactmetrics_skip_tracking":false,"_exactmetrics_sitenote_active":false,"_exactmetrics_sitenote_note":"","_exactmetrics_sitenote_category":0,"site-sidebar-layout":"no-sidebar","site-content-layout":"page-builder","ast-site-content-layout":"default","site-content-style":"default","site-sidebar-style":"default","ast-global-header-display":"","ast-banner-title-visibility":"","ast-main-header-display":"","ast-hfb-above-header-display":"","ast-hfb-below-header-display":"","ast-hfb-mobile-header-display":"","site-post-title":"disabled","ast-breadcrumbs-content":"","ast-featured-img":"disabled","footer-sml-layout":"","ast-disable-related-posts":"","theme-transparent-header-meta":"default","adv-header-id-meta":"","stick-header-meta":"default","header-above-stick-meta":"","header-main-stick-meta":"","header-below-stick-meta":"","astra-migrate-meta-layouts":"default","ast-page-background-enabled":"default","ast-page-background-meta":{"desktop":{"background-color":"","background-image":"","background-repeat":"repeat","background-position":"center center","background-size":"auto","background-attachment":"scroll","background-type":"","background-media":"","overlay-type":"","overlay-color":"","overlay-opacity":"","overlay-gradient":""},"tablet":{"background-color":"","background-image":"","background-repeat":"repeat","background-position":"center center","background-size":"auto","background-attachment":"scroll","background-type":"","background-media":"","overlay-type":"","overlay-color":"","overlay-opacity":"","overlay-gradient":""},"mobile":{"background-color":"","background-image":"","background-repeat":"repeat","background-position":"center center","background-size":"auto","background-attachment":"scroll","background-type":"","background-media":"","overlay-type":"","overlay-color":"","overlay-opacity":"","overlay-gradient":""}},"ast-content-background-meta":{"desktop":{"background-color":"var(--ast-global-color-5)","background-image":"","background-repeat":"repeat","background-position":"center center","background-size":"auto","background-attachment":"scroll","background-type":"","background-media":"","overlay-type":"","overlay-color":"","overlay-opacity":"","overlay-gradient":""},"tablet":{"background-color":"var(--ast-global-color-5)","background-image":"","background-repeat":"repeat","background-position":"center center","background-size":"auto","background-attachment":"scroll","background-type":"","background-media":"","overlay-type":"","overlay-color":"","overlay-opacity":"","overlay-gradient":""},"mobile":{"background-color":"var(--ast-global-color-5)","background-image":"","background-repeat":"repeat","background-position":"center center","background-size":"auto","background-attachment":"scroll","background-type":"","background-media":"","overlay-type":"","overlay-color":"","overlay-opacity":"","overlay-gradient":""}},"footnotes":""},"class_list":["post-1938","page","type-page","status-publish","hentry"],"yoast_head":"<!-- This site is optimized with the Yoast SEO plugin v27.4 - https:\/\/yoast.com\/product\/yoast-seo-wordpress\/ -->\n<title>Politique de qualit\u00e9 - Zesauro Traducciones<\/title>\n<meta name=\"robots\" content=\"index, follow, max-snippet:-1, max-image-preview:large, max-video-preview:-1\" \/>\n<link rel=\"canonical\" href=\"https:\/\/zesauro.com\/fr\/politique-de-qualite\/\" \/>\n<meta property=\"og:locale\" content=\"fr_FR\" \/>\n<meta property=\"og:type\" content=\"article\" \/>\n<meta property=\"og:title\" content=\"Politique de qualit\u00e9 - Zesauro Traducciones\" \/>\n<meta property=\"og:description\" content=\"Politique de qualit\u00e9 et de s\u00e9curit\u00e9 de l\u2019information Notre syst\u00e8me de gestion de la qualit\u00e9 et de la s\u00e9curit\u00e9 de l\u2019information (ci-apr\u00e8s d\u00e9nomm\u00e9 [&hellip;]\" \/>\n<meta property=\"og:url\" content=\"https:\/\/zesauro.com\/fr\/politique-de-qualite\/\" \/>\n<meta property=\"og:site_name\" content=\"Zesauro Traducciones\" \/>\n<meta property=\"article:modified_time\" content=\"2024-07-08T10:33:24+00:00\" \/>\n<meta property=\"og:image\" content=\"https:\/\/zesauro.com\/wp-content\/uploads\/2018\/11\/Zesauro_icono_200x200-150x150.png\" \/>\n<meta name=\"twitter:card\" content=\"summary_large_image\" \/>\n<meta name=\"twitter:label1\" content=\"Dur\u00e9e de lecture estim\u00e9e\" \/>\n\t<meta name=\"twitter:data1\" content=\"3 minutes\" \/>\n<script type=\"application\/ld+json\" class=\"yoast-schema-graph\">{\"@context\":\"https:\\\/\\\/schema.org\",\"@graph\":[{\"@type\":\"WebPage\",\"@id\":\"https:\\\/\\\/zesauro.com\\\/fr\\\/politique-de-qualite\\\/\",\"url\":\"https:\\\/\\\/zesauro.com\\\/fr\\\/politique-de-qualite\\\/\",\"name\":\"Politique de qualit\u00e9 - Zesauro Traducciones\",\"isPartOf\":{\"@id\":\"https:\\\/\\\/zesauro.com\\\/fr\\\/#website\"},\"primaryImageOfPage\":{\"@id\":\"https:\\\/\\\/zesauro.com\\\/fr\\\/politique-de-qualite\\\/#primaryimage\"},\"image\":{\"@id\":\"https:\\\/\\\/zesauro.com\\\/fr\\\/politique-de-qualite\\\/#primaryimage\"},\"thumbnailUrl\":\"https:\\\/\\\/zesauro.com\\\/wp-content\\\/uploads\\\/2018\\\/11\\\/Zesauro_icono_200x200-150x150.png\",\"datePublished\":\"2019-05-17T11:14:36+00:00\",\"dateModified\":\"2024-07-08T10:33:24+00:00\",\"breadcrumb\":{\"@id\":\"https:\\\/\\\/zesauro.com\\\/fr\\\/politique-de-qualite\\\/#breadcrumb\"},\"inLanguage\":\"fr-FR\",\"potentialAction\":[{\"@type\":\"ReadAction\",\"target\":[\"https:\\\/\\\/zesauro.com\\\/fr\\\/politique-de-qualite\\\/\"]}]},{\"@type\":\"ImageObject\",\"inLanguage\":\"fr-FR\",\"@id\":\"https:\\\/\\\/zesauro.com\\\/fr\\\/politique-de-qualite\\\/#primaryimage\",\"url\":\"https:\\\/\\\/zesauro.com\\\/wp-content\\\/uploads\\\/2018\\\/11\\\/Zesauro_icono_200x200-150x150.png\",\"contentUrl\":\"https:\\\/\\\/zesauro.com\\\/wp-content\\\/uploads\\\/2018\\\/11\\\/Zesauro_icono_200x200-150x150.png\"},{\"@type\":\"BreadcrumbList\",\"@id\":\"https:\\\/\\\/zesauro.com\\\/fr\\\/politique-de-qualite\\\/#breadcrumb\",\"itemListElement\":[{\"@type\":\"ListItem\",\"position\":1,\"name\":\"Portada\",\"item\":\"https:\\\/\\\/zesauro.com\\\/fr\\\/\"},{\"@type\":\"ListItem\",\"position\":2,\"name\":\"Politique de qualit\u00e9\"}]},{\"@type\":\"WebSite\",\"@id\":\"https:\\\/\\\/zesauro.com\\\/fr\\\/#website\",\"url\":\"https:\\\/\\\/zesauro.com\\\/fr\\\/\",\"name\":\"Zesauro Traducciones\",\"description\":\"Servicios de traducci\u00f3n e interpretaci\u00f3n\",\"publisher\":{\"@id\":\"https:\\\/\\\/zesauro.com\\\/fr\\\/#organization\"},\"potentialAction\":[{\"@type\":\"SearchAction\",\"target\":{\"@type\":\"EntryPoint\",\"urlTemplate\":\"https:\\\/\\\/zesauro.com\\\/fr\\\/?s={search_term_string}\"},\"query-input\":{\"@type\":\"PropertyValueSpecification\",\"valueRequired\":true,\"valueName\":\"search_term_string\"}}],\"inLanguage\":\"fr-FR\"},{\"@type\":\"Organization\",\"@id\":\"https:\\\/\\\/zesauro.com\\\/fr\\\/#organization\",\"name\":\"Zesauro Traducciones\",\"url\":\"https:\\\/\\\/zesauro.com\\\/fr\\\/\",\"logo\":{\"@type\":\"ImageObject\",\"inLanguage\":\"fr-FR\",\"@id\":\"https:\\\/\\\/zesauro.com\\\/fr\\\/#\\\/schema\\\/logo\\\/image\\\/\",\"url\":\"https:\\\/\\\/zesauro.com\\\/wp-content\\\/uploads\\\/2018\\\/11\\\/zesauro_logo_236x293.png\",\"contentUrl\":\"https:\\\/\\\/zesauro.com\\\/wp-content\\\/uploads\\\/2018\\\/11\\\/zesauro_logo_236x293.png\",\"width\":236,\"height\":293,\"caption\":\"Zesauro Traducciones\"},\"image\":{\"@id\":\"https:\\\/\\\/zesauro.com\\\/fr\\\/#\\\/schema\\\/logo\\\/image\\\/\"}}]}<\/script>\n<!-- \/ Yoast SEO plugin. -->","yoast_head_json":{"title":"Politique de qualit\u00e9 - Zesauro Traducciones","robots":{"index":"index","follow":"follow","max-snippet":"max-snippet:-1","max-image-preview":"max-image-preview:large","max-video-preview":"max-video-preview:-1"},"canonical":"https:\/\/zesauro.com\/fr\/politique-de-qualite\/","og_locale":"fr_FR","og_type":"article","og_title":"Politique de qualit\u00e9 - Zesauro Traducciones","og_description":"Politique de qualit\u00e9 et de s\u00e9curit\u00e9 de l\u2019information Notre syst\u00e8me de gestion de la qualit\u00e9 et de la s\u00e9curit\u00e9 de l\u2019information (ci-apr\u00e8s d\u00e9nomm\u00e9 [&hellip;]","og_url":"https:\/\/zesauro.com\/fr\/politique-de-qualite\/","og_site_name":"Zesauro Traducciones","article_modified_time":"2024-07-08T10:33:24+00:00","og_image":[{"url":"https:\/\/zesauro.com\/wp-content\/uploads\/2018\/11\/Zesauro_icono_200x200-150x150.png","type":"","width":"","height":""}],"twitter_card":"summary_large_image","twitter_misc":{"Dur\u00e9e de lecture estim\u00e9e":"3 minutes"},"schema":{"@context":"https:\/\/schema.org","@graph":[{"@type":"WebPage","@id":"https:\/\/zesauro.com\/fr\/politique-de-qualite\/","url":"https:\/\/zesauro.com\/fr\/politique-de-qualite\/","name":"Politique de qualit\u00e9 - Zesauro Traducciones","isPartOf":{"@id":"https:\/\/zesauro.com\/fr\/#website"},"primaryImageOfPage":{"@id":"https:\/\/zesauro.com\/fr\/politique-de-qualite\/#primaryimage"},"image":{"@id":"https:\/\/zesauro.com\/fr\/politique-de-qualite\/#primaryimage"},"thumbnailUrl":"https:\/\/zesauro.com\/wp-content\/uploads\/2018\/11\/Zesauro_icono_200x200-150x150.png","datePublished":"2019-05-17T11:14:36+00:00","dateModified":"2024-07-08T10:33:24+00:00","breadcrumb":{"@id":"https:\/\/zesauro.com\/fr\/politique-de-qualite\/#breadcrumb"},"inLanguage":"fr-FR","potentialAction":[{"@type":"ReadAction","target":["https:\/\/zesauro.com\/fr\/politique-de-qualite\/"]}]},{"@type":"ImageObject","inLanguage":"fr-FR","@id":"https:\/\/zesauro.com\/fr\/politique-de-qualite\/#primaryimage","url":"https:\/\/zesauro.com\/wp-content\/uploads\/2018\/11\/Zesauro_icono_200x200-150x150.png","contentUrl":"https:\/\/zesauro.com\/wp-content\/uploads\/2018\/11\/Zesauro_icono_200x200-150x150.png"},{"@type":"BreadcrumbList","@id":"https:\/\/zesauro.com\/fr\/politique-de-qualite\/#breadcrumb","itemListElement":[{"@type":"ListItem","position":1,"name":"Portada","item":"https:\/\/zesauro.com\/fr\/"},{"@type":"ListItem","position":2,"name":"Politique de qualit\u00e9"}]},{"@type":"WebSite","@id":"https:\/\/zesauro.com\/fr\/#website","url":"https:\/\/zesauro.com\/fr\/","name":"Zesauro Traducciones","description":"Servicios de traducci\u00f3n e interpretaci\u00f3n","publisher":{"@id":"https:\/\/zesauro.com\/fr\/#organization"},"potentialAction":[{"@type":"SearchAction","target":{"@type":"EntryPoint","urlTemplate":"https:\/\/zesauro.com\/fr\/?s={search_term_string}"},"query-input":{"@type":"PropertyValueSpecification","valueRequired":true,"valueName":"search_term_string"}}],"inLanguage":"fr-FR"},{"@type":"Organization","@id":"https:\/\/zesauro.com\/fr\/#organization","name":"Zesauro Traducciones","url":"https:\/\/zesauro.com\/fr\/","logo":{"@type":"ImageObject","inLanguage":"fr-FR","@id":"https:\/\/zesauro.com\/fr\/#\/schema\/logo\/image\/","url":"https:\/\/zesauro.com\/wp-content\/uploads\/2018\/11\/zesauro_logo_236x293.png","contentUrl":"https:\/\/zesauro.com\/wp-content\/uploads\/2018\/11\/zesauro_logo_236x293.png","width":236,"height":293,"caption":"Zesauro Traducciones"},"image":{"@id":"https:\/\/zesauro.com\/fr\/#\/schema\/logo\/image\/"}}]}},"_links":{"self":[{"href":"https:\/\/zesauro.com\/fr\/wp-json\/wp\/v2\/pages\/1938","targetHints":{"allow":["GET"]}}],"collection":[{"href":"https:\/\/zesauro.com\/fr\/wp-json\/wp\/v2\/pages"}],"about":[{"href":"https:\/\/zesauro.com\/fr\/wp-json\/wp\/v2\/types\/page"}],"author":[{"embeddable":true,"href":"https:\/\/zesauro.com\/fr\/wp-json\/wp\/v2\/users\/8"}],"replies":[{"embeddable":true,"href":"https:\/\/zesauro.com\/fr\/wp-json\/wp\/v2\/comments?post=1938"}],"version-history":[{"count":3,"href":"https:\/\/zesauro.com\/fr\/wp-json\/wp\/v2\/pages\/1938\/revisions"}],"predecessor-version":[{"id":7628,"href":"https:\/\/zesauro.com\/fr\/wp-json\/wp\/v2\/pages\/1938\/revisions\/7628"}],"wp:attachment":[{"href":"https:\/\/zesauro.com\/fr\/wp-json\/wp\/v2\/media?parent=1938"}],"curies":[{"name":"wp","href":"https:\/\/api.w.org\/{rel}","templated":true}]}}