{"id":1913,"date":"2019-05-16T11:27:54","date_gmt":"2019-05-16T11:27:54","guid":{"rendered":"https:\/\/zesauro.weeboodesign.com\/datenschutzerklarung\/"},"modified":"2019-06-18T19:10:58","modified_gmt":"2019-06-18T19:10:58","slug":"datenschutzerklarung","status":"publish","type":"page","link":"https:\/\/zesauro.com\/de\/datenschutzerklarung\/","title":{"rendered":"Datenschutzerkl\u00e4rung"},"content":{"rendered":"\t\t<div data-elementor-type=\"wp-post\" data-elementor-id=\"1913\" class=\"elementor elementor-1913 elementor-482\" data-elementor-post-type=\"page\">\n\t\t\t\t\t\t<section class=\"elementor-section elementor-top-section elementor-element elementor-element-17c43a66 elementor-section-boxed elementor-section-height-default elementor-section-height-default\" data-id=\"17c43a66\" data-element_type=\"section\" data-e-type=\"section\" id=\"home\" data-settings=\"{&quot;background_background&quot;:&quot;classic&quot;}\">\n\t\t\t\t\t\t\t<div class=\"elementor-background-overlay\"><\/div>\n\t\t\t\t\t\t\t<div class=\"elementor-container elementor-column-gap-default\">\n\t\t\t\t\t<div class=\"elementor-column elementor-col-100 elementor-top-column elementor-element elementor-element-a244143\" data-id=\"a244143\" data-element_type=\"column\" data-e-type=\"column\" data-settings=\"{&quot;background_background&quot;:&quot;classic&quot;}\">\n\t\t\t<div class=\"elementor-widget-wrap elementor-element-populated\">\n\t\t\t\t\t\t<div class=\"elementor-element elementor-element-6abdfae8 elementor-widget elementor-widget-image\" data-id=\"6abdfae8\" data-element_type=\"widget\" data-e-type=\"widget\" data-widget_type=\"image.default\">\n\t\t\t\t<div class=\"elementor-widget-container\">\n\t\t\t\t\t\t\t\t\t\t\t\t\t\t\t<img decoding=\"async\" width=\"150\" height=\"150\" src=\"https:\/\/zesauro.com\/wp-content\/uploads\/2018\/11\/Zesauro_icono_200x200-150x150.png\" class=\"attachment-thumbnail size-thumbnail wp-image-1077\" alt=\"\" srcset=\"https:\/\/zesauro.com\/wp-content\/uploads\/2018\/11\/Zesauro_icono_200x200-150x150.png 150w, https:\/\/zesauro.com\/wp-content\/uploads\/2018\/11\/Zesauro_icono_200x200.png 200w\" sizes=\"(max-width: 150px) 100vw, 150px\" \/>\t\t\t\t\t\t\t\t\t\t\t\t\t\t\t<\/div>\n\t\t\t\t<\/div>\n\t\t\t\t<div class=\"elementor-element elementor-element-19b54c89 elementor-widget elementor-widget-heading\" data-id=\"19b54c89\" data-element_type=\"widget\" data-e-type=\"widget\" data-widget_type=\"heading.default\">\n\t\t\t\t<div class=\"elementor-widget-container\">\n\t\t\t\t\t<h1 class=\"elementor-heading-title elementor-size-default\">Datenschutzerkl\u00e4rung<\/h1>\t\t\t\t<\/div>\n\t\t\t\t<\/div>\n\t\t\t\t<section class=\"elementor-section elementor-inner-section elementor-element elementor-element-94fe9e2 elementor-section-boxed elementor-section-height-default elementor-section-height-default\" data-id=\"94fe9e2\" data-element_type=\"section\" data-e-type=\"section\">\n\t\t\t\t\t\t<div class=\"elementor-container elementor-column-gap-default\">\n\t\t\t\t\t<div class=\"elementor-column elementor-col-33 elementor-inner-column elementor-element elementor-element-3ee700f3\" data-id=\"3ee700f3\" data-element_type=\"column\" data-e-type=\"column\">\n\t\t\t<div class=\"elementor-widget-wrap\">\n\t\t\t\t\t\t\t<\/div>\n\t\t<\/div>\n\t\t\t\t<div class=\"elementor-column elementor-col-33 elementor-inner-column elementor-element elementor-element-45b11a46\" data-id=\"45b11a46\" data-element_type=\"column\" data-e-type=\"column\">\n\t\t\t<div class=\"elementor-widget-wrap elementor-element-populated\">\n\t\t\t\t\t\t<div class=\"elementor-element elementor-element-200c0bd0 elementor-widget elementor-widget-text-editor\" data-id=\"200c0bd0\" data-element_type=\"widget\" data-e-type=\"widget\" data-widget_type=\"text-editor.default\">\n\t\t\t\t<div class=\"elementor-widget-container\">\n\t\t\t\t\t\t\t\t\t<p>Datenschutz ist f\u00fcr unsere Arbeit von grundlegender Bedeutung. Deshalb m\u00f6chten wir Sie genau dar\u00fcber informieren, wie wir Ihre personenbezogenen Daten erfassen und verwenden.<\/p>\n<p>Mit der Inanspruchnahme unserer Dienstleistungen oder der Zusendung Ihres Lebenslaufs akzeptieren Sie unsere Datenschutzerkl\u00e4rung \u2013 wir empfehlen Ihnen daher, sie sorgf\u00e4ltig durchzulesen.<\/p>\n<p>&nbsp;<\/p>\n<p><strong>Wer betreibt diese Website und ist f\u00fcr die \u00fcber sie erhobenen Daten verantwortlich?<\/strong><\/p>\n<p>Zesauro Traducciones, S.L. ist ein Unternehmen, das Sprachdienstleistungen im Bereich \u00dcbersetzen und Dolmetschen anbietet. Steuernummer: B-83230870; steuerlicher Sitz: Calle Orense, 25 \u2013 7\u00baA, E-28020 Madrid.<\/p>\n<p>Zesauro Traducciones ist Inhaber der Website www.zesauro.com (nachstehend die \u201eWebsite\u201c) und ist in dieser Eigenschaft f\u00fcr die Verarbeitung der \u00fcber diese Website erhobenen Daten verantwortlich. Das Unternehmen hat die notwendigen Ma\u00dfnahmen ergriffen, um die Richtlinien der aktuellen Gesetzgebung zum Schutz personenbezogener Daten, d. h. der Verordnung (EU) 2016\/679 vom 27. April 2016 zum Schutz nat\u00fcrlicher Personen bei der Verarbeitung personenbezogener Daten und zum freien Datenverkehr (DSGV) einzuhalten.<\/p>\n<p>&nbsp;<\/p>\n<p><strong>Zu welchem Zweck verwenden wir Ihre personenbezogenen Daten?<\/strong><\/p>\n<p>Wir von Zesauro Traducciones geben keine Daten an Dritte und f\u00fchren keine internationalen Daten\u00fcbertragungen zu kommerziellen Zwecken durch. Die pers\u00f6nlichen Daten, die Sie uns \u00fcber unsere IT-Systeme zur Verf\u00fcgung stellen, verwenden wir jedoch f\u00fcr die im Folgenden aufgef\u00fchrten Zwecke.<\/p>\n<ol>\n<li><strong>Mitarbeiterauswahlverfahren:<\/strong> Anhand Ihres Lebenslaufs analysieren wir Ihr Profil, um mit Ihnen eine Gesch\u00e4ftsbeziehung aufzunehmen oder fortzuf\u00fchren. Hierbei st\u00fctzen wir uns auf Ihre Zustimmung, die Sie uns durch das Senden Ihres Lebenslaufs erteilt haben. Sie sind jedoch berechtigt, der Verarbeitung Ihrer personenbezogenen Daten jederzeit und auf allen in der vorliegenden Richtlinie beschriebenen Wegen zu widersprechen. Ihre Daten speichern wir in unserer Datenbank auf unbestimmte Zeit bzw. so lange, bis Sie uns mitteilen, dass sie gel\u00f6scht werden sollen.<\/li>\n<li><strong>Gesch\u00e4ftsbeziehungen mit Kunden:<\/strong> Wir verwenden Ihre Daten, um auf Ihre Anfrage nach Informationen oder nach einem Angebot zu antworten und um Ihnen pers\u00f6nliche Dienstleistungsangebote unterbreiten zu k\u00f6nnen. Hierbei st\u00fctzen wir uns auf Ihre Einwilligung, die mit Ihrer Anfrage nach Informationen oder einem Angebot einhergeht. Ihre Daten speichern wir in unserer Datenbank auf unbestimmte Zeit bzw. so lange, bis Sie uns mitteilen, dass sie gel\u00f6scht werden sollen.<\/li>\n<li><strong>Kommentare im Blog<\/strong>: Wir verwenden Ihre Daten, um Ihre Kommentare zu Blogeintr\u00e4gen zu ver\u00f6ffentlichen.<\/li>\n<\/ol>\n<p>Es gibt jedoch einige externe Anbieter, die potenziell auf Ihre pers\u00f6nlichen Daten zugreifen k\u00f6nnen. Dies erfolgt jedoch nur im Rahmen der Anforderungen der Dienste, die wir f\u00fcr eine funktionierende Website und unsere internen Arbeitsabl\u00e4ufe ben\u00f6tigen. Alle an der Verarbeitung von Daten beteiligten Dienstleister sind ebenfalls verpflichtet, das Berufsgeheimnis zu wahren und die erforderlichen Schutzma\u00dfnahmen zur Sicherheit personenbezogener Daten zu ergreifen.<\/p>\n<p><strong>Cookies-Richtlinie:<\/strong> Unsere Cookies-Richtlinie informiert Sie \u00fcber die Cookies, die wir auf unserer Website verwenden. Beachten Sie bitte, dass die Interaktion mit anderen Anwendungen und sozialen Netzwerken im Internet durch die Datenschutzrichtlinien derjenigen Unternehmen geregelt wird, die den jeweiligen Dienst anbieten.<\/p>\n<p>&nbsp;<\/p>\n<p><strong>Welche Rechte k\u00f6nnen Sie in Bezug auf Ihre pers\u00f6nlichen Daten aus\u00fcben?<\/strong><\/p>\n<p>Wir von Zesauro Traducciones garantieren Ihnen das Recht auf Zugang, Berichtigung, L\u00f6schung, Auskunft und Widerspruch, Einschr\u00e4nkung und \u00dcbertragbarkeit unter den in der geltenden Gesetzgebung festgelegten Bedingungen. Diese Rechte k\u00f6nnen Sie in Anspruch nehmen, indem Sie eine ausdr\u00fcckliche Anfrage per E-Mail an zesauro@zesauro.com mit der Betreffzeile \u201eDatenschutzrechte\u201c senden. F\u00fcgen Sie bitte eine Kopie Ihres Personalausweises oder Ihres Reisepasses an.<\/p>\n<p>Weitere Informationen erhalten Sie auf der Website der spanischen Datenschutzbeh\u00f6rde www.agpd.es.<\/p>\n<p>Wenn Sie der Meinung sind, dass Ihre Rechte verletzt worden sind, k\u00f6nnen Sie eine schriftliche Beschwerde bei der spanischen Datenschutzbeh\u00f6rde (Calle Jorge Juan, 6 &#8211; ES-28001 Madrid) vorlegen oder \u00fcber die Website der Beh\u00f6rde (<a href=\"https:\/\/sedeagpd.gob.es\/\">https:\/\/sedeagpd.gob.es<\/a>) sie \u00fcberlassen. In beiden F\u00e4llen m\u00fcssen Sie eine Ausweis- oder Passkopie anf\u00fcgen.<\/p>\n<p>Zesauro Traducciones beh\u00e4lt sich das Recht vor, diese Richtlinie zu \u00e4ndern, um sie an neue Gesetze oder \u00c4nderungen in der Rechtsprechung anzupassen.<\/p>\n<p>Bei Fragen k\u00f6nnen Sie an zesauro@zesauro.com schreiben. Wir sind Ihnen gerne behilflich.<\/p>\n\t\t\t\t\t\t\t\t<\/div>\n\t\t\t\t<\/div>\n\t\t\t\t\t<\/div>\n\t\t<\/div>\n\t\t\t\t<div class=\"elementor-column elementor-col-33 elementor-inner-column elementor-element elementor-element-285d4c4e\" data-id=\"285d4c4e\" data-element_type=\"column\" data-e-type=\"column\">\n\t\t\t<div class=\"elementor-widget-wrap\">\n\t\t\t\t\t\t\t<\/div>\n\t\t<\/div>\n\t\t\t\t\t<\/div>\n\t\t<\/section>\n\t\t\t\t\t<\/div>\n\t\t<\/div>\n\t\t\t\t\t<\/div>\n\t\t<\/section>\n\t\t\t\t<\/div>\n\t\t","protected":false},"excerpt":{"rendered":"<p>Datenschutzerkl\u00e4rung Datenschutz ist f\u00fcr unsere Arbeit von grundlegender Bedeutung. Deshalb m\u00f6chten wir Sie genau dar\u00fcber informieren, wie wir Ihre personenbezogenen Daten erfassen und [&hellip;]<\/p>\n","protected":false},"author":8,"featured_media":0,"parent":0,"menu_order":0,"comment_status":"closed","ping_status":"closed","template":"","meta":{"_exactmetrics_skip_tracking":false,"_exactmetrics_sitenote_active":false,"_exactmetrics_sitenote_note":"","_exactmetrics_sitenote_category":0,"site-sidebar-layout":"no-sidebar","site-content-layout":"page-builder","ast-site-content-layout":"default","site-content-style":"default","site-sidebar-style":"default","ast-global-header-display":"","ast-banner-title-visibility":"","ast-main-header-display":"","ast-hfb-above-header-display":"","ast-hfb-below-header-display":"","ast-hfb-mobile-header-display":"","site-post-title":"disabled","ast-breadcrumbs-content":"","ast-featured-img":"disabled","footer-sml-layout":"","ast-disable-related-posts":"","theme-transparent-header-meta":"","adv-header-id-meta":"","stick-header-meta":"","header-above-stick-meta":"","header-main-stick-meta":"","header-below-stick-meta":"","astra-migrate-meta-layouts":"default","ast-page-background-enabled":"default","ast-page-background-meta":{"desktop":{"background-color":"","background-image":"","background-repeat":"repeat","background-position":"center center","background-size":"auto","background-attachment":"scroll","background-type":"","background-media":"","overlay-type":"","overlay-color":"","overlay-opacity":"","overlay-gradient":""},"tablet":{"background-color":"","background-image":"","background-repeat":"repeat","background-position":"center center","background-size":"auto","background-attachment":"scroll","background-type":"","background-media":"","overlay-type":"","overlay-color":"","overlay-opacity":"","overlay-gradient":""},"mobile":{"background-color":"","background-image":"","background-repeat":"repeat","background-position":"center center","background-size":"auto","background-attachment":"scroll","background-type":"","background-media":"","overlay-type":"","overlay-color":"","overlay-opacity":"","overlay-gradient":""}},"ast-content-background-meta":{"desktop":{"background-color":"var(--ast-global-color-5)","background-image":"","background-repeat":"repeat","background-position":"center center","background-size":"auto","background-attachment":"scroll","background-type":"","background-media":"","overlay-type":"","overlay-color":"","overlay-opacity":"","overlay-gradient":""},"tablet":{"background-color":"var(--ast-global-color-5)","background-image":"","background-repeat":"repeat","background-position":"center center","background-size":"auto","background-attachment":"scroll","background-type":"","background-media":"","overlay-type":"","overlay-color":"","overlay-opacity":"","overlay-gradient":""},"mobile":{"background-color":"var(--ast-global-color-5)","background-image":"","background-repeat":"repeat","background-position":"center center","background-size":"auto","background-attachment":"scroll","background-type":"","background-media":"","overlay-type":"","overlay-color":"","overlay-opacity":"","overlay-gradient":""}},"footnotes":""},"class_list":["post-1913","page","type-page","status-publish","hentry"],"yoast_head":"<!-- This site is optimized with the Yoast SEO plugin v27.4 - https:\/\/yoast.com\/product\/yoast-seo-wordpress\/ -->\n<title>Datenschutzerkl\u00e4rung - Zesauro Traducciones<\/title>\n<meta name=\"robots\" content=\"index, follow, max-snippet:-1, max-image-preview:large, max-video-preview:-1\" \/>\n<link rel=\"canonical\" href=\"https:\/\/zesauro.com\/de\/datenschutzerklarung\/\" \/>\n<meta property=\"og:locale\" content=\"de_DE\" \/>\n<meta property=\"og:type\" content=\"article\" \/>\n<meta property=\"og:title\" content=\"Datenschutzerkl\u00e4rung - Zesauro Traducciones\" \/>\n<meta property=\"og:description\" content=\"Datenschutzerkl\u00e4rung Datenschutz ist f\u00fcr unsere Arbeit von grundlegender Bedeutung. Deshalb m\u00f6chten wir Sie genau dar\u00fcber informieren, wie wir Ihre personenbezogenen Daten erfassen und [&hellip;]\" \/>\n<meta property=\"og:url\" content=\"https:\/\/zesauro.com\/de\/datenschutzerklarung\/\" \/>\n<meta property=\"og:site_name\" content=\"Zesauro Traducciones\" \/>\n<meta property=\"article:modified_time\" content=\"2019-06-18T19:10:58+00:00\" \/>\n<meta property=\"og:image\" content=\"https:\/\/zesauro.weeboodesign.com\/wp-content\/uploads\/2018\/11\/Zesauro_icono_200x200-150x150.png\" \/>\n<meta name=\"twitter:card\" content=\"summary_large_image\" \/>\n<meta name=\"twitter:label1\" content=\"Gesch\u00e4tzte Lesezeit\" \/>\n\t<meta name=\"twitter:data1\" content=\"3\u00a0Minuten\" \/>\n<script type=\"application\/ld+json\" class=\"yoast-schema-graph\">{\"@context\":\"https:\\\/\\\/schema.org\",\"@graph\":[{\"@type\":\"WebPage\",\"@id\":\"https:\\\/\\\/zesauro.com\\\/de\\\/datenschutzerklarung\\\/\",\"url\":\"https:\\\/\\\/zesauro.com\\\/de\\\/datenschutzerklarung\\\/\",\"name\":\"Datenschutzerkl\u00e4rung - Zesauro Traducciones\",\"isPartOf\":{\"@id\":\"https:\\\/\\\/zesauro.com\\\/de\\\/#website\"},\"primaryImageOfPage\":{\"@id\":\"https:\\\/\\\/zesauro.com\\\/de\\\/datenschutzerklarung\\\/#primaryimage\"},\"image\":{\"@id\":\"https:\\\/\\\/zesauro.com\\\/de\\\/datenschutzerklarung\\\/#primaryimage\"},\"thumbnailUrl\":\"https:\\\/\\\/zesauro.weeboodesign.com\\\/wp-content\\\/uploads\\\/2018\\\/11\\\/Zesauro_icono_200x200-150x150.png\",\"datePublished\":\"2019-05-16T11:27:54+00:00\",\"dateModified\":\"2019-06-18T19:10:58+00:00\",\"breadcrumb\":{\"@id\":\"https:\\\/\\\/zesauro.com\\\/de\\\/datenschutzerklarung\\\/#breadcrumb\"},\"inLanguage\":\"de\",\"potentialAction\":[{\"@type\":\"ReadAction\",\"target\":[\"https:\\\/\\\/zesauro.com\\\/de\\\/datenschutzerklarung\\\/\"]}]},{\"@type\":\"ImageObject\",\"inLanguage\":\"de\",\"@id\":\"https:\\\/\\\/zesauro.com\\\/de\\\/datenschutzerklarung\\\/#primaryimage\",\"url\":\"https:\\\/\\\/zesauro.weeboodesign.com\\\/wp-content\\\/uploads\\\/2018\\\/11\\\/Zesauro_icono_200x200-150x150.png\",\"contentUrl\":\"https:\\\/\\\/zesauro.weeboodesign.com\\\/wp-content\\\/uploads\\\/2018\\\/11\\\/Zesauro_icono_200x200-150x150.png\"},{\"@type\":\"BreadcrumbList\",\"@id\":\"https:\\\/\\\/zesauro.com\\\/de\\\/datenschutzerklarung\\\/#breadcrumb\",\"itemListElement\":[{\"@type\":\"ListItem\",\"position\":1,\"name\":\"Portada\",\"item\":\"https:\\\/\\\/zesauro.com\\\/de\\\/\"},{\"@type\":\"ListItem\",\"position\":2,\"name\":\"Datenschutzerkl\u00e4rung\"}]},{\"@type\":\"WebSite\",\"@id\":\"https:\\\/\\\/zesauro.com\\\/de\\\/#website\",\"url\":\"https:\\\/\\\/zesauro.com\\\/de\\\/\",\"name\":\"Zesauro Traducciones\",\"description\":\"Servicios de traducci\u00f3n e interpretaci\u00f3n\",\"publisher\":{\"@id\":\"https:\\\/\\\/zesauro.com\\\/de\\\/#organization\"},\"potentialAction\":[{\"@type\":\"SearchAction\",\"target\":{\"@type\":\"EntryPoint\",\"urlTemplate\":\"https:\\\/\\\/zesauro.com\\\/de\\\/?s={search_term_string}\"},\"query-input\":{\"@type\":\"PropertyValueSpecification\",\"valueRequired\":true,\"valueName\":\"search_term_string\"}}],\"inLanguage\":\"de\"},{\"@type\":\"Organization\",\"@id\":\"https:\\\/\\\/zesauro.com\\\/de\\\/#organization\",\"name\":\"Zesauro Traducciones\",\"url\":\"https:\\\/\\\/zesauro.com\\\/de\\\/\",\"logo\":{\"@type\":\"ImageObject\",\"inLanguage\":\"de\",\"@id\":\"https:\\\/\\\/zesauro.com\\\/de\\\/#\\\/schema\\\/logo\\\/image\\\/\",\"url\":\"https:\\\/\\\/zesauro.com\\\/wp-content\\\/uploads\\\/2018\\\/11\\\/zesauro_logo_236x293.png\",\"contentUrl\":\"https:\\\/\\\/zesauro.com\\\/wp-content\\\/uploads\\\/2018\\\/11\\\/zesauro_logo_236x293.png\",\"width\":236,\"height\":293,\"caption\":\"Zesauro Traducciones\"},\"image\":{\"@id\":\"https:\\\/\\\/zesauro.com\\\/de\\\/#\\\/schema\\\/logo\\\/image\\\/\"}}]}<\/script>\n<!-- \/ Yoast SEO plugin. -->","yoast_head_json":{"title":"Datenschutzerkl\u00e4rung - Zesauro Traducciones","robots":{"index":"index","follow":"follow","max-snippet":"max-snippet:-1","max-image-preview":"max-image-preview:large","max-video-preview":"max-video-preview:-1"},"canonical":"https:\/\/zesauro.com\/de\/datenschutzerklarung\/","og_locale":"de_DE","og_type":"article","og_title":"Datenschutzerkl\u00e4rung - Zesauro Traducciones","og_description":"Datenschutzerkl\u00e4rung Datenschutz ist f\u00fcr unsere Arbeit von grundlegender Bedeutung. Deshalb m\u00f6chten wir Sie genau dar\u00fcber informieren, wie wir Ihre personenbezogenen Daten erfassen und [&hellip;]","og_url":"https:\/\/zesauro.com\/de\/datenschutzerklarung\/","og_site_name":"Zesauro Traducciones","article_modified_time":"2019-06-18T19:10:58+00:00","og_image":[{"url":"https:\/\/zesauro.weeboodesign.com\/wp-content\/uploads\/2018\/11\/Zesauro_icono_200x200-150x150.png","type":"","width":"","height":""}],"twitter_card":"summary_large_image","twitter_misc":{"Gesch\u00e4tzte Lesezeit":"3\u00a0Minuten"},"schema":{"@context":"https:\/\/schema.org","@graph":[{"@type":"WebPage","@id":"https:\/\/zesauro.com\/de\/datenschutzerklarung\/","url":"https:\/\/zesauro.com\/de\/datenschutzerklarung\/","name":"Datenschutzerkl\u00e4rung - Zesauro Traducciones","isPartOf":{"@id":"https:\/\/zesauro.com\/de\/#website"},"primaryImageOfPage":{"@id":"https:\/\/zesauro.com\/de\/datenschutzerklarung\/#primaryimage"},"image":{"@id":"https:\/\/zesauro.com\/de\/datenschutzerklarung\/#primaryimage"},"thumbnailUrl":"https:\/\/zesauro.weeboodesign.com\/wp-content\/uploads\/2018\/11\/Zesauro_icono_200x200-150x150.png","datePublished":"2019-05-16T11:27:54+00:00","dateModified":"2019-06-18T19:10:58+00:00","breadcrumb":{"@id":"https:\/\/zesauro.com\/de\/datenschutzerklarung\/#breadcrumb"},"inLanguage":"de","potentialAction":[{"@type":"ReadAction","target":["https:\/\/zesauro.com\/de\/datenschutzerklarung\/"]}]},{"@type":"ImageObject","inLanguage":"de","@id":"https:\/\/zesauro.com\/de\/datenschutzerklarung\/#primaryimage","url":"https:\/\/zesauro.weeboodesign.com\/wp-content\/uploads\/2018\/11\/Zesauro_icono_200x200-150x150.png","contentUrl":"https:\/\/zesauro.weeboodesign.com\/wp-content\/uploads\/2018\/11\/Zesauro_icono_200x200-150x150.png"},{"@type":"BreadcrumbList","@id":"https:\/\/zesauro.com\/de\/datenschutzerklarung\/#breadcrumb","itemListElement":[{"@type":"ListItem","position":1,"name":"Portada","item":"https:\/\/zesauro.com\/de\/"},{"@type":"ListItem","position":2,"name":"Datenschutzerkl\u00e4rung"}]},{"@type":"WebSite","@id":"https:\/\/zesauro.com\/de\/#website","url":"https:\/\/zesauro.com\/de\/","name":"Zesauro Traducciones","description":"Servicios de traducci\u00f3n e interpretaci\u00f3n","publisher":{"@id":"https:\/\/zesauro.com\/de\/#organization"},"potentialAction":[{"@type":"SearchAction","target":{"@type":"EntryPoint","urlTemplate":"https:\/\/zesauro.com\/de\/?s={search_term_string}"},"query-input":{"@type":"PropertyValueSpecification","valueRequired":true,"valueName":"search_term_string"}}],"inLanguage":"de"},{"@type":"Organization","@id":"https:\/\/zesauro.com\/de\/#organization","name":"Zesauro Traducciones","url":"https:\/\/zesauro.com\/de\/","logo":{"@type":"ImageObject","inLanguage":"de","@id":"https:\/\/zesauro.com\/de\/#\/schema\/logo\/image\/","url":"https:\/\/zesauro.com\/wp-content\/uploads\/2018\/11\/zesauro_logo_236x293.png","contentUrl":"https:\/\/zesauro.com\/wp-content\/uploads\/2018\/11\/zesauro_logo_236x293.png","width":236,"height":293,"caption":"Zesauro Traducciones"},"image":{"@id":"https:\/\/zesauro.com\/de\/#\/schema\/logo\/image\/"}}]}},"_links":{"self":[{"href":"https:\/\/zesauro.com\/de\/wp-json\/wp\/v2\/pages\/1913","targetHints":{"allow":["GET"]}}],"collection":[{"href":"https:\/\/zesauro.com\/de\/wp-json\/wp\/v2\/pages"}],"about":[{"href":"https:\/\/zesauro.com\/de\/wp-json\/wp\/v2\/types\/page"}],"author":[{"embeddable":true,"href":"https:\/\/zesauro.com\/de\/wp-json\/wp\/v2\/users\/8"}],"replies":[{"embeddable":true,"href":"https:\/\/zesauro.com\/de\/wp-json\/wp\/v2\/comments?post=1913"}],"version-history":[{"count":2,"href":"https:\/\/zesauro.com\/de\/wp-json\/wp\/v2\/pages\/1913\/revisions"}],"predecessor-version":[{"id":2072,"href":"https:\/\/zesauro.com\/de\/wp-json\/wp\/v2\/pages\/1913\/revisions\/2072"}],"wp:attachment":[{"href":"https:\/\/zesauro.com\/de\/wp-json\/wp\/v2\/media?parent=1913"}],"curies":[{"name":"wp","href":"https:\/\/api.w.org\/{rel}","templated":true}]}}