{"id":1909,"date":"2019-05-16T11:25:14","date_gmt":"2019-05-16T11:25:14","guid":{"rendered":"https:\/\/zesauro.weeboodesign.com\/qualitatspolitik\/"},"modified":"2024-07-08T12:34:27","modified_gmt":"2024-07-08T10:34:27","slug":"qualitatspolitik","status":"publish","type":"page","link":"https:\/\/zesauro.com\/de\/qualitatspolitik\/","title":{"rendered":"Qualit\u00e4tspolitik"},"content":{"rendered":"\t\t<div data-elementor-type=\"wp-post\" data-elementor-id=\"1909\" class=\"elementor elementor-1909 elementor-449\" data-elementor-post-type=\"page\">\n\t\t\t\t\t\t<section class=\"elementor-section elementor-top-section elementor-element elementor-element-63501a8a elementor-section-boxed elementor-section-height-default elementor-section-height-default\" data-id=\"63501a8a\" data-element_type=\"section\" data-e-type=\"section\" id=\"home\" data-settings=\"{&quot;background_background&quot;:&quot;classic&quot;}\">\n\t\t\t\t\t\t\t<div class=\"elementor-background-overlay\"><\/div>\n\t\t\t\t\t\t\t<div class=\"elementor-container elementor-column-gap-default\">\n\t\t\t\t\t<div class=\"elementor-column elementor-col-100 elementor-top-column elementor-element elementor-element-4c3e2e44\" data-id=\"4c3e2e44\" data-element_type=\"column\" data-e-type=\"column\" data-settings=\"{&quot;background_background&quot;:&quot;classic&quot;}\">\n\t\t\t<div class=\"elementor-widget-wrap elementor-element-populated\">\n\t\t\t\t\t\t<div class=\"elementor-element elementor-element-346db15c elementor-widget elementor-widget-image\" data-id=\"346db15c\" data-element_type=\"widget\" data-e-type=\"widget\" data-widget_type=\"image.default\">\n\t\t\t\t<div class=\"elementor-widget-container\">\n\t\t\t\t\t\t\t\t\t\t\t\t\t\t\t<img decoding=\"async\" width=\"150\" height=\"150\" src=\"https:\/\/zesauro.com\/wp-content\/uploads\/2018\/11\/Zesauro_icono_200x200-150x150.png\" class=\"attachment-thumbnail size-thumbnail wp-image-1077\" alt=\"\" srcset=\"https:\/\/zesauro.com\/wp-content\/uploads\/2018\/11\/Zesauro_icono_200x200-150x150.png 150w, https:\/\/zesauro.com\/wp-content\/uploads\/2018\/11\/Zesauro_icono_200x200.png 200w\" sizes=\"(max-width: 150px) 100vw, 150px\" \/>\t\t\t\t\t\t\t\t\t\t\t\t\t\t\t<\/div>\n\t\t\t\t<\/div>\n\t\t\t\t<div class=\"elementor-element elementor-element-3c66d5a9 elementor-widget elementor-widget-heading\" data-id=\"3c66d5a9\" data-element_type=\"widget\" data-e-type=\"widget\" data-widget_type=\"heading.default\">\n\t\t\t\t<div class=\"elementor-widget-container\">\n\t\t\t\t\t<h1 class=\"elementor-heading-title elementor-size-default\">Qualit\u00e4ts- und Informationssicherheitspolitik<\/h1>\t\t\t\t<\/div>\n\t\t\t\t<\/div>\n\t\t\t\t<section class=\"elementor-section elementor-inner-section elementor-element elementor-element-824b777 elementor-section-boxed elementor-section-height-default elementor-section-height-default\" data-id=\"824b777\" data-element_type=\"section\" data-e-type=\"section\">\n\t\t\t\t\t\t<div class=\"elementor-container elementor-column-gap-default\">\n\t\t\t\t\t<div class=\"elementor-column elementor-col-33 elementor-inner-column elementor-element elementor-element-7fb17a52\" data-id=\"7fb17a52\" data-element_type=\"column\" data-e-type=\"column\">\n\t\t\t<div class=\"elementor-widget-wrap\">\n\t\t\t\t\t\t\t<\/div>\n\t\t<\/div>\n\t\t\t\t<div class=\"elementor-column elementor-col-33 elementor-inner-column elementor-element elementor-element-103968db\" data-id=\"103968db\" data-element_type=\"column\" data-e-type=\"column\">\n\t\t\t<div class=\"elementor-widget-wrap elementor-element-populated\">\n\t\t\t\t\t\t<div class=\"elementor-element elementor-element-6832e65 elementor-widget elementor-widget-text-editor\" data-id=\"6832e65\" data-element_type=\"widget\" data-e-type=\"widget\" data-widget_type=\"text-editor.default\">\n\t\t\t\t<div class=\"elementor-widget-container\">\n\t\t\t\t\t\t\t\t\t<p>Unser Managementsystem f\u00fcr Qualit\u00e4t und Informationssicherheit (im Folgenden: \u201eMQI\u201c) umfasst die Anforderungen der ISO-Normen\u00a09001, 17100 und 27001. Nachstehend sind die Verpflichtungen von ZESAURO aufgef\u00fchrt:<\/p><ul><li>Unsere Qualit\u00e4ts- und Informationssicherheitspolitik erfordert ein flexibles System, das nach dem Prinzip der <strong>kontinuierlichen Verbesserung<\/strong> st\u00e4ndig \u00fcberpr\u00fcft wird und nicht nur die Produktionsprozesse, sondern alle Aktivit\u00e4ten umfasst, die mit der Erf\u00fcllung der Anspr\u00fcche und Bed\u00fcrfnisse unserer Stakeholder zusammenh\u00e4ngen.<\/li><li>Unser MQI konzentriert sich auf risikobasiertes Denken, d.h. wir <strong>identifizieren Risiken<\/strong>, die sich auf unsere Managementprozesse auswirken k\u00f6nnen. Wir identifizieren aber auch <strong>Chancen<\/strong> f\u00fcr \u00c4nderungen oder Verbesserungen. Nach einer angemessenen Analyse dieser Risiken und Chancen wird den Zyklus PLANEN \u2013 UMSETZEN \u2013UBERPR\u00dcFEN \u2013 HANDELN umgesetzt.<\/li><li>Unser Qualit\u00e4tsmanagementsystem muss \u00fcber <strong>dokumentierte Informationen<\/strong> zu den in den Normen unseres Managementsystems geforderten Inhalten verf\u00fcgen, aber auch zu den Aspekten, die die Leitung des Unternehmens als relevant und spezifisch f\u00fcr die optimale Verwaltung des Systems betrachtet.<\/li><li>Die dokumentierten Informationen spiegeln die <strong>Prozesse<\/strong> wider, in denen die T\u00e4tigkeit des Unternehmens in \u00dcbereinstimmung mit den Anspr\u00fcchen unserer Kunden geplant wird, aber dar\u00fcber hinaus muss das MQI bewerten, ob diese Anforderungen erf\u00fcllt wurden. Zu diesem Zweck werden Ziele im Bereich Qualit\u00e4ts- und Informationssicherheit definiert und ihre Einhaltung \u00fcberwacht.<\/li><li>Das <strong>interne Personal<\/strong> von Zesauro spielt bei der Umsetzung dieser Qualit\u00e4tspolitik eine entscheidende Rolle. Die Zust\u00e4ndigkeiten dieses Personals werden genau \u00fcberwacht und seine Leistungen gemessen. Die Leitung des Unternehmens bem\u00fcht sich st\u00e4ndig um eine Verbesserung der Arbeitsbedingungen. Dar\u00fcber hinaus sollte das interne Personal in die Philosophie des Qualit\u00e4tsmanagements und der Informationssicherheit einbezogen werden, indem es auf Unregelm\u00e4\u00dfigkeiten oder M\u00e4ngel in den Abl\u00e4ufen achtet und Ideen und L\u00f6sungen f\u00fcr Probleme einbringt. Gefordert werden <strong>proaktive<\/strong> Leistungen und <strong>konstruktive Kritik.<\/strong><\/li><li>Die Ziele dieses MQI werden \u00fcberpr\u00fcft. Dar\u00fcber hinaus findet eine j\u00e4hrliche <strong>Bewertung<\/strong> statt, damit das System an die sich \u00e4ndernden Gegebenheiten des Unternehmens und des Marktes angepasst werden kann. Das MQI unterliegt au\u00dferdem <strong>Audits<\/strong>, mit deren Hilfe wir m\u00f6gliche Abweichungen oder M\u00e4ngel bez\u00fcglich unseres Ziels einer kontinuierlichen Verbesserung korrigieren und beheben k\u00f6nnen.<\/li><li>Wir von ZESAURO erf\u00fcllen im Rahmen des allgemeinen Ziels der Erf\u00fcllung der Anspr\u00fcche unserer Kunden jederzeit alle <strong>geltenden gesetzlichen und beh\u00f6rdlichen Anforderungen<\/strong>, die unsere unternehmerische T\u00e4tigkeit betreffen, sowohl in Bezug auf Qualit\u00e4t als auch auf Informationssicherheit.<\/li><\/ul><p>LETZTES UPDATE: Juli 2024.<\/p>\t\t\t\t\t\t\t\t<\/div>\n\t\t\t\t<\/div>\n\t\t\t\t\t<\/div>\n\t\t<\/div>\n\t\t\t\t<div class=\"elementor-column elementor-col-33 elementor-inner-column elementor-element elementor-element-5b449bb0\" data-id=\"5b449bb0\" data-element_type=\"column\" data-e-type=\"column\">\n\t\t\t<div class=\"elementor-widget-wrap\">\n\t\t\t\t\t\t\t<\/div>\n\t\t<\/div>\n\t\t\t\t\t<\/div>\n\t\t<\/section>\n\t\t\t\t\t<\/div>\n\t\t<\/div>\n\t\t\t\t\t<\/div>\n\t\t<\/section>\n\t\t\t\t<\/div>\n\t\t","protected":false},"excerpt":{"rendered":"<p>Qualit\u00e4ts- und Informationssicherheitspolitik Unser Managementsystem f\u00fcr Qualit\u00e4t und Informationssicherheit (im Folgenden: \u201eMQI\u201c) umfasst die Anforderungen der ISO-Normen\u00a09001, 17100 und 27001. Nachstehend sind die [&hellip;]<\/p>\n","protected":false},"author":8,"featured_media":0,"parent":0,"menu_order":0,"comment_status":"closed","ping_status":"closed","template":"","meta":{"_exactmetrics_skip_tracking":false,"_exactmetrics_sitenote_active":false,"_exactmetrics_sitenote_note":"","_exactmetrics_sitenote_category":0,"site-sidebar-layout":"no-sidebar","site-content-layout":"page-builder","ast-site-content-layout":"default","site-content-style":"default","site-sidebar-style":"default","ast-global-header-display":"","ast-banner-title-visibility":"","ast-main-header-display":"","ast-hfb-above-header-display":"","ast-hfb-below-header-display":"","ast-hfb-mobile-header-display":"","site-post-title":"disabled","ast-breadcrumbs-content":"","ast-featured-img":"disabled","footer-sml-layout":"","ast-disable-related-posts":"","theme-transparent-header-meta":"default","adv-header-id-meta":"","stick-header-meta":"default","header-above-stick-meta":"","header-main-stick-meta":"","header-below-stick-meta":"","astra-migrate-meta-layouts":"default","ast-page-background-enabled":"default","ast-page-background-meta":{"desktop":{"background-color":"","background-image":"","background-repeat":"repeat","background-position":"center center","background-size":"auto","background-attachment":"scroll","background-type":"","background-media":"","overlay-type":"","overlay-color":"","overlay-opacity":"","overlay-gradient":""},"tablet":{"background-color":"","background-image":"","background-repeat":"repeat","background-position":"center center","background-size":"auto","background-attachment":"scroll","background-type":"","background-media":"","overlay-type":"","overlay-color":"","overlay-opacity":"","overlay-gradient":""},"mobile":{"background-color":"","background-image":"","background-repeat":"repeat","background-position":"center center","background-size":"auto","background-attachment":"scroll","background-type":"","background-media":"","overlay-type":"","overlay-color":"","overlay-opacity":"","overlay-gradient":""}},"ast-content-background-meta":{"desktop":{"background-color":"var(--ast-global-color-5)","background-image":"","background-repeat":"repeat","background-position":"center center","background-size":"auto","background-attachment":"scroll","background-type":"","background-media":"","overlay-type":"","overlay-color":"","overlay-opacity":"","overlay-gradient":""},"tablet":{"background-color":"var(--ast-global-color-5)","background-image":"","background-repeat":"repeat","background-position":"center center","background-size":"auto","background-attachment":"scroll","background-type":"","background-media":"","overlay-type":"","overlay-color":"","overlay-opacity":"","overlay-gradient":""},"mobile":{"background-color":"var(--ast-global-color-5)","background-image":"","background-repeat":"repeat","background-position":"center center","background-size":"auto","background-attachment":"scroll","background-type":"","background-media":"","overlay-type":"","overlay-color":"","overlay-opacity":"","overlay-gradient":""}},"footnotes":""},"class_list":["post-1909","page","type-page","status-publish","hentry"],"yoast_head":"<!-- This site is optimized with the Yoast SEO plugin v27.4 - https:\/\/yoast.com\/product\/yoast-seo-wordpress\/ -->\n<title>Qualit\u00e4tspolitik - Zesauro Traducciones<\/title>\n<meta name=\"robots\" content=\"index, follow, max-snippet:-1, max-image-preview:large, max-video-preview:-1\" \/>\n<link rel=\"canonical\" href=\"https:\/\/zesauro.com\/de\/qualitatspolitik\/\" \/>\n<meta property=\"og:locale\" content=\"de_DE\" \/>\n<meta property=\"og:type\" content=\"article\" \/>\n<meta property=\"og:title\" content=\"Qualit\u00e4tspolitik - Zesauro Traducciones\" \/>\n<meta property=\"og:description\" content=\"Qualit\u00e4ts- und Informationssicherheitspolitik Unser Managementsystem f\u00fcr Qualit\u00e4t und Informationssicherheit (im Folgenden: \u201eMQI\u201c) umfasst die Anforderungen der ISO-Normen\u00a09001, 17100 und 27001. Nachstehend sind die [&hellip;]\" \/>\n<meta property=\"og:url\" content=\"https:\/\/zesauro.com\/de\/qualitatspolitik\/\" \/>\n<meta property=\"og:site_name\" content=\"Zesauro Traducciones\" \/>\n<meta property=\"article:modified_time\" content=\"2024-07-08T10:34:27+00:00\" \/>\n<meta property=\"og:image\" content=\"https:\/\/zesauro.com\/wp-content\/uploads\/2018\/11\/Zesauro_icono_200x200-150x150.png\" \/>\n<meta name=\"twitter:card\" content=\"summary_large_image\" \/>\n<meta name=\"twitter:label1\" content=\"Gesch\u00e4tzte Lesezeit\" \/>\n\t<meta name=\"twitter:data1\" content=\"3\u00a0Minuten\" \/>\n<script type=\"application\/ld+json\" class=\"yoast-schema-graph\">{\"@context\":\"https:\\\/\\\/schema.org\",\"@graph\":[{\"@type\":\"WebPage\",\"@id\":\"https:\\\/\\\/zesauro.com\\\/de\\\/qualitatspolitik\\\/\",\"url\":\"https:\\\/\\\/zesauro.com\\\/de\\\/qualitatspolitik\\\/\",\"name\":\"Qualit\u00e4tspolitik - Zesauro Traducciones\",\"isPartOf\":{\"@id\":\"https:\\\/\\\/zesauro.com\\\/de\\\/#website\"},\"primaryImageOfPage\":{\"@id\":\"https:\\\/\\\/zesauro.com\\\/de\\\/qualitatspolitik\\\/#primaryimage\"},\"image\":{\"@id\":\"https:\\\/\\\/zesauro.com\\\/de\\\/qualitatspolitik\\\/#primaryimage\"},\"thumbnailUrl\":\"https:\\\/\\\/zesauro.com\\\/wp-content\\\/uploads\\\/2018\\\/11\\\/Zesauro_icono_200x200-150x150.png\",\"datePublished\":\"2019-05-16T11:25:14+00:00\",\"dateModified\":\"2024-07-08T10:34:27+00:00\",\"breadcrumb\":{\"@id\":\"https:\\\/\\\/zesauro.com\\\/de\\\/qualitatspolitik\\\/#breadcrumb\"},\"inLanguage\":\"de\",\"potentialAction\":[{\"@type\":\"ReadAction\",\"target\":[\"https:\\\/\\\/zesauro.com\\\/de\\\/qualitatspolitik\\\/\"]}]},{\"@type\":\"ImageObject\",\"inLanguage\":\"de\",\"@id\":\"https:\\\/\\\/zesauro.com\\\/de\\\/qualitatspolitik\\\/#primaryimage\",\"url\":\"https:\\\/\\\/zesauro.com\\\/wp-content\\\/uploads\\\/2018\\\/11\\\/Zesauro_icono_200x200-150x150.png\",\"contentUrl\":\"https:\\\/\\\/zesauro.com\\\/wp-content\\\/uploads\\\/2018\\\/11\\\/Zesauro_icono_200x200-150x150.png\"},{\"@type\":\"BreadcrumbList\",\"@id\":\"https:\\\/\\\/zesauro.com\\\/de\\\/qualitatspolitik\\\/#breadcrumb\",\"itemListElement\":[{\"@type\":\"ListItem\",\"position\":1,\"name\":\"Portada\",\"item\":\"https:\\\/\\\/zesauro.com\\\/de\\\/\"},{\"@type\":\"ListItem\",\"position\":2,\"name\":\"Qualit\u00e4tspolitik\"}]},{\"@type\":\"WebSite\",\"@id\":\"https:\\\/\\\/zesauro.com\\\/de\\\/#website\",\"url\":\"https:\\\/\\\/zesauro.com\\\/de\\\/\",\"name\":\"Zesauro Traducciones\",\"description\":\"Servicios de traducci\u00f3n e interpretaci\u00f3n\",\"publisher\":{\"@id\":\"https:\\\/\\\/zesauro.com\\\/de\\\/#organization\"},\"potentialAction\":[{\"@type\":\"SearchAction\",\"target\":{\"@type\":\"EntryPoint\",\"urlTemplate\":\"https:\\\/\\\/zesauro.com\\\/de\\\/?s={search_term_string}\"},\"query-input\":{\"@type\":\"PropertyValueSpecification\",\"valueRequired\":true,\"valueName\":\"search_term_string\"}}],\"inLanguage\":\"de\"},{\"@type\":\"Organization\",\"@id\":\"https:\\\/\\\/zesauro.com\\\/de\\\/#organization\",\"name\":\"Zesauro Traducciones\",\"url\":\"https:\\\/\\\/zesauro.com\\\/de\\\/\",\"logo\":{\"@type\":\"ImageObject\",\"inLanguage\":\"de\",\"@id\":\"https:\\\/\\\/zesauro.com\\\/de\\\/#\\\/schema\\\/logo\\\/image\\\/\",\"url\":\"https:\\\/\\\/zesauro.com\\\/wp-content\\\/uploads\\\/2018\\\/11\\\/zesauro_logo_236x293.png\",\"contentUrl\":\"https:\\\/\\\/zesauro.com\\\/wp-content\\\/uploads\\\/2018\\\/11\\\/zesauro_logo_236x293.png\",\"width\":236,\"height\":293,\"caption\":\"Zesauro Traducciones\"},\"image\":{\"@id\":\"https:\\\/\\\/zesauro.com\\\/de\\\/#\\\/schema\\\/logo\\\/image\\\/\"}}]}<\/script>\n<!-- \/ Yoast SEO plugin. -->","yoast_head_json":{"title":"Qualit\u00e4tspolitik - Zesauro Traducciones","robots":{"index":"index","follow":"follow","max-snippet":"max-snippet:-1","max-image-preview":"max-image-preview:large","max-video-preview":"max-video-preview:-1"},"canonical":"https:\/\/zesauro.com\/de\/qualitatspolitik\/","og_locale":"de_DE","og_type":"article","og_title":"Qualit\u00e4tspolitik - Zesauro Traducciones","og_description":"Qualit\u00e4ts- und Informationssicherheitspolitik Unser Managementsystem f\u00fcr Qualit\u00e4t und Informationssicherheit (im Folgenden: \u201eMQI\u201c) umfasst die Anforderungen der ISO-Normen\u00a09001, 17100 und 27001. Nachstehend sind die [&hellip;]","og_url":"https:\/\/zesauro.com\/de\/qualitatspolitik\/","og_site_name":"Zesauro Traducciones","article_modified_time":"2024-07-08T10:34:27+00:00","og_image":[{"url":"https:\/\/zesauro.com\/wp-content\/uploads\/2018\/11\/Zesauro_icono_200x200-150x150.png","type":"","width":"","height":""}],"twitter_card":"summary_large_image","twitter_misc":{"Gesch\u00e4tzte Lesezeit":"3\u00a0Minuten"},"schema":{"@context":"https:\/\/schema.org","@graph":[{"@type":"WebPage","@id":"https:\/\/zesauro.com\/de\/qualitatspolitik\/","url":"https:\/\/zesauro.com\/de\/qualitatspolitik\/","name":"Qualit\u00e4tspolitik - Zesauro Traducciones","isPartOf":{"@id":"https:\/\/zesauro.com\/de\/#website"},"primaryImageOfPage":{"@id":"https:\/\/zesauro.com\/de\/qualitatspolitik\/#primaryimage"},"image":{"@id":"https:\/\/zesauro.com\/de\/qualitatspolitik\/#primaryimage"},"thumbnailUrl":"https:\/\/zesauro.com\/wp-content\/uploads\/2018\/11\/Zesauro_icono_200x200-150x150.png","datePublished":"2019-05-16T11:25:14+00:00","dateModified":"2024-07-08T10:34:27+00:00","breadcrumb":{"@id":"https:\/\/zesauro.com\/de\/qualitatspolitik\/#breadcrumb"},"inLanguage":"de","potentialAction":[{"@type":"ReadAction","target":["https:\/\/zesauro.com\/de\/qualitatspolitik\/"]}]},{"@type":"ImageObject","inLanguage":"de","@id":"https:\/\/zesauro.com\/de\/qualitatspolitik\/#primaryimage","url":"https:\/\/zesauro.com\/wp-content\/uploads\/2018\/11\/Zesauro_icono_200x200-150x150.png","contentUrl":"https:\/\/zesauro.com\/wp-content\/uploads\/2018\/11\/Zesauro_icono_200x200-150x150.png"},{"@type":"BreadcrumbList","@id":"https:\/\/zesauro.com\/de\/qualitatspolitik\/#breadcrumb","itemListElement":[{"@type":"ListItem","position":1,"name":"Portada","item":"https:\/\/zesauro.com\/de\/"},{"@type":"ListItem","position":2,"name":"Qualit\u00e4tspolitik"}]},{"@type":"WebSite","@id":"https:\/\/zesauro.com\/de\/#website","url":"https:\/\/zesauro.com\/de\/","name":"Zesauro Traducciones","description":"Servicios de traducci\u00f3n e interpretaci\u00f3n","publisher":{"@id":"https:\/\/zesauro.com\/de\/#organization"},"potentialAction":[{"@type":"SearchAction","target":{"@type":"EntryPoint","urlTemplate":"https:\/\/zesauro.com\/de\/?s={search_term_string}"},"query-input":{"@type":"PropertyValueSpecification","valueRequired":true,"valueName":"search_term_string"}}],"inLanguage":"de"},{"@type":"Organization","@id":"https:\/\/zesauro.com\/de\/#organization","name":"Zesauro Traducciones","url":"https:\/\/zesauro.com\/de\/","logo":{"@type":"ImageObject","inLanguage":"de","@id":"https:\/\/zesauro.com\/de\/#\/schema\/logo\/image\/","url":"https:\/\/zesauro.com\/wp-content\/uploads\/2018\/11\/zesauro_logo_236x293.png","contentUrl":"https:\/\/zesauro.com\/wp-content\/uploads\/2018\/11\/zesauro_logo_236x293.png","width":236,"height":293,"caption":"Zesauro Traducciones"},"image":{"@id":"https:\/\/zesauro.com\/de\/#\/schema\/logo\/image\/"}}]}},"_links":{"self":[{"href":"https:\/\/zesauro.com\/de\/wp-json\/wp\/v2\/pages\/1909","targetHints":{"allow":["GET"]}}],"collection":[{"href":"https:\/\/zesauro.com\/de\/wp-json\/wp\/v2\/pages"}],"about":[{"href":"https:\/\/zesauro.com\/de\/wp-json\/wp\/v2\/types\/page"}],"author":[{"embeddable":true,"href":"https:\/\/zesauro.com\/de\/wp-json\/wp\/v2\/users\/8"}],"replies":[{"embeddable":true,"href":"https:\/\/zesauro.com\/de\/wp-json\/wp\/v2\/comments?post=1909"}],"version-history":[{"count":3,"href":"https:\/\/zesauro.com\/de\/wp-json\/wp\/v2\/pages\/1909\/revisions"}],"predecessor-version":[{"id":7631,"href":"https:\/\/zesauro.com\/de\/wp-json\/wp\/v2\/pages\/1909\/revisions\/7631"}],"wp:attachment":[{"href":"https:\/\/zesauro.com\/de\/wp-json\/wp\/v2\/media?parent=1909"}],"curies":[{"name":"wp","href":"https:\/\/api.w.org\/{rel}","templated":true}]}}